{"id":641684,"date":"2026-01-23T01:52:24","date_gmt":"2026-01-23T06:52:24","guid":{"rendered":"https:\/\/influencesport.ca\/?post_type=product&#038;p=641684"},"modified":"2026-03-22T14:04:29","modified_gmt":"2026-03-22T18:04:29","slug":"adidas-predator-elite-ft-ag-2","status":"publish","type":"product","link":"https:\/\/influencesport.ca\/en\/produit\/adidas-predator-elite-ft-ag-2\/","title":{"rendered":"Adidas Predator Elite FT AG"},"content":{"rendered":"","protected":false},"excerpt":{"rendered":"<p><strong>D\u00e9tails sur le produit : KI6296<\/strong><\/p>\n<p>Lib\u00e9rez votre potentiel sur le terrain avec les chaussures de football Predator League \u00e0 languette repliable pour terrain synth\u00e9tique. Con\u00e7ues pour les joueurs qui osent dominer, ces chaussures combinent des technologies innovantes pour vous donner l&#8217;avantage devant le but. Gr\u00e2ce \u00e0 la technologie Nanostrike+, elles repensent l&#8217;\u00e9quilibre entre maintien et adh\u00e9rence, en associant un mesh innovant pour une douceur absolue et une l\u00e9g\u00e8ret\u00e9 incomparable, \u00e0 des \u00e9l\u00e9ments en caoutchouc int\u00e9gr\u00e9s pour une pr\u00e9cision de frappe optimale sur terrain sec comme sur terrain humide. La technologie embl\u00e9matique Predator Powerspine assure une stabilit\u00e9 optimale du m\u00e9dio-pied pour des frappes plus puissantes, tandis que le Strikeframe offre une traction optimale dans les moments cruciaux devant le but. Fabriqu\u00e9es en Primeknit, ces chaussures enveloppent votre pied de confort et favorisent son expansion naturelle pendant le jeu. Que vous jouiez sur gazon synth\u00e9tique ou que vous repoussiez vos limites, ces chaussures adidas sont con\u00e7ues pour vous aider \u00e0 atteindre vos objectifs et \u00e0 donner le meilleur de vous-m\u00eame.<\/p>\n","protected":false},"featured_media":641792,"template":"","meta":{"_et_pb_use_builder":"","_et_pb_old_content":"","_et_gb_content_width":""},"product_brand":[],"product_cat":[17,16],"product_tag":[],"class_list":{"0":"post-641684","1":"product","2":"type-product","3":"status-publish","4":"has-post-thumbnail","6":"product_cat-crampons","7":"product_cat-souliers-soccer","9":"first","10":"instock","11":"featured","12":"taxable","13":"shipping-taxable","14":"purchasable","15":"product-type-variable"},"tiered_pricing_type":"fixed","tiered_pricing_fixed_rules":[],"tiered_pricing_product_settings":{"layout":"default","base_unit_name":{"singular":null,"plural":null},"default_variation":null},"tiered_pricing_minimum_quantity":null,"tiered_pricing_roles_data":[],"tiered_pricing_percentage_rules":[],"_links":{"self":[{"href":"https:\/\/influencesport.ca\/en\/wp-json\/wp\/v2\/product\/641684","targetHints":{"allow":["GET"]}}],"collection":[{"href":"https:\/\/influencesport.ca\/en\/wp-json\/wp\/v2\/product"}],"about":[{"href":"https:\/\/influencesport.ca\/en\/wp-json\/wp\/v2\/types\/product"}],"wp:featuredmedia":[{"embeddable":true,"href":"https:\/\/influencesport.ca\/en\/wp-json\/wp\/v2\/media\/641792"}],"wp:attachment":[{"href":"https:\/\/influencesport.ca\/en\/wp-json\/wp\/v2\/media?parent=641684"}],"wp:term":[{"taxonomy":"product_brand","embeddable":true,"href":"https:\/\/influencesport.ca\/en\/wp-json\/wp\/v2\/product_brand?post=641684"},{"taxonomy":"product_cat","embeddable":true,"href":"https:\/\/influencesport.ca\/en\/wp-json\/wp\/v2\/product_cat?post=641684"},{"taxonomy":"product_tag","embeddable":true,"href":"https:\/\/influencesport.ca\/en\/wp-json\/wp\/v2\/product_tag?post=641684"}],"curies":[{"name":"wp","href":"https:\/\/api.w.org\/{rel}","templated":true}]}}