{"id":641634,"date":"2026-01-23T01:50:52","date_gmt":"2026-01-23T06:50:52","guid":{"rendered":"https:\/\/influencesport.ca\/?post_type=product&#038;p=641634"},"modified":"2026-01-23T16:10:02","modified_gmt":"2026-01-23T21:10:02","slug":"adidas-predator-elite-fg-8","status":"publish","type":"product","link":"https:\/\/influencesport.ca\/en\/produit\/adidas-predator-elite-fg-8\/","title":{"rendered":"Adidas Predator Elite FG"},"content":{"rendered":"","protected":false},"excerpt":{"rendered":"<p><strong>D\u00e9tails sur le produit : JS0429<\/strong><\/p>\n<p>Con\u00e7ues pour les joueurs de pr\u00e9cision, les chaussures de football Predator Elite pour terrain ferme sont pens\u00e9es pour r\u00e9v\u00e9ler votre potentiel. Elles allient contr\u00f4le, confort et puissance gr\u00e2ce \u00e0 la technologie adidas de pointe. D\u00e9couvrez la synergie in\u00e9dite entre maintien et adh\u00e9rence gr\u00e2ce \u00e0 la technologie Nanostrike+, qui combine souplesse, l\u00e9g\u00e8ret\u00e9 et \u00e9l\u00e9ments de caoutchouc int\u00e9gr\u00e9s pour une pr\u00e9cision de frappe optimale par temps sec comme par temps humide. Ressentez la diff\u00e9rence apport\u00e9e par la technologie Primeknit qui enveloppe vos pieds d&#8217;un confort exceptionnel. Son \u00e9lasticit\u00e9 et sa durabilit\u00e9 permettent \u00e0 la mati\u00e8re de s&#8217;adapter \u00e0 la forme de vos pieds, vous offrant agilit\u00e9 et maintien tout au long du match. La technologie embl\u00e9matique PowerSpine assure une stabilit\u00e9 optimale au niveau du m\u00e9dio-pied, renfor\u00e7ant ainsi votre frappe. En soutenant la semelle \u00e0 l&#8217;impact, elle contribue \u00e0 transmettre la puissance directement au ballon pour une pr\u00e9cision et une puissance accrues. Con\u00e7ues pour la performance dans toutes les conditions climatiques, ces chaussures vous permettent de dominer le terrain. Avec adidas, prenez le contr\u00f4le de chaque instant gr\u00e2ce \u00e0 un confort adaptatif, une adh\u00e9rence exceptionnelle et une puissance durable.<\/p>\n","protected":false},"featured_media":641825,"template":"","meta":{"_et_pb_use_builder":"","_et_pb_old_content":"","_et_gb_content_width":""},"product_brand":[],"product_cat":[17,16],"product_tag":[],"class_list":{"0":"post-641634","1":"product","2":"type-product","3":"status-publish","4":"has-post-thumbnail","6":"product_cat-crampons","7":"product_cat-souliers-soccer","9":"first","10":"instock","11":"featured","12":"taxable","13":"shipping-taxable","14":"purchasable","15":"product-type-variable"},"tiered_pricing_type":"fixed","tiered_pricing_fixed_rules":[],"tiered_pricing_product_settings":{"layout":"default","base_unit_name":{"singular":null,"plural":null},"default_variation":null},"tiered_pricing_minimum_quantity":null,"tiered_pricing_roles_data":[],"tiered_pricing_percentage_rules":[],"_links":{"self":[{"href":"https:\/\/influencesport.ca\/en\/wp-json\/wp\/v2\/product\/641634","targetHints":{"allow":["GET"]}}],"collection":[{"href":"https:\/\/influencesport.ca\/en\/wp-json\/wp\/v2\/product"}],"about":[{"href":"https:\/\/influencesport.ca\/en\/wp-json\/wp\/v2\/types\/product"}],"wp:featuredmedia":[{"embeddable":true,"href":"https:\/\/influencesport.ca\/en\/wp-json\/wp\/v2\/media\/641825"}],"wp:attachment":[{"href":"https:\/\/influencesport.ca\/en\/wp-json\/wp\/v2\/media?parent=641634"}],"wp:term":[{"taxonomy":"product_brand","embeddable":true,"href":"https:\/\/influencesport.ca\/en\/wp-json\/wp\/v2\/product_brand?post=641634"},{"taxonomy":"product_cat","embeddable":true,"href":"https:\/\/influencesport.ca\/en\/wp-json\/wp\/v2\/product_cat?post=641634"},{"taxonomy":"product_tag","embeddable":true,"href":"https:\/\/influencesport.ca\/en\/wp-json\/wp\/v2\/product_tag?post=641634"}],"curies":[{"name":"wp","href":"https:\/\/api.w.org\/{rel}","templated":true}]}}