{"id":641572,"date":"2026-01-23T01:49:03","date_gmt":"2026-01-23T06:49:03","guid":{"rendered":"https:\/\/influencesport.ca\/?post_type=product&#038;p=641572"},"modified":"2026-04-19T12:20:09","modified_gmt":"2026-04-19T16:20:09","slug":"adidas-predator-club-ft-fg-mg","status":"publish","type":"product","link":"https:\/\/influencesport.ca\/en\/produit\/adidas-predator-club-ft-fg-mg\/","title":{"rendered":"Adidas Predator Club FT FG\/MG"},"content":{"rendered":"","protected":false},"excerpt":{"rendered":"<p><strong>D\u00e9tails sur le produit : JS0346<\/strong><\/p>\n<p>Joue en toute confiance avec la chaussure de football Predator Club Fold-Over Terrain souple \/ Multi-surface. Elle a \u00e9t\u00e9 cr\u00e9\u00e9e pour les joueurs modernes qui exigent pr\u00e9cision et ma\u00eetrise. Con\u00e7ue avec la technologie Nanostrike, elle combine une tige en maille innovante offrant plus de souplesse et de l\u00e9g\u00e8ret\u00e9 avec un rev\u00eatement haptique int\u00e9gr\u00e9. Elle offre une meilleure adh\u00e9rence et une pr\u00e9cision de frappe \u00e0 chaque coup. La technologie PowerSpine assure une stabilit\u00e9 au milieu du pied qui renforce ton coup. En soutenant la semelle lors de l&#8217;impact, elle aide \u00e0 canaliser la puissance directement \u00e0 travers la balle pour une meilleure pr\u00e9cision et une meilleure conduite. Cette chaussure adidas est faite pour les joueurs qui appr\u00e9cient la pr\u00e9cision et le confort \u00e0 parts \u00e9gales. Chaque mouvement semble naturel, chaque frappe plus assur\u00e9e.<\/p>\n","protected":false},"featured_media":641891,"template":"","meta":{"_et_pb_use_builder":"","_et_pb_old_content":"","_et_gb_content_width":""},"product_brand":[],"product_cat":[17,16],"product_tag":[],"class_list":{"0":"post-641572","1":"product","2":"type-product","3":"status-publish","4":"has-post-thumbnail","6":"product_cat-crampons","7":"product_cat-souliers-soccer","9":"first","10":"instock","11":"featured","12":"taxable","13":"shipping-taxable","14":"purchasable","15":"product-type-variable"},"tiered_pricing_type":"fixed","tiered_pricing_fixed_rules":[],"tiered_pricing_product_settings":{"layout":"default","base_unit_name":{"singular":null,"plural":null},"default_variation":null},"tiered_pricing_minimum_quantity":null,"tiered_pricing_roles_data":[],"tiered_pricing_percentage_rules":[],"_links":{"self":[{"href":"https:\/\/influencesport.ca\/en\/wp-json\/wp\/v2\/product\/641572","targetHints":{"allow":["GET"]}}],"collection":[{"href":"https:\/\/influencesport.ca\/en\/wp-json\/wp\/v2\/product"}],"about":[{"href":"https:\/\/influencesport.ca\/en\/wp-json\/wp\/v2\/types\/product"}],"wp:featuredmedia":[{"embeddable":true,"href":"https:\/\/influencesport.ca\/en\/wp-json\/wp\/v2\/media\/641891"}],"wp:attachment":[{"href":"https:\/\/influencesport.ca\/en\/wp-json\/wp\/v2\/media?parent=641572"}],"wp:term":[{"taxonomy":"product_brand","embeddable":true,"href":"https:\/\/influencesport.ca\/en\/wp-json\/wp\/v2\/product_brand?post=641572"},{"taxonomy":"product_cat","embeddable":true,"href":"https:\/\/influencesport.ca\/en\/wp-json\/wp\/v2\/product_cat?post=641572"},{"taxonomy":"product_tag","embeddable":true,"href":"https:\/\/influencesport.ca\/en\/wp-json\/wp\/v2\/product_tag?post=641572"}],"curies":[{"name":"wp","href":"https:\/\/api.w.org\/{rel}","templated":true}]}}