{"id":641558,"date":"2026-01-23T01:48:39","date_gmt":"2026-01-23T06:48:39","guid":{"rendered":"https:\/\/influencesport.ca\/?post_type=product&#038;p=641558"},"modified":"2026-04-21T13:02:13","modified_gmt":"2026-04-21T17:02:13","slug":"adidas-f50-club-fg-mg-3","status":"publish","type":"product","link":"https:\/\/influencesport.ca\/en\/produit\/adidas-f50-club-fg-mg-3\/","title":{"rendered":"Adidas F50 Club FG\/MG"},"content":{"rendered":"","protected":false},"excerpt":{"rendered":"<p><strong>D\u00e9tails sur le produit : JR9053<\/strong><\/p>\n<p>Les crampons F50 Club pour terrains fermes\/multi-terrains m\u00e9ritent des actions audacieuses sur le terrain. Con\u00e7us pour offrir maintien et pr\u00e9cision, ils garantissent des performances optimales \u00e0 chaque foul\u00e9e. L&#8217;empeigne Fiberskin est dot\u00e9e de lignes 3D strat\u00e9giquement plac\u00e9es qui am\u00e9liorent le toucher de balle et procurent une sensation de l\u00e9g\u00e8ret\u00e9. Les joueurs appr\u00e9cieront leur agilit\u00e9, qui leur permet de se d\u00e9placer avec moins de frottements sur le terrain. La technologie Sprintgrid ajoute un imprim\u00e9 2D au niveau du garde-boue, inspir\u00e9 des mod\u00e8les haut de gamme. Alliant esth\u00e9tique performante et durabilit\u00e9 pour un jeu en toute confiance, vous aurez l&#8217;air aussi rapide que vous vous sentez. La languette flottante synth\u00e9tique est perfor\u00e9e pour une meilleure a\u00e9ration et un confort accru. D\u00e9sormais, vous pouvez donner le meilleur de vous-m\u00eame \u00e0 chaque match, vos pieds restant au frais du d\u00e9but \u00e0 la fin. adidas a peaufin\u00e9 chaque d\u00e9tail de ces crampons pour un contr\u00f4le et un confort optimaux, permettant aux joueurs de se concentrer pleinement sur leurs performances. Con\u00e7us pour ceux qui aiment le rythme effr\u00e9n\u00e9 du terrain, ils insufflent de l&#8217;\u00e9nergie \u00e0 chaque rencontre.<\/p>\n","protected":false},"featured_media":641903,"template":"","meta":{"_et_pb_use_builder":"","_et_pb_old_content":"","_et_gb_content_width":""},"product_brand":[],"product_cat":[17,16],"product_tag":[],"class_list":{"0":"post-641558","1":"product","2":"type-product","3":"status-publish","4":"has-post-thumbnail","6":"product_cat-crampons","7":"product_cat-souliers-soccer","9":"first","10":"instock","11":"featured","12":"taxable","13":"shipping-taxable","14":"purchasable","15":"product-type-variable"},"tiered_pricing_type":"fixed","tiered_pricing_fixed_rules":[],"tiered_pricing_product_settings":{"layout":"default","base_unit_name":{"singular":null,"plural":null},"default_variation":null},"tiered_pricing_minimum_quantity":null,"tiered_pricing_roles_data":[],"tiered_pricing_percentage_rules":[],"_links":{"self":[{"href":"https:\/\/influencesport.ca\/en\/wp-json\/wp\/v2\/product\/641558","targetHints":{"allow":["GET"]}}],"collection":[{"href":"https:\/\/influencesport.ca\/en\/wp-json\/wp\/v2\/product"}],"about":[{"href":"https:\/\/influencesport.ca\/en\/wp-json\/wp\/v2\/types\/product"}],"wp:featuredmedia":[{"embeddable":true,"href":"https:\/\/influencesport.ca\/en\/wp-json\/wp\/v2\/media\/641903"}],"wp:attachment":[{"href":"https:\/\/influencesport.ca\/en\/wp-json\/wp\/v2\/media?parent=641558"}],"wp:term":[{"taxonomy":"product_brand","embeddable":true,"href":"https:\/\/influencesport.ca\/en\/wp-json\/wp\/v2\/product_brand?post=641558"},{"taxonomy":"product_cat","embeddable":true,"href":"https:\/\/influencesport.ca\/en\/wp-json\/wp\/v2\/product_cat?post=641558"},{"taxonomy":"product_tag","embeddable":true,"href":"https:\/\/influencesport.ca\/en\/wp-json\/wp\/v2\/product_tag?post=641558"}],"curies":[{"name":"wp","href":"https:\/\/api.w.org\/{rel}","templated":true}]}}