{"id":641546,"date":"2026-01-23T01:48:17","date_gmt":"2026-01-23T06:48:17","guid":{"rendered":"https:\/\/influencesport.ca\/?post_type=product&#038;p=641546"},"modified":"2026-04-03T13:00:00","modified_gmt":"2026-04-03T17:00:00","slug":"adidas-f50-league-fg-mg-j-6","status":"publish","type":"product","link":"https:\/\/influencesport.ca\/en\/produit\/adidas-f50-league-fg-mg-j-6\/","title":{"rendered":"Adidas F50 League FG\/MG J"},"content":{"rendered":"","protected":false},"excerpt":{"rendered":"<p><strong>D\u00e9tails sur le produit : JR9014<\/strong><\/p>\n<p>Les chaussures de football F50 League pour terrains fermes et multi-surfaces sont con\u00e7ues pour les jeunes joueurs pr\u00eats \u00e0 briller sur le terrain. Avec un design revisit\u00e9 sur la tige, ces chaussures allient style et vitesse. La tige Fiberskin favorise le contr\u00f4le du ballon, tandis que la languette flottante assure confort et respirabilit\u00e9. La technologie Sprintplate 360 \u200b\u200boffre une semelle ext\u00e9rieure compos\u00e9e de crampons lamellaires et semi-coniques, pour une vitesse et une agilit\u00e9 optimales. Ces chaussures sont con\u00e7ues pour suivre le rythme du jeu sur toutes les surfaces. adidas repousse sans cesse les limites de la performance et du style, permettant aux jeunes joueurs d&#8217;exprimer leur confiance et leur talent sur le terrain.<\/p>\n","protected":false},"featured_media":641918,"template":"","meta":{"_et_pb_use_builder":"","_et_pb_old_content":"","_et_gb_content_width":""},"product_brand":[],"product_cat":[17,16],"product_tag":[],"class_list":{"0":"post-641546","1":"product","2":"type-product","3":"status-publish","4":"has-post-thumbnail","6":"product_cat-crampons","7":"product_cat-souliers-soccer","9":"first","10":"instock","11":"featured","12":"taxable","13":"shipping-taxable","14":"purchasable","15":"product-type-variable"},"tiered_pricing_type":"fixed","tiered_pricing_fixed_rules":[],"tiered_pricing_product_settings":{"layout":"default","base_unit_name":{"singular":null,"plural":null},"default_variation":null},"tiered_pricing_minimum_quantity":null,"tiered_pricing_roles_data":[],"tiered_pricing_percentage_rules":[],"_links":{"self":[{"href":"https:\/\/influencesport.ca\/en\/wp-json\/wp\/v2\/product\/641546","targetHints":{"allow":["GET"]}}],"collection":[{"href":"https:\/\/influencesport.ca\/en\/wp-json\/wp\/v2\/product"}],"about":[{"href":"https:\/\/influencesport.ca\/en\/wp-json\/wp\/v2\/types\/product"}],"wp:featuredmedia":[{"embeddable":true,"href":"https:\/\/influencesport.ca\/en\/wp-json\/wp\/v2\/media\/641918"}],"wp:attachment":[{"href":"https:\/\/influencesport.ca\/en\/wp-json\/wp\/v2\/media?parent=641546"}],"wp:term":[{"taxonomy":"product_brand","embeddable":true,"href":"https:\/\/influencesport.ca\/en\/wp-json\/wp\/v2\/product_brand?post=641546"},{"taxonomy":"product_cat","embeddable":true,"href":"https:\/\/influencesport.ca\/en\/wp-json\/wp\/v2\/product_cat?post=641546"},{"taxonomy":"product_tag","embeddable":true,"href":"https:\/\/influencesport.ca\/en\/wp-json\/wp\/v2\/product_tag?post=641546"}],"curies":[{"name":"wp","href":"https:\/\/api.w.org\/{rel}","templated":true}]}}