{"id":641534,"date":"2026-01-23T01:47:56","date_gmt":"2026-01-23T06:47:56","guid":{"rendered":"https:\/\/influencesport.ca\/?post_type=product&#038;p=641534"},"modified":"2026-04-03T13:41:35","modified_gmt":"2026-04-03T17:41:35","slug":"adidas-f50-league-fg-mg-10","status":"publish","type":"product","link":"https:\/\/influencesport.ca\/en\/produit\/adidas-f50-league-fg-mg-10\/","title":{"rendered":"Adidas F50 League FG\/MG"},"content":{"rendered":"","protected":false},"excerpt":{"rendered":"<p><strong>D\u00e9tails sur le produit : JR8995<\/strong><\/p>\n<p>Con\u00e7ues pour les joueuses en qu\u00eate de vitesse et de pr\u00e9cision, les chaussures de football F50 League pour terrains fermes et multi-terrains sont pens\u00e9es pour exceller sur le terrain. L&#8217;empeigne Fiberskin, avec ses lignes 3D strat\u00e9giquement plac\u00e9es, am\u00e9liore le toucher de balle pour des passes et des tirs pr\u00e9cis. La technologie Sprintgrid apporte une touche d&#8217;originalit\u00e9, tandis que la languette Tunnel Tongue assure un maintien optimal. Les crampons lamellaires et semi-coniques de la semelle ext\u00e9rieure Sprintplate 360 \u200b\u200boffrent agilit\u00e9 et adh\u00e9rence dans toutes les directions. Ces chaussures adidas allient vitesse et confort, quelle que soit la surface de jeu.<\/p>\n","protected":false},"featured_media":641931,"template":"","meta":{"_et_pb_use_builder":"","_et_pb_old_content":"","_et_gb_content_width":""},"product_brand":[],"product_cat":[17,16],"product_tag":[],"class_list":{"0":"post-641534","1":"product","2":"type-product","3":"status-publish","4":"has-post-thumbnail","6":"product_cat-crampons","7":"product_cat-souliers-soccer","9":"first","10":"instock","11":"featured","12":"taxable","13":"shipping-taxable","14":"purchasable","15":"product-type-variable"},"tiered_pricing_type":"fixed","tiered_pricing_fixed_rules":[],"tiered_pricing_product_settings":{"layout":"default","base_unit_name":{"singular":null,"plural":null},"default_variation":null},"tiered_pricing_minimum_quantity":null,"tiered_pricing_roles_data":[],"tiered_pricing_percentage_rules":[],"_links":{"self":[{"href":"https:\/\/influencesport.ca\/en\/wp-json\/wp\/v2\/product\/641534","targetHints":{"allow":["GET"]}}],"collection":[{"href":"https:\/\/influencesport.ca\/en\/wp-json\/wp\/v2\/product"}],"about":[{"href":"https:\/\/influencesport.ca\/en\/wp-json\/wp\/v2\/types\/product"}],"wp:featuredmedia":[{"embeddable":true,"href":"https:\/\/influencesport.ca\/en\/wp-json\/wp\/v2\/media\/641931"}],"wp:attachment":[{"href":"https:\/\/influencesport.ca\/en\/wp-json\/wp\/v2\/media?parent=641534"}],"wp:term":[{"taxonomy":"product_brand","embeddable":true,"href":"https:\/\/influencesport.ca\/en\/wp-json\/wp\/v2\/product_brand?post=641534"},{"taxonomy":"product_cat","embeddable":true,"href":"https:\/\/influencesport.ca\/en\/wp-json\/wp\/v2\/product_cat?post=641534"},{"taxonomy":"product_tag","embeddable":true,"href":"https:\/\/influencesport.ca\/en\/wp-json\/wp\/v2\/product_tag?post=641534"}],"curies":[{"name":"wp","href":"https:\/\/api.w.org\/{rel}","templated":true}]}}