{"id":641523,"date":"2026-01-23T01:47:37","date_gmt":"2026-01-23T06:47:37","guid":{"rendered":"https:\/\/influencesport.ca\/?post_type=product&#038;p=641523"},"modified":"2026-03-28T16:32:13","modified_gmt":"2026-03-28T20:32:13","slug":"adidas-f50-elite-ag-3","status":"publish","type":"product","link":"https:\/\/influencesport.ca\/en\/produit\/adidas-f50-elite-ag-3\/","title":{"rendered":"Adidas F50 Elite AG"},"content":{"rendered":"","protected":false},"excerpt":{"rendered":"<p><strong>D\u00e9tails sur le produit : JR6464<\/strong><\/p>\n<p>Les chaussures de football F50 Elite Artificial Ground ont \u00e9t\u00e9 pens\u00e9es pour toutes les personnes qui adorent repousser leurs limites. Sur le terrain, elles offrent performance et confort. Imagin\u00e9e pour offrir une vitesse et des performances qui red\u00e9finissent les r\u00e8gles du jeu, cette paire de chaussures va r\u00e9solument devenir ton alli\u00e9 le plus pr\u00e9cieux pendant les matchs et les s\u00e9ances d\u2019entra\u00eenement. Elle est dot\u00e9e d\u2019une tige Fibertouch offrant un soutien l\u00e9ger et un amorti l\u00e0 o\u00f9 tu en as le plus besoin. La languette tunnel \u00e0 effet de compression, appuy\u00e9e par des renforts en TPU, est judicieusement plac\u00e9e pour bien maintenir tes pieds et t\u2019offrir un confort au top. Profite d\u2019un contact fiable avec le ballon gr\u00e2ce \u00e0 la texture haute d\u00e9finition en 3D Sprintweb. Tu vas pouvoir dribbler \u00e0 grande vitesse avec une aisance inou\u00efe\u00a0! Dot\u00e9es d\u2019une semelle ext\u00e9rieure AG Traxion Frame con\u00e7ue pour la traction et la vitesse sur les surfaces en gazon synth\u00e9tique, ces chaussures sont en outre \u00e9quip\u00e9es de crampons coniques qui favorisent l\u2019accroche. Enfin, nous avons ajout\u00e9 un point pivot Traxion \u00e0 360\u00a0degr\u00e9s pour des mouvements fluides dans toutes les directions. adidas te propose une paire de chaussures qui m\u00eale avec brio h\u00e9ritage et innovation, pour que tu puisses faire preuve de pr\u00e9cision et de ma\u00eetrise. Enfile ces chaussures styl\u00e9es et d\u00e9couvre la qualit\u00e9 d\u2019adidas \u00e0 chaque frappe.<\/p>\n","protected":false},"featured_media":641946,"template":"","meta":{"_et_pb_use_builder":"","_et_pb_old_content":"","_et_gb_content_width":""},"product_brand":[],"product_cat":[17,16],"product_tag":[],"class_list":{"0":"post-641523","1":"product","2":"type-product","3":"status-publish","4":"has-post-thumbnail","6":"product_cat-crampons","7":"product_cat-souliers-soccer","9":"first","10":"instock","11":"featured","12":"taxable","13":"shipping-taxable","14":"purchasable","15":"product-type-variable"},"tiered_pricing_type":"fixed","tiered_pricing_fixed_rules":[],"tiered_pricing_product_settings":{"layout":"default","base_unit_name":{"singular":null,"plural":null},"default_variation":null},"tiered_pricing_minimum_quantity":null,"tiered_pricing_roles_data":[],"tiered_pricing_percentage_rules":[],"_links":{"self":[{"href":"https:\/\/influencesport.ca\/en\/wp-json\/wp\/v2\/product\/641523","targetHints":{"allow":["GET"]}}],"collection":[{"href":"https:\/\/influencesport.ca\/en\/wp-json\/wp\/v2\/product"}],"about":[{"href":"https:\/\/influencesport.ca\/en\/wp-json\/wp\/v2\/types\/product"}],"wp:featuredmedia":[{"embeddable":true,"href":"https:\/\/influencesport.ca\/en\/wp-json\/wp\/v2\/media\/641946"}],"wp:attachment":[{"href":"https:\/\/influencesport.ca\/en\/wp-json\/wp\/v2\/media?parent=641523"}],"wp:term":[{"taxonomy":"product_brand","embeddable":true,"href":"https:\/\/influencesport.ca\/en\/wp-json\/wp\/v2\/product_brand?post=641523"},{"taxonomy":"product_cat","embeddable":true,"href":"https:\/\/influencesport.ca\/en\/wp-json\/wp\/v2\/product_cat?post=641523"},{"taxonomy":"product_tag","embeddable":true,"href":"https:\/\/influencesport.ca\/en\/wp-json\/wp\/v2\/product_tag?post=641523"}],"curies":[{"name":"wp","href":"https:\/\/api.w.org\/{rel}","templated":true}]}}