{"id":641515,"date":"2026-01-23T01:47:23","date_gmt":"2026-01-23T06:47:23","guid":{"rendered":"https:\/\/influencesport.ca\/?post_type=product&#038;p=641515"},"modified":"2026-04-04T13:19:36","modified_gmt":"2026-04-04T17:19:36","slug":"adidas-f50-elite-ll-fg-6","status":"publish","type":"product","link":"https:\/\/influencesport.ca\/en\/produit\/adidas-f50-elite-ll-fg-6\/","title":{"rendered":"Adidas F50 Elite LL FG"},"content":{"rendered":"","protected":false},"excerpt":{"rendered":"<p><strong>D\u00e9tails sur le produit : JR6460<\/strong><\/p>\n<p>Les chaussures de football F50 Elite sans lacets pour terrain ferme red\u00e9finissent la vitesse et la pr\u00e9cision. Con\u00e7ues pour celles et ceux qui osent repousser les limites, elles offrent confort et style pour vous permettre de vous concentrer pleinement sur votre performance. Profitez d&#8217;un ajustement polyvalent et dynamique, ainsi que d&#8217;un confort optimal gr\u00e2ce au col Primeknit. L&#8217;empeigne l\u00e9g\u00e8re Fibertouch offre maintien et amorti l\u00e0 o\u00f9 vous en avez le plus besoin, tandis que la texture 3D haute d\u00e9finition Sprintweb est con\u00e7ue pour un contact optimal avec le ballon, notamment lors des dribbles \u00e0 grande vitesse. La semelle ext\u00e9rieure Sprintframe 360, avec sa structure anatomique et son contrefort de talon externe, assure une acc\u00e9l\u00e9ration et une vitesse exceptionnelles. Con\u00e7ues pour les terrains fermes, elles offrent une traction fiable pour tous vos d\u00e9placements. Elles int\u00e8grent un renfort au niveau du m\u00e9dio-pied et une combinaison de crampons lamellaires et semi-coniques pour une acc\u00e9l\u00e9ration et une vitesse maximales. \u00c0 chaque frappe, d\u00e9couvrez les innovations r\u00e9volutionnaires de ces chaussures de football adidas, orn\u00e9es du logo embl\u00e9matique de la marque.<\/p>\n","protected":false},"featured_media":641959,"template":"","meta":{"_et_pb_use_builder":"","_et_pb_old_content":"","_et_gb_content_width":""},"product_brand":[],"product_cat":[17,16],"product_tag":[],"class_list":{"0":"post-641515","1":"product","2":"type-product","3":"status-publish","4":"has-post-thumbnail","6":"product_cat-crampons","7":"product_cat-souliers-soccer","9":"first","10":"instock","11":"featured","12":"taxable","13":"shipping-taxable","14":"purchasable","15":"product-type-variable"},"tiered_pricing_type":"fixed","tiered_pricing_fixed_rules":[],"tiered_pricing_product_settings":{"layout":"default","base_unit_name":{"singular":null,"plural":null},"default_variation":null},"tiered_pricing_minimum_quantity":null,"tiered_pricing_roles_data":[],"tiered_pricing_percentage_rules":[],"_links":{"self":[{"href":"https:\/\/influencesport.ca\/en\/wp-json\/wp\/v2\/product\/641515","targetHints":{"allow":["GET"]}}],"collection":[{"href":"https:\/\/influencesport.ca\/en\/wp-json\/wp\/v2\/product"}],"about":[{"href":"https:\/\/influencesport.ca\/en\/wp-json\/wp\/v2\/types\/product"}],"wp:featuredmedia":[{"embeddable":true,"href":"https:\/\/influencesport.ca\/en\/wp-json\/wp\/v2\/media\/641959"}],"wp:attachment":[{"href":"https:\/\/influencesport.ca\/en\/wp-json\/wp\/v2\/media?parent=641515"}],"wp:term":[{"taxonomy":"product_brand","embeddable":true,"href":"https:\/\/influencesport.ca\/en\/wp-json\/wp\/v2\/product_brand?post=641515"},{"taxonomy":"product_cat","embeddable":true,"href":"https:\/\/influencesport.ca\/en\/wp-json\/wp\/v2\/product_cat?post=641515"},{"taxonomy":"product_tag","embeddable":true,"href":"https:\/\/influencesport.ca\/en\/wp-json\/wp\/v2\/product_tag?post=641515"}],"curies":[{"name":"wp","href":"https:\/\/api.w.org\/{rel}","templated":true}]}}