{"id":641483,"date":"2026-01-23T01:46:28","date_gmt":"2026-01-23T06:46:28","guid":{"rendered":"https:\/\/influencesport.ca\/?post_type=product&#038;p=641483"},"modified":"2026-02-15T14:02:09","modified_gmt":"2026-02-15T19:02:09","slug":"adidas-predator-elite-ft-ag-3","status":"publish","type":"product","link":"https:\/\/influencesport.ca\/en\/produit\/adidas-predator-elite-ft-ag-3\/","title":{"rendered":"Adidas Predator Elite FT AG"},"content":{"rendered":"","protected":false},"excerpt":{"rendered":"<p><strong>D\u00e9tails sur le produit : JR5899<\/strong><\/p>\n<div class=\"page-content_gallery-section__W3YGD\">\n<ol class=\"breadcrumbs_breadcrumbs__Vhuhj breadcrumbs_desktop__w6neP\" data-auto-id=\"breadcrumbs-desktop\">\n<li class=\"breadcrumbs_breadcrumb_item__j2e_Y breadcrumbs_hidden-mobile__4pMz7\"><a id=\"breadcrumb-back\" class=\"stripes_v7_gl-link stripes_v7_gl-link__main-medium-regular--onlight breadcrumbs_back__m5fup\"><\/a><span class=\"back__text\"><span dir=\"auto\">Dos<\/span><\/span><\/li>\n<li class=\"breadcrumbs_breadcrumb_item__j2e_Y\"><a class=\"gl-link\" href=\"https:\/\/www.adidas.ca\/en\"><span dir=\"auto\">Maison<\/span><\/a><\/li>\n<li class=\"breadcrumbs_breadcrumb_item__j2e_Y\"><span class=\"breadcrumbs_separator__Pauvb\"><span dir=\"auto\">\/<\/span><\/span><a class=\"gl-link\" href=\"https:\/\/www.adidas.ca\/en\/soccer\"><span class=\"breadcrumbs_path-item__pg0vf\"><span dir=\"auto\">Football<\/span><\/span><\/a><\/li>\n<li class=\"breadcrumbs_breadcrumb_item__j2e_Y\"><span class=\"breadcrumbs_separator__Pauvb\"><span dir=\"auto\">\/<\/span><\/span><a class=\"gl-link\" href=\"https:\/\/www.adidas.ca\/en\/soccer-shoes\"><span class=\"breadcrumbs_path-item__pg0vf\"><span dir=\"auto\">Chaussures<\/span><\/span><\/a><\/li>\n<\/ol>\n<div id=\"navigation-target-gallery\">\n<section class=\"image-grid_image-grid__LXFgt\" data-auto-id=\"image-grid\">\n<div id=\"pdp-gallery-desktop-grid-container\" class=\"image-grid_image-grid__container__r4zA1\" data-expanded=\"false\">\n<div class=\"image-grid_view-cell-container__HmXgk\">\n<div class=\"image-viewer_view__9F64z image-grid_view__KogS3 view_fullscreen-zoom\" data-auto-id=\"image-viewer__view\">\n<div class=\"desktop-zoom_desktop-zoom--hover__zDVgg\" role=\"presentation\" data-auto-id=\"pdp__image-viewer__desktop-zoom\" data-testid=\"pdp__image-viewer__desktop-zoom\">\n<div class=\"desktop-zoom_content__qj_J5\" data-auto-id=\"pdp__image-viewer__desktop-zoom__content\" data-testid=\"pdp__image-viewer__desktop-zoom__content\"><\/div>\n<\/div>\n<\/div>\n<\/div>\n<div class=\"image-grid_view-cell-container__HmXgk\">\n<div class=\"image-viewer_view__9F64z image-grid_view__KogS3 view_fullscreen-zoom\" data-auto-id=\"image-viewer__view\">\n<div class=\"desktop-zoom_desktop-zoom--hover__zDVgg\" role=\"presentation\" data-auto-id=\"pdp__image-viewer__desktop-zoom\" data-testid=\"pdp__image-viewer__desktop-zoom\">\n<div class=\"desktop-zoom_content__qj_J5\" data-auto-id=\"pdp__image-viewer__desktop-zoom__content\" data-testid=\"pdp__image-viewer__desktop-zoom__content\"><\/div>\n<\/div>\n<\/div>\n<\/div>\n<div class=\"image-grid_view-cell-container__HmXgk\">\n<div class=\"image-viewer_view__9F64z image-grid_view__KogS3 view_fullscreen-zoom\" data-auto-id=\"image-viewer__view\">\n<div class=\"desktop-zoom_desktop-zoom--hover__zDVgg\" role=\"presentation\" data-auto-id=\"pdp__image-viewer__desktop-zoom\" data-testid=\"pdp__image-viewer__desktop-zoom\">\n<div class=\"desktop-zoom_content__qj_J5\" data-auto-id=\"pdp__image-viewer__desktop-zoom__content\" data-testid=\"pdp__image-viewer__desktop-zoom__content\"><\/div>\n<\/div>\n<\/div>\n<\/div>\n<div class=\"image-grid_view-cell-container__HmXgk\">\n<div class=\"image-viewer_view__9F64z image-grid_view__KogS3 view_fullscreen-zoom\" data-auto-id=\"image-viewer__view\">\n<div class=\"desktop-zoom_desktop-zoom--hover__zDVgg\" role=\"presentation\" data-auto-id=\"pdp__image-viewer__desktop-zoom\" data-testid=\"pdp__image-viewer__desktop-zoom\">\n<div class=\"desktop-zoom_content__qj_J5\" data-auto-id=\"pdp__image-viewer__desktop-zoom__content\" data-testid=\"pdp__image-viewer__desktop-zoom__content\"><\/div>\n<\/div>\n<\/div>\n<\/div>\n<div class=\"image-grid_view-cell-container__HmXgk\">\n<div class=\"image-viewer_view__9F64z image-grid_view__KogS3 view_fullscreen-zoom\" data-auto-id=\"image-viewer__view\">\n<div class=\"image-grid_fullscreen-zoom__deferred-view__8ubr4\">\n<div class=\"desktop-zoom_desktop-zoom--hover__zDVgg\" role=\"presentation\" data-auto-id=\"pdp__image-viewer__desktop-zoom\" data-testid=\"pdp__image-viewer__desktop-zoom\">\n<div class=\"desktop-zoom_content__qj_J5\" data-auto-id=\"pdp__image-viewer__desktop-zoom__content\" data-testid=\"pdp__image-viewer__desktop-zoom__content\"><\/div>\n<\/div>\n<\/div>\n<\/div>\n<\/div>\n<div class=\"image-grid_view-cell-container__HmXgk\">\n<div class=\"image-viewer_view__9F64z image-grid_view__KogS3 view_fullscreen-zoom\" data-auto-id=\"image-viewer__view\">\n<div class=\"image-grid_fullscreen-zoom__deferred-view__8ubr4\">\n<div class=\"desktop-zoom_desktop-zoom--hover__zDVgg\" role=\"presentation\" data-auto-id=\"pdp__image-viewer__desktop-zoom\" data-testid=\"pdp__image-viewer__desktop-zoom\">\n<div class=\"desktop-zoom_content__qj_J5\" data-auto-id=\"pdp__image-viewer__desktop-zoom__content\" data-testid=\"pdp__image-viewer__desktop-zoom__content\"><\/div>\n<\/div>\n<\/div>\n<\/div>\n<\/div>\n<div class=\"image-grid_view-cell-container__HmXgk\">\n<div class=\"image-viewer_view__9F64z image-grid_view__KogS3 view_fullscreen-zoom\" data-auto-id=\"image-viewer__view\">\n<div class=\"image-grid_fullscreen-zoom__deferred-view__8ubr4\">\n<div class=\"desktop-zoom_desktop-zoom--hover__zDVgg\" role=\"presentation\" data-auto-id=\"pdp__image-viewer__desktop-zoom\" data-testid=\"pdp__image-viewer__desktop-zoom\">\n<div class=\"desktop-zoom_content__qj_J5\" data-auto-id=\"pdp__image-viewer__desktop-zoom__content\" data-testid=\"pdp__image-viewer__desktop-zoom__content\"><\/div>\n<\/div>\n<\/div>\n<\/div>\n<\/div>\n<div class=\"image-grid_view-cell-container__HmXgk\">\n<div class=\"image-viewer_view__9F64z image-grid_view__KogS3 view_fullscreen-zoom\" data-auto-id=\"image-viewer__view\">\n<div class=\"image-grid_fullscreen-zoom__deferred-view__8ubr4\">\n<div class=\"desktop-zoom_desktop-zoom--hover__zDVgg\" role=\"presentation\" data-auto-id=\"pdp__image-viewer__desktop-zoom\" data-testid=\"pdp__image-viewer__desktop-zoom\">\n<div class=\"desktop-zoom_content__qj_J5\" data-auto-id=\"pdp__image-viewer__desktop-zoom__content\" data-testid=\"pdp__image-viewer__desktop-zoom__content\"><\/div>\n<\/div>\n<\/div>\n<\/div>\n<\/div>\n<div class=\"image-grid_view-cell-container__HmXgk\">\n<div class=\"image-viewer_view__9F64z image-grid_view__KogS3 view_fullscreen-zoom\" data-auto-id=\"image-viewer__view\">\n<div class=\"image-grid_fullscreen-zoom__deferred-view__8ubr4\">\n<div class=\"desktop-zoom_desktop-zoom--hover__zDVgg\" role=\"presentation\" data-auto-id=\"pdp__image-viewer__desktop-zoom\" data-testid=\"pdp__image-viewer__desktop-zoom\">\n<div class=\"desktop-zoom_content__qj_J5\" data-auto-id=\"pdp__image-viewer__desktop-zoom__content\" data-testid=\"pdp__image-viewer__desktop-zoom__content\"><\/div>\n<\/div>\n<\/div>\n<\/div>\n<\/div>\n<div class=\"image-grid_view-cell-container__HmXgk\">\n<div class=\"image-viewer_view__9F64z image-grid_view__KogS3 view_fullscreen-zoom\" data-auto-id=\"image-viewer__view\">\n<div class=\"image-grid_fullscreen-zoom__deferred-view__8ubr4\">\n<div class=\"desktop-zoom_desktop-zoom--hover__zDVgg\" role=\"presentation\" data-auto-id=\"pdp__image-viewer__desktop-zoom\" data-testid=\"pdp__image-viewer__desktop-zoom\">\n<div class=\"desktop-zoom_content__qj_J5\" data-auto-id=\"pdp__image-viewer__desktop-zoom__content\" data-testid=\"pdp__image-viewer__desktop-zoom__content\"><\/div>\n<\/div>\n<\/div>\n<\/div>\n<\/div>\n<div class=\"image-grid_view-cell-container__HmXgk image-grid_last-item-span__7UqUw\">\n<div class=\"image-viewer_view__9F64z image-grid_view__KogS3 view_fullscreen-zoom\" data-auto-id=\"image-viewer__view\">\n<div class=\"image-grid_fullscreen-zoom__deferred-view__8ubr4\">\n<div class=\"desktop-zoom_desktop-zoom--hover__zDVgg\" role=\"presentation\" data-auto-id=\"pdp__image-viewer__desktop-zoom\" data-testid=\"pdp__image-viewer__desktop-zoom\">\n<div class=\"desktop-zoom_content__qj_J5\" data-auto-id=\"pdp__image-viewer__desktop-zoom__content\" data-testid=\"pdp__image-viewer__desktop-zoom__content\"><\/div>\n<\/div>\n<\/div>\n<\/div>\n<\/div>\n<\/div>\n<\/section>\n<\/div>\n<\/div>\n<div id=\"fixed-content\" class=\"page-content_fixed-width-content__qaj__ page-content_separator__vhtT7\">\n<hr class=\"page-content_separator__vhtT7\" \/>\n<section class=\"content-item-wrapper_content-item__P0KpS content-item-wrapper_full-width-never__MKa4h content-item-wrapper_overflow__Vp1OU visible content-item-wrapper_non-accordion___LSrG\">\n<div id=\"navigation-target-features\">\n<section>\n<ul class=\"features-section_features-section__xGwtc features-section_two-columns__8lfvA\" aria-label=\"Caract\u00e9ristiques\">\n<li class=\"features-section_item__iC_LN\">\n<div class=\"features-section_feature-icon-wrapper__z2nGc\"><img decoding=\"async\" class=\"features-section_feature-icon__XWm7c\" role=\"img\" src=\"https:\/\/brand.assets.adidas.com\/image\/upload\/valor_player_level_advanced_d49de46204.png\" alt=\"Niveau du joueur\" aria-label=\"Niveau du joueur\" \/><\/p>\n<div class=\"features-section_feature-icon-text-wrapper__D7_Ul\">\n<p class=\"features-section_feature-icon-text__P39_W\" data-auto-id=\"feature-icon-text\"><span dir=\"auto\">Niveau du joueur<\/span><\/p>\n<p class=\"features-section_feature-icon-summary-small__l2ujr\"><span dir=\"auto\">Avanc\u00e9<\/span><\/p>\n<\/div>\n<\/div>\n<\/li>\n<li class=\"features-section_item__iC_LN\">\n<div class=\"features-section_feature-icon-wrapper__z2nGc\"><img decoding=\"async\" class=\"features-section_feature-icon__XWm7c\" role=\"img\" src=\"https:\/\/brand.assets.adidas.com\/image\/upload\/surface_artificial_1b0cdefd39.png\" alt=\"Surface\" aria-label=\"Surface\" \/><\/p>\n<div class=\"features-section_feature-icon-text-wrapper__D7_Ul\">\n<p class=\"features-section_feature-icon-text__P39_W\" data-auto-id=\"feature-icon-text\"><span dir=\"auto\">Surface<\/span><\/p>\n<p class=\"features-section_feature-icon-summary-small__l2ujr\"><span dir=\"auto\">Gazon artificiel<\/span><\/p>\n<\/div>\n<\/div>\n<\/li>\n<li class=\"features-section_item__iC_LN\">\n<div class=\"features-section_feature-icon-wrapper__z2nGc\"><img decoding=\"async\" class=\"features-section_feature-icon__XWm7c\" role=\"img\" src=\"https:\/\/brand.assets.adidas.com\/image\/upload\/feature_foldover_tongues_87998ce6e6.png\" alt=\"Fonctionnalit\u00e9\" aria-label=\"Fonctionnalit\u00e9\" \/><\/p>\n<div class=\"features-section_feature-icon-text-wrapper__D7_Ul\">\n<p class=\"features-section_feature-icon-text__P39_W\" data-auto-id=\"feature-icon-text\"><span dir=\"auto\">Fonctionnalit\u00e9<\/span><\/p>\n<p class=\"features-section_feature-icon-summary-small__l2ujr\"><span dir=\"auto\">langue repli\u00e9e<\/span><\/p>\n<\/div>\n<\/div>\n<\/li>\n<li class=\"features-section_item__iC_LN\">\n<div class=\"features-section_feature-icon-wrapper__z2nGc\"><img decoding=\"async\" class=\"features-section_feature-icon__XWm7c\" role=\"img\" src=\"https:\/\/brand.assets.adidas.com\/image\/upload\/usp_control_ee4aefd1e1.png\" alt=\"Con\u00e7u pour\" aria-label=\"Con\u00e7u pour\" \/><\/p>\n<div class=\"features-section_feature-icon-text-wrapper__D7_Ul\">\n<p class=\"features-section_feature-icon-text__P39_W\" data-auto-id=\"feature-icon-text\"><span dir=\"auto\">Con\u00e7u pour<\/span><\/p>\n<p class=\"features-section_feature-icon-summary-small__l2ujr\"><span dir=\"auto\">Contr\u00f4le<\/span><\/p>\n<\/div>\n<\/div>\n<\/li>\n<\/ul>\n<\/section>\n<\/div>\n<\/section>\n<section class=\"content-item-wrapper_content-item__P0KpS content-item-wrapper_full-width-never__MKa4h visible content-item-wrapper_accordion-content-item__ZnOOt\">\n<div id=\"navigation-target-reviews\">\n<div class=\"accordion_accordion__8qVfO\" data-testid=\"accordion\">\n<div class=\"accordion_accordion__header-text__PURGn\">\n<div class=\"accordion-title_reviews-header__WuqO4\">\n<h2 class=\"accordion-title_accordion-title__jvGG7\"><span dir=\"auto\">Avis (22)<\/span><\/h2>\n<div class=\"accordion-title_ratings-label-container__whBdi\">\n<div class=\"gl-star-rating\" aria-hidden=\"true\">\n<div class=\"gl-star-rating__item\">\n<div class=\"gl-star-rating__mask\"><\/div>\n<\/div>\n<div class=\"gl-star-rating__item\">\n<div class=\"gl-star-rating__mask\"><\/div>\n<\/div>\n<div class=\"gl-star-rating__item\">\n<div class=\"gl-star-rating__mask\"><\/div>\n<\/div>\n<div class=\"gl-star-rating__item\">\n<div class=\"gl-star-rating__mask\"><\/div>\n<\/div>\n<div class=\"gl-star-rating__item\">\n<div class=\"gl-star-rating__mask\"><\/div>\n<\/div>\n<\/div>\n<\/div>\n<p><span class=\"gl-screen-reader-only\"><span dir=\"auto\">Note : 4,1<\/span><\/span><\/div>\n<\/div>\n<div class=\"accordion_accordion__header-icon__AsHnU\"><\/div>\n<div id=\":r0:\" class=\"accordion_accordion__content__dWvE_\">\n<div class=\"accordion_content-padding__TgU_h\">\n<div data-auto-id=\"ratings-reviews\">\n<div class=\"ratings-reviews_content-wrapper__VMmfm\">\n<div class=\"ratings-reviews-layout_ratings-reviews-layout__eeJ10\">\n<div class=\"review-filters_review-filters__a8FIW\" data-auto-id=\"review-filters\">\n<div class=\"review-filters_filters__j25vb\">\n<div class=\"gl-form-item review-filters_filter-dropdown__viQQh\">\n<div class=\"gl-dropdown-custom\">\n<div class=\"gl-dropdown-custom__select label dropdown-select\" role=\"combobox\" aria-controls=\"gl-dropdown-custom__listbox gl-dropdown-custom__listbox--personal_-gender_-buttons\" aria-expanded=\"false\" aria-labelledby=\"Personal_Gender_Buttons\"><\/div>\n<p>Gender<br \/>\nMale\n<\/p><\/div>\n<\/div>\n<div class=\"gl-form-item review-filters_filter-dropdown__viQQh\">\n<div class=\"gl-dropdown-custom\">\n<div class=\"gl-dropdown-custom__select label dropdown-select\" role=\"combobox\" aria-controls=\"gl-dropdown-custom__listbox gl-dropdown-custom__listbox--category_-activity-frequency_-dropdown\" aria-expanded=\"false\" aria-labelledby=\"Category_ActivityFrequency_Dropdown\"><\/div>\n<p>Plays<br \/>\n2-3 times a week<br \/>\n4+ times a week\n<\/p><\/div>\n<\/div>\n<div class=\"gl-form-item review-filters_filter-dropdown__viQQh\">\n<div class=\"gl-dropdown-custom\">\n<div class=\"gl-dropdown-custom__select label dropdown-select\" role=\"combobox\" aria-controls=\"gl-dropdown-custom__listbox gl-dropdown-custom__listbox--category_-football-shoes-position_-buttons\" aria-expanded=\"false\" aria-labelledby=\"Category_FootballShoesPosition_Buttons\"><\/div>\n<p>Preferred Position<br \/>\nMidfielder\n<\/p><\/div>\n<\/div>\n<div class=\"gl-form-item review-filters_filter-dropdown__viQQh\">\n<div class=\"gl-dropdown-custom\">\n<div class=\"gl-dropdown-custom__select label dropdown-select\" role=\"combobox\" aria-controls=\"gl-dropdown-custom__listbox gl-dropdown-custom__listbox--category_-football-shoes-surface_-dropdown\" aria-expanded=\"false\" aria-labelledby=\"Category_FootballShoesSurface_Dropdown\"><\/div>\n<p>Surface<br \/>\nTurf<br \/>\nArtificial Grass\n<\/p><\/div>\n<\/div>\n<\/div>\n<\/div>\n<div class=\"ratings-reviews-layout_sort-section__vocYR\" data-auto-id=\"sort-section\">\n<div class=\"stars-filter_stars-rating-filter__unAUU\">\n<div><\/div>\n<\/div>\n<div class=\"sort-reviews-dropdown_sort-reviews__qdvtz\">\n<div class=\"gl-form-item sort-reviews-dropdown_sorting-options__j0YZm\">\n<div class=\"gl-dropdown-custom\">\n<div class=\"gl-dropdown-custom__select label dropdown-select\" role=\"combobox\" aria-controls=\"gl-dropdown-custom__listbox gl-dropdown-custom__listbox--sort-reviews-dropdown-label\" aria-expanded=\"false\" aria-labelledby=\"sort-reviews-dropdown-label\"><\/div>\n<p>Relevant<br \/>\nNewest<br \/>\nHelpful<br \/>\nHighest rated<br \/>\nLowest rated\n<\/p><\/div>\n<\/div>\n<\/div>\n<\/div>\n<\/div>\n<\/div>\n<\/div>\n<\/div>\n<\/div>\n<\/div>\n<\/div>\n<\/section>\n<section class=\"content-item-wrapper_content-item__P0KpS content-item-wrapper_full-width-never__MKa4h content-item-wrapper_overflow__Vp1OU visible content-item-wrapper_accordion-content-item__ZnOOt\">\n<div id=\"navigation-target-size-and-fit\">\n<div class=\"accordion_accordion__8qVfO\" data-testid=\"accordion\">\n<div class=\"accordion_accordion__header-text__PURGn\">\n<h2 class=\"accordion-title_accordion-title__jvGG7\"><span dir=\"auto\">Taille et coupe<\/span><\/h2>\n<\/div>\n<div class=\"accordion_accordion__header-icon__AsHnU\"><\/div>\n<div id=\":r1:\" class=\"accordion_accordion__content__dWvE_\">\n<div class=\"accordion_content-padding__TgU_h\">\n<div class=\"size-and-fit_size-and-fit__L1ti8\">\n<div class=\"size-and-fit_text-content__proTr\">\n<div class=\"size-controls_sizes-cta-controls__cl_yO\">\n<div class=\"_entrypointWrapper_u0dhz_62 entrypoint_entrypoint__HPWn7\"><\/div>\n<\/div>\n<\/div>\n<\/div>\n<\/div>\n<\/div>\n<\/div>\n<\/div>\n<\/section>\n<section class=\"content-item-wrapper_content-item__P0KpS content-item-wrapper_full-width-never__MKa4h content-item-wrapper_overflow__Vp1OU visible content-item-wrapper_accordion-content-item__ZnOOt\">\n<div id=\"navigation-target-description\">\n<div class=\"accordion_accordion__8qVfO accordion_accordion--open__jRlnP\" data-testid=\"accordion\">\n<div class=\"accordion_accordion__header-text__PURGn\">\n<h2 class=\"accordion-title_accordion-title__jvGG7\"><span dir=\"auto\">Description<\/span><\/h2>\n<\/div>\n<div class=\"accordion_accordion__header-icon__AsHnU\"><\/div>\n<div id=\":r2:\" class=\"accordion_accordion__content__dWvE_\">\n<div class=\"accordion_content-padding__TgU_h\">\n<div class=\"description_description__laxrX\">\n<div class=\"description_text-content__zFrZJ\">\n<h3 class=\"description_subtitle__5h3_L\"><span dir=\"auto\">Crampons de football dot\u00e9s de la technologie Nanostrike pour des tirs de pr\u00e9cision.<\/span><\/h3>\n<p class=\"description_margin__cBW26\"><span dir=\"auto\">Lib\u00e9rez votre potentiel sur le terrain avec les chaussures de football Predator Elite \u00e0 languette repliable pour terrain synth\u00e9tique. Alliant performances modernes et design classique, elles sont con\u00e7ues pour vous offrir un jeu confiant sur les surfaces artificielles. Gr\u00e2ce \u00e0 la technologie Primeknit, la tige enveloppe votre pied pour un confort optimal, permettant une libert\u00e9 de mouvement et une extension naturelles. La languette repliable offre une surface de frappe lisse pour une pr\u00e9cision accrue, tandis que la technologie Nanostrike combine un mesh innovant et des \u00e9l\u00e9ments en caoutchouc pour une pr\u00e9cision de frappe optimale par temps sec comme par temps humide. La technologie Powerspine assure une stabilit\u00e9 du m\u00e9dio-pied pour des frappes plus puissantes, vous donnant l&#8217;avantage sur vos adversaires. Enfin, la plaque Strikeframe l\u00e9g\u00e8re sur toute la longueur vous offre une traction optimale pour marquer des buts. adidas vous propose une chaussure qui non seulement performe, mais inspire. Entrez sur le terrain synth\u00e9tique en toute confiance avec ces chaussures comme arme secr\u00e8te.<\/span><\/p>\n<\/div>\n<\/div>\n<\/div>\n<\/div>\n<\/div>\n<\/div>\n<\/section>\n<\/div>\n","protected":false},"featured_media":641995,"template":"","meta":{"_et_pb_use_builder":"","_et_pb_old_content":"","_et_gb_content_width":""},"product_brand":[],"product_cat":[17,16],"product_tag":[],"class_list":{"0":"post-641483","1":"product","2":"type-product","3":"status-publish","4":"has-post-thumbnail","6":"product_cat-crampons","7":"product_cat-souliers-soccer","9":"first","10":"instock","11":"featured","12":"taxable","13":"shipping-taxable","14":"purchasable","15":"product-type-variable"},"tiered_pricing_type":"fixed","tiered_pricing_fixed_rules":[],"tiered_pricing_product_settings":{"layout":"default","base_unit_name":{"singular":null,"plural":null},"default_variation":null},"tiered_pricing_minimum_quantity":null,"tiered_pricing_roles_data":[],"tiered_pricing_percentage_rules":[],"_links":{"self":[{"href":"https:\/\/influencesport.ca\/en\/wp-json\/wp\/v2\/product\/641483","targetHints":{"allow":["GET"]}}],"collection":[{"href":"https:\/\/influencesport.ca\/en\/wp-json\/wp\/v2\/product"}],"about":[{"href":"https:\/\/influencesport.ca\/en\/wp-json\/wp\/v2\/types\/product"}],"wp:featuredmedia":[{"embeddable":true,"href":"https:\/\/influencesport.ca\/en\/wp-json\/wp\/v2\/media\/641995"}],"wp:attachment":[{"href":"https:\/\/influencesport.ca\/en\/wp-json\/wp\/v2\/media?parent=641483"}],"wp:term":[{"taxonomy":"product_brand","embeddable":true,"href":"https:\/\/influencesport.ca\/en\/wp-json\/wp\/v2\/product_brand?post=641483"},{"taxonomy":"product_cat","embeddable":true,"href":"https:\/\/influencesport.ca\/en\/wp-json\/wp\/v2\/product_cat?post=641483"},{"taxonomy":"product_tag","embeddable":true,"href":"https:\/\/influencesport.ca\/en\/wp-json\/wp\/v2\/product_tag?post=641483"}],"curies":[{"name":"wp","href":"https:\/\/api.w.org\/{rel}","templated":true}]}}