{"id":641457,"date":"2026-01-23T01:45:42","date_gmt":"2026-01-23T06:45:42","guid":{"rendered":"https:\/\/influencesport.ca\/?post_type=product&#038;p=641457"},"modified":"2026-01-23T16:09:43","modified_gmt":"2026-01-23T21:09:43","slug":"adidas-copa-pure-iv-elite-fg","status":"publish","type":"product","link":"https:\/\/influencesport.ca\/en\/produit\/adidas-copa-pure-iv-elite-fg\/","title":{"rendered":"Adidas Copa Pure IV Elite FG"},"content":{"rendered":"","protected":false},"excerpt":{"rendered":"<p><strong>D\u00e9tails sur le produit : JQ0397<\/strong><\/p>\n<p>Les chaussures de football Copa Pure IV Elite pour terrain ferme allient tradition et innovation, offrant des performances exceptionnelles sur le terrain, avec un accent particulier sur le confort, le toucher de balle et l&#8217;ajustement. La technologie Fusionskin assure une transition fluide entre le cuir et les autres mat\u00e9riaux, pour un toucher doux et une exp\u00e9rience unique. Elles int\u00e8grent la technologie Comfort Frame, un syst\u00e8me de semelle ext\u00e9rieure l\u00e9ger et performant compos\u00e9 d&#8217;une structure souple en Pebax et d&#8217;une base l\u00e9g\u00e8re en LX. Dot\u00e9es de crampons coniques et d&#8217;un crampon suppl\u00e9mentaire sur le c\u00f4t\u00e9 lat\u00e9ral, elles offrent une meilleure r\u00e9partition de la pression et une traction optimale lors des rotations. Gr\u00e2ce \u00e0 leur languette Primeknit semi-montante, ces chaussures offrent un ajustement pr\u00e9cis, un maintien optimal et un confort exceptionnel. La semelle int\u00e9rieure anatomique, d\u00e9velopp\u00e9e en collaboration avec OrthoLite\u00ae, est compos\u00e9e de mousse \u00e0 cellules ouvertes pour une durabilit\u00e9 accrue et d&#8217;inserts de confort qui contribuent \u00e0 r\u00e9duire la pression plantaire. Avec des impressions haptiques 3D pour une meilleure adh\u00e9rence au ballon et une semelle ext\u00e9rieure con\u00e7ue pour les terrains secs et naturels, ces chaussures adidas vous offrent un contr\u00f4le optimal sur le terrain.<\/p>\n","protected":false},"featured_media":642051,"template":"","meta":{"_et_pb_use_builder":"","_et_pb_old_content":"","_et_gb_content_width":""},"product_brand":[],"product_cat":[17,16],"product_tag":[],"class_list":{"0":"post-641457","1":"product","2":"type-product","3":"status-publish","4":"has-post-thumbnail","6":"product_cat-crampons","7":"product_cat-souliers-soccer","9":"first","10":"instock","11":"featured","12":"taxable","13":"shipping-taxable","14":"purchasable","15":"product-type-variable"},"tiered_pricing_type":"fixed","tiered_pricing_fixed_rules":[],"tiered_pricing_product_settings":{"layout":"default","base_unit_name":{"singular":null,"plural":null},"default_variation":null},"tiered_pricing_minimum_quantity":null,"tiered_pricing_roles_data":[],"tiered_pricing_percentage_rules":[],"_links":{"self":[{"href":"https:\/\/influencesport.ca\/en\/wp-json\/wp\/v2\/product\/641457","targetHints":{"allow":["GET"]}}],"collection":[{"href":"https:\/\/influencesport.ca\/en\/wp-json\/wp\/v2\/product"}],"about":[{"href":"https:\/\/influencesport.ca\/en\/wp-json\/wp\/v2\/types\/product"}],"wp:featuredmedia":[{"embeddable":true,"href":"https:\/\/influencesport.ca\/en\/wp-json\/wp\/v2\/media\/642051"}],"wp:attachment":[{"href":"https:\/\/influencesport.ca\/en\/wp-json\/wp\/v2\/media?parent=641457"}],"wp:term":[{"taxonomy":"product_brand","embeddable":true,"href":"https:\/\/influencesport.ca\/en\/wp-json\/wp\/v2\/product_brand?post=641457"},{"taxonomy":"product_cat","embeddable":true,"href":"https:\/\/influencesport.ca\/en\/wp-json\/wp\/v2\/product_cat?post=641457"},{"taxonomy":"product_tag","embeddable":true,"href":"https:\/\/influencesport.ca\/en\/wp-json\/wp\/v2\/product_tag?post=641457"}],"curies":[{"name":"wp","href":"https:\/\/api.w.org\/{rel}","templated":true}]}}