{"id":641427,"date":"2026-01-23T01:44:39","date_gmt":"2026-01-23T06:44:39","guid":{"rendered":"https:\/\/influencesport.ca\/?post_type=product&#038;p=641427"},"modified":"2026-04-16T14:42:02","modified_gmt":"2026-04-16T18:42:02","slug":"adidas-f50-sparkfusion-league-fg-mg-j","status":"publish","type":"product","link":"https:\/\/influencesport.ca\/en\/produit\/adidas-f50-sparkfusion-league-fg-mg-j\/","title":{"rendered":"Adidas F50 Sparkfusion League FG\/MG J"},"content":{"rendered":"","protected":false},"excerpt":{"rendered":"<p><strong>D\u00e9tails sur le produit : IH1772<\/strong><\/p>\n<p>Les chaussures de football F50 Sparkfusion League Mid Cut pour terrains fermes et synth\u00e9tiques offrent un maintien optimal gr\u00e2ce \u00e0 un col montant en maille qui \u00e9pouse la forme des petits pieds pour un confort r\u00e9actif pendant le jeu. La technologie Sprintplate Fusion assure une traction et un confort exceptionnels lors des changements de direction. Dot\u00e9es de crampons semi-coniques, ces chaussures sont adapt\u00e9es aux terrains en gazon naturel et synth\u00e9tique. L&#8217;empeigne Fiberskin am\u00e9liore le toucher de balle, offrant ainsi un avantage aux jeunes joueurs. Con\u00e7ues pour la performance, ces chaussures adidas int\u00e8grent une zone de rotation \u00e0 360\u00b0 pour des changements de direction plus rapides. Que ce soit pour un match scolaire ou une rencontre amicale le week-end, ces chaussures sont faites pour accompagner tous les mouvements. Offrez \u00e0 votre enfant la possibilit\u00e9 de vivre pleinement le plaisir du football avec des chaussures performantes et confortables.<\/p>\n","protected":false},"featured_media":642064,"template":"","meta":{"_et_pb_use_builder":"","_et_pb_old_content":"","_et_gb_content_width":""},"product_brand":[],"product_cat":[17,16],"product_tag":[],"class_list":{"0":"post-641427","1":"product","2":"type-product","3":"status-publish","4":"has-post-thumbnail","6":"product_cat-crampons","7":"product_cat-souliers-soccer","9":"first","10":"instock","11":"featured","12":"taxable","13":"shipping-taxable","14":"purchasable","15":"product-type-variable"},"tiered_pricing_type":"fixed","tiered_pricing_fixed_rules":[],"tiered_pricing_product_settings":{"layout":"default","base_unit_name":{"singular":null,"plural":null},"default_variation":null},"tiered_pricing_minimum_quantity":null,"tiered_pricing_roles_data":[],"tiered_pricing_percentage_rules":[],"_links":{"self":[{"href":"https:\/\/influencesport.ca\/en\/wp-json\/wp\/v2\/product\/641427","targetHints":{"allow":["GET"]}}],"collection":[{"href":"https:\/\/influencesport.ca\/en\/wp-json\/wp\/v2\/product"}],"about":[{"href":"https:\/\/influencesport.ca\/en\/wp-json\/wp\/v2\/types\/product"}],"wp:featuredmedia":[{"embeddable":true,"href":"https:\/\/influencesport.ca\/en\/wp-json\/wp\/v2\/media\/642064"}],"wp:attachment":[{"href":"https:\/\/influencesport.ca\/en\/wp-json\/wp\/v2\/media?parent=641427"}],"wp:term":[{"taxonomy":"product_brand","embeddable":true,"href":"https:\/\/influencesport.ca\/en\/wp-json\/wp\/v2\/product_brand?post=641427"},{"taxonomy":"product_cat","embeddable":true,"href":"https:\/\/influencesport.ca\/en\/wp-json\/wp\/v2\/product_cat?post=641427"},{"taxonomy":"product_tag","embeddable":true,"href":"https:\/\/influencesport.ca\/en\/wp-json\/wp\/v2\/product_tag?post=641427"}],"curies":[{"name":"wp","href":"https:\/\/api.w.org\/{rel}","templated":true}]}}