{"id":640623,"date":"2026-01-17T01:47:10","date_gmt":"2026-01-17T06:47:10","guid":{"rendered":"https:\/\/influencesport.ca\/?post_type=product&#038;p=640623"},"modified":"2026-02-10T11:30:04","modified_gmt":"2026-02-10T16:30:04","slug":"nike-tiempo-ligera-pro-fg-le","status":"publish","type":"product","link":"https:\/\/influencesport.ca\/en\/produit\/nike-tiempo-ligera-pro-fg-le\/","title":{"rendered":"Nike Tiempo Ligera Pro FG LE"},"content":{"rendered":"","protected":false},"excerpt":{"rendered":"<p><strong>D\u00e9tails sur le produit : IO9607-960<\/strong><\/p>\n<p>Gagnez en l\u00e9g\u00e8ret\u00e9 sans compromettre votre toucher de balle. Con\u00e7ue pour vous offrir une ma\u00eetrise totale du ballon, la Tiempo Ligera est fabriqu\u00e9e avec le tout nouveau TechLeather et une semelle traditionnelle. Cette combinaison vous procure des sensations de l\u00e9g\u00e8ret\u00e9 et de familiarit\u00e9 sans sacrifier le contr\u00f4le.<\/p>\n","protected":false},"featured_media":641253,"template":"","meta":{"_et_pb_use_builder":"","_et_pb_old_content":"","_et_gb_content_width":""},"product_brand":[],"product_cat":[17,16],"product_tag":[],"class_list":{"0":"post-640623","1":"product","2":"type-product","3":"status-publish","4":"has-post-thumbnail","6":"product_cat-crampons","7":"product_cat-souliers-soccer","9":"first","10":"instock","11":"featured","12":"taxable","13":"shipping-taxable","14":"purchasable","15":"product-type-variable"},"tiered_pricing_type":"fixed","tiered_pricing_fixed_rules":[],"tiered_pricing_product_settings":{"layout":"default","base_unit_name":{"singular":null,"plural":null},"default_variation":null},"tiered_pricing_minimum_quantity":null,"tiered_pricing_roles_data":[],"tiered_pricing_percentage_rules":[],"_links":{"self":[{"href":"https:\/\/influencesport.ca\/en\/wp-json\/wp\/v2\/product\/640623","targetHints":{"allow":["GET"]}}],"collection":[{"href":"https:\/\/influencesport.ca\/en\/wp-json\/wp\/v2\/product"}],"about":[{"href":"https:\/\/influencesport.ca\/en\/wp-json\/wp\/v2\/types\/product"}],"wp:featuredmedia":[{"embeddable":true,"href":"https:\/\/influencesport.ca\/en\/wp-json\/wp\/v2\/media\/641253"}],"wp:attachment":[{"href":"https:\/\/influencesport.ca\/en\/wp-json\/wp\/v2\/media?parent=640623"}],"wp:term":[{"taxonomy":"product_brand","embeddable":true,"href":"https:\/\/influencesport.ca\/en\/wp-json\/wp\/v2\/product_brand?post=640623"},{"taxonomy":"product_cat","embeddable":true,"href":"https:\/\/influencesport.ca\/en\/wp-json\/wp\/v2\/product_cat?post=640623"},{"taxonomy":"product_tag","embeddable":true,"href":"https:\/\/influencesport.ca\/en\/wp-json\/wp\/v2\/product_tag?post=640623"}],"curies":[{"name":"wp","href":"https:\/\/api.w.org\/{rel}","templated":true}]}}