{"id":633225,"date":"2025-11-05T01:57:18","date_gmt":"2025-11-05T06:57:18","guid":{"rendered":"https:\/\/influencesport.ca\/?post_type=product&#038;p=633225"},"modified":"2026-04-24T13:47:17","modified_gmt":"2026-04-24T17:47:17","slug":"maillot-algerie-home-enfant","status":"publish","type":"product","link":"https:\/\/influencesport.ca\/en\/produit\/maillot-algerie-home-enfant\/","title":{"rendered":"Adidas Maillot Alg\u00e9rie Home Enfant"},"content":{"rendered":"","protected":false},"excerpt":{"rendered":"<p><strong>D\u00e9tails sur le produit : JZ0271<\/strong><\/p>\n<p>Le maillot domicile de l&#8217;Alg\u00e9rie n\u00b026 est con\u00e7u pour afficher fi\u00e8rement son identit\u00e9. Inspir\u00e9 par la diversit\u00e9 des paysages du pays et son riche patrimoine footballistique, il apporte une \u00e9nergie et une personnalit\u00e9 uniques sur le terrain. Gr\u00e2ce \u00e0 la technologie adidas Climacool, il \u00e9vacue la transpiration par des fibres \u00e0 s\u00e9chage rapide qui procurent une sensation de fra\u00eecheur, que ce soit pendant le match ou les temps morts. Sa coupe classique offre une grande libert\u00e9 de mouvement et un confort optimal tout au long de la journ\u00e9e. Orn\u00e9 de l&#8217;\u00e9cusson national, des 3 bandes et du logo adidas, il allie l&#8217;esprit du football \u00e0 une praticit\u00e9 au quotidien.<\/p>\n","protected":false},"featured_media":633803,"template":"","meta":{"_et_pb_use_builder":"","_et_pb_old_content":"","_et_gb_content_width":""},"product_brand":[],"product_cat":[92],"product_tag":[],"class_list":{"0":"post-633225","1":"product","2":"type-product","3":"status-publish","4":"has-post-thumbnail","6":"product_cat-articles-de-club","8":"first","9":"instock","10":"taxable","11":"shipping-taxable","12":"purchasable","13":"product-type-variable"},"tiered_pricing_type":"fixed","tiered_pricing_fixed_rules":[],"tiered_pricing_product_settings":{"layout":"default","base_unit_name":{"singular":null,"plural":null},"default_variation":null},"tiered_pricing_minimum_quantity":null,"tiered_pricing_roles_data":[],"tiered_pricing_percentage_rules":[],"_links":{"self":[{"href":"https:\/\/influencesport.ca\/en\/wp-json\/wp\/v2\/product\/633225","targetHints":{"allow":["GET"]}}],"collection":[{"href":"https:\/\/influencesport.ca\/en\/wp-json\/wp\/v2\/product"}],"about":[{"href":"https:\/\/influencesport.ca\/en\/wp-json\/wp\/v2\/types\/product"}],"wp:featuredmedia":[{"embeddable":true,"href":"https:\/\/influencesport.ca\/en\/wp-json\/wp\/v2\/media\/633803"}],"wp:attachment":[{"href":"https:\/\/influencesport.ca\/en\/wp-json\/wp\/v2\/media?parent=633225"}],"wp:term":[{"taxonomy":"product_brand","embeddable":true,"href":"https:\/\/influencesport.ca\/en\/wp-json\/wp\/v2\/product_brand?post=633225"},{"taxonomy":"product_cat","embeddable":true,"href":"https:\/\/influencesport.ca\/en\/wp-json\/wp\/v2\/product_cat?post=633225"},{"taxonomy":"product_tag","embeddable":true,"href":"https:\/\/influencesport.ca\/en\/wp-json\/wp\/v2\/product_tag?post=633225"}],"curies":[{"name":"wp","href":"https:\/\/api.w.org\/{rel}","templated":true}]}}