{"id":633180,"date":"2025-11-05T01:55:55","date_gmt":"2025-11-05T06:55:55","guid":{"rendered":"https:\/\/influencesport.ca\/?post_type=product&#038;p=633180"},"modified":"2026-04-03T12:18:23","modified_gmt":"2026-04-03T16:18:23","slug":"maillot-italie-home-adulte","status":"publish","type":"product","link":"https:\/\/influencesport.ca\/en\/produit\/maillot-italie-home-adulte\/","title":{"rendered":"Maillot italie Home Adulte"},"content":{"rendered":"","protected":false},"excerpt":{"rendered":"<p><strong>D\u00e9tails sur le produit : JL6937<\/strong><\/p>\n<p>Le maillot domicile Italie 26 rend hommage \u00e0 l&#8217;\u00e2me du football italien. Confectionn\u00e9 avec passion et pr\u00e9cision, il incarne la c\u00e9l\u00e9bration et l&#8217;importance de la riche histoire de la FIGC. Il capture l&#8217;essence m\u00eame du patrimoine du football italien. Con\u00e7u pour les passionn\u00e9s, ce maillot offre une coupe ajust\u00e9e qui met en valeur votre silhouette athl\u00e9tique. Sa construction interlock assure durabilit\u00e9 et confort, ce qui en fait un choix id\u00e9al pour les matchs. Ce maillot int\u00e8gre la technologie Climacool. Frais. Sec. Pr\u00eat. Climacool \u00e9vacue la transpiration pour une performance optimale, sans distraction. Que vous soyez sur le terrain lors d&#8217;un match d\u00e9cisif ou dans les tribunes, ce maillot est votre porte d&#8217;entr\u00e9e dans l&#8217;univers du football italien. Appropriez-vous ce mod\u00e8le adidas.<\/p>\n","protected":false},"featured_media":633726,"template":"","meta":{"_et_pb_use_builder":"","_et_pb_old_content":"","_et_gb_content_width":""},"product_brand":[],"product_cat":[92],"product_tag":[],"class_list":{"0":"post-633180","1":"product","2":"type-product","3":"status-publish","4":"has-post-thumbnail","6":"product_cat-articles-de-club","8":"first","9":"instock","10":"featured","11":"taxable","12":"shipping-taxable","13":"purchasable","14":"product-type-variable"},"tiered_pricing_type":"fixed","tiered_pricing_fixed_rules":[],"tiered_pricing_product_settings":{"layout":"default","base_unit_name":{"singular":null,"plural":null},"default_variation":null},"tiered_pricing_minimum_quantity":null,"tiered_pricing_roles_data":[],"tiered_pricing_percentage_rules":[],"_links":{"self":[{"href":"https:\/\/influencesport.ca\/en\/wp-json\/wp\/v2\/product\/633180","targetHints":{"allow":["GET"]}}],"collection":[{"href":"https:\/\/influencesport.ca\/en\/wp-json\/wp\/v2\/product"}],"about":[{"href":"https:\/\/influencesport.ca\/en\/wp-json\/wp\/v2\/types\/product"}],"wp:featuredmedia":[{"embeddable":true,"href":"https:\/\/influencesport.ca\/en\/wp-json\/wp\/v2\/media\/633726"}],"wp:attachment":[{"href":"https:\/\/influencesport.ca\/en\/wp-json\/wp\/v2\/media?parent=633180"}],"wp:term":[{"taxonomy":"product_brand","embeddable":true,"href":"https:\/\/influencesport.ca\/en\/wp-json\/wp\/v2\/product_brand?post=633180"},{"taxonomy":"product_cat","embeddable":true,"href":"https:\/\/influencesport.ca\/en\/wp-json\/wp\/v2\/product_cat?post=633180"},{"taxonomy":"product_tag","embeddable":true,"href":"https:\/\/influencesport.ca\/en\/wp-json\/wp\/v2\/product_tag?post=633180"}],"curies":[{"name":"wp","href":"https:\/\/api.w.org\/{rel}","templated":true}]}}