{"id":629750,"date":"2025-10-24T01:52:43","date_gmt":"2025-10-24T05:52:43","guid":{"rendered":"https:\/\/influencesport.ca\/?post_type=product&#038;p=629750"},"modified":"2026-01-17T13:28:54","modified_gmt":"2026-01-17T18:28:54","slug":"puma-ballon-futsal-3-ms","status":"publish","type":"product","link":"https:\/\/influencesport.ca\/en\/produit\/puma-ballon-futsal-3-ms\/","title":{"rendered":"Puma Ballon Futsal 3 MS"},"content":{"rendered":"","protected":false},"excerpt":{"rendered":"<p><strong>D\u00e9tails sur le produit : 084344-02<\/strong><\/p>\n<p>Notre ballon de futsal PUMA FPUMA 3 MS fait partie de notre gamme d&#8217;\u00e9quipements sportifs haute performance. Ce ballon d&#8217;int\u00e9rieur est dot\u00e9 de 32 panneaux et d&#8217;un faible rebond pour un maximum de plaisir sur le terrain.<\/p>\n","protected":false},"featured_media":630229,"template":"","meta":{"_et_pb_use_builder":"","_et_pb_old_content":"","_et_gb_content_width":""},"product_brand":[],"product_cat":[43],"product_tag":[],"class_list":{"0":"post-629750","1":"product","2":"type-product","3":"status-publish","4":"has-post-thumbnail","6":"product_cat-ballons","8":"first","9":"instock","10":"featured","11":"taxable","12":"shipping-taxable","13":"purchasable","14":"product-type-variable"},"tiered_pricing_type":"fixed","tiered_pricing_fixed_rules":[],"tiered_pricing_product_settings":{"layout":"default","base_unit_name":{"singular":null,"plural":null},"default_variation":null},"tiered_pricing_minimum_quantity":null,"tiered_pricing_roles_data":[],"tiered_pricing_percentage_rules":[],"_links":{"self":[{"href":"https:\/\/influencesport.ca\/en\/wp-json\/wp\/v2\/product\/629750","targetHints":{"allow":["GET"]}}],"collection":[{"href":"https:\/\/influencesport.ca\/en\/wp-json\/wp\/v2\/product"}],"about":[{"href":"https:\/\/influencesport.ca\/en\/wp-json\/wp\/v2\/types\/product"}],"wp:featuredmedia":[{"embeddable":true,"href":"https:\/\/influencesport.ca\/en\/wp-json\/wp\/v2\/media\/630229"}],"wp:attachment":[{"href":"https:\/\/influencesport.ca\/en\/wp-json\/wp\/v2\/media?parent=629750"}],"wp:term":[{"taxonomy":"product_brand","embeddable":true,"href":"https:\/\/influencesport.ca\/en\/wp-json\/wp\/v2\/product_brand?post=629750"},{"taxonomy":"product_cat","embeddable":true,"href":"https:\/\/influencesport.ca\/en\/wp-json\/wp\/v2\/product_cat?post=629750"},{"taxonomy":"product_tag","embeddable":true,"href":"https:\/\/influencesport.ca\/en\/wp-json\/wp\/v2\/product_tag?post=629750"}],"curies":[{"name":"wp","href":"https:\/\/api.w.org\/{rel}","templated":true}]}}