{"id":622889,"date":"2025-10-03T01:53:50","date_gmt":"2025-10-03T05:53:50","guid":{"rendered":"https:\/\/influencesport.ca\/?post_type=product&#038;p=622889"},"modified":"2026-04-17T15:52:02","modified_gmt":"2026-04-17T19:52:02","slug":"nike-phantom-6-low-elite-fg-eh","status":"publish","type":"product","link":"https:\/\/influencesport.ca\/en\/produit\/nike-phantom-6-low-elite-fg-eh\/","title":{"rendered":"Nike Phantom 6 Low Elite FG EH"},"content":{"rendered":"","protected":false},"excerpt":{"rendered":"<p><strong>D\u00e9tails sur le produit : HQ2332-800<\/strong><\/p>\n<p>Avec son bleu glacial et ses rouges et jaunes flamboyants, cette Phantom 6 Elite \u00e9voque la fougue d&#8217;Erling Haaland et ses fulgurances offensives. Sa pr\u00e9cision est renforc\u00e9e par le Gripknit r\u00e9volutionnaire, une texture adh\u00e9rente qui rapproche son pied du ballon et lui permet de ma\u00eetriser chaque occasion, car il ne peut manquer sa cible. Associ\u00e9e \u00e0 la plaque de traction Cyclone 360, elle lui conf\u00e8re un avantage d\u00e9cisif en termes de buts, pour des changements de direction rapides.<\/p>\n","protected":false},"featured_media":624151,"template":"","meta":{"_et_pb_use_builder":"","_et_pb_old_content":"","_et_gb_content_width":""},"product_brand":[],"product_cat":[17,16],"product_tag":[],"class_list":{"0":"post-622889","1":"product","2":"type-product","3":"status-publish","4":"has-post-thumbnail","6":"product_cat-crampons","7":"product_cat-souliers-soccer","9":"first","10":"instock","11":"taxable","12":"shipping-taxable","13":"purchasable","14":"product-type-variable"},"tiered_pricing_type":"fixed","tiered_pricing_fixed_rules":[],"tiered_pricing_product_settings":{"layout":"default","base_unit_name":{"singular":null,"plural":null},"default_variation":null},"tiered_pricing_minimum_quantity":null,"tiered_pricing_roles_data":[],"tiered_pricing_percentage_rules":[],"_links":{"self":[{"href":"https:\/\/influencesport.ca\/en\/wp-json\/wp\/v2\/product\/622889","targetHints":{"allow":["GET"]}}],"collection":[{"href":"https:\/\/influencesport.ca\/en\/wp-json\/wp\/v2\/product"}],"about":[{"href":"https:\/\/influencesport.ca\/en\/wp-json\/wp\/v2\/types\/product"}],"wp:featuredmedia":[{"embeddable":true,"href":"https:\/\/influencesport.ca\/en\/wp-json\/wp\/v2\/media\/624151"}],"wp:attachment":[{"href":"https:\/\/influencesport.ca\/en\/wp-json\/wp\/v2\/media?parent=622889"}],"wp:term":[{"taxonomy":"product_brand","embeddable":true,"href":"https:\/\/influencesport.ca\/en\/wp-json\/wp\/v2\/product_brand?post=622889"},{"taxonomy":"product_cat","embeddable":true,"href":"https:\/\/influencesport.ca\/en\/wp-json\/wp\/v2\/product_cat?post=622889"},{"taxonomy":"product_tag","embeddable":true,"href":"https:\/\/influencesport.ca\/en\/wp-json\/wp\/v2\/product_tag?post=622889"}],"curies":[{"name":"wp","href":"https:\/\/api.w.org\/{rel}","templated":true}]}}