{"id":622877,"date":"2025-10-03T01:53:30","date_gmt":"2025-10-03T05:53:30","guid":{"rendered":"https:\/\/influencesport.ca\/?post_type=product&#038;p=622877"},"modified":"2026-04-17T15:52:03","modified_gmt":"2026-04-17T19:52:03","slug":"nike-phantom-6-high-pro-fg-2","status":"publish","type":"product","link":"https:\/\/influencesport.ca\/en\/produit\/nike-phantom-6-high-pro-fg-2\/","title":{"rendered":"Nike Phantom 6 High Pro FG"},"content":{"rendered":"","protected":false},"excerpt":{"rendered":"<p><strong>D\u00e9tails sur le produit : HQ2311-003<\/strong><\/p>\n<p>Transformez vos \u00e9checs en r\u00e9ussites avec la Phantom 6 Pro. Elle optimise votre pr\u00e9cision gr\u00e2ce \u00e0 l&#8217;adh\u00e9rence des mat\u00e9riaux VNMSkin et Flyknit, qui rapprochent votre pied du ballon pour des frappes nettes et une pr\u00e9cision in\u00e9gal\u00e9e.<\/p>\n","protected":false},"featured_media":624131,"template":"","meta":{"_et_pb_use_builder":"","_et_pb_old_content":"","_et_gb_content_width":""},"product_brand":[],"product_cat":[17,16],"product_tag":[],"class_list":{"0":"post-622877","1":"product","2":"type-product","3":"status-publish","4":"has-post-thumbnail","6":"product_cat-crampons","7":"product_cat-souliers-soccer","9":"first","10":"instock","11":"taxable","12":"shipping-taxable","13":"purchasable","14":"product-type-variable"},"tiered_pricing_type":"fixed","tiered_pricing_fixed_rules":[],"tiered_pricing_product_settings":{"layout":"default","base_unit_name":{"singular":null,"plural":null},"default_variation":null},"tiered_pricing_minimum_quantity":null,"tiered_pricing_roles_data":[],"tiered_pricing_percentage_rules":[],"_links":{"self":[{"href":"https:\/\/influencesport.ca\/en\/wp-json\/wp\/v2\/product\/622877","targetHints":{"allow":["GET"]}}],"collection":[{"href":"https:\/\/influencesport.ca\/en\/wp-json\/wp\/v2\/product"}],"about":[{"href":"https:\/\/influencesport.ca\/en\/wp-json\/wp\/v2\/types\/product"}],"wp:featuredmedia":[{"embeddable":true,"href":"https:\/\/influencesport.ca\/en\/wp-json\/wp\/v2\/media\/624131"}],"wp:attachment":[{"href":"https:\/\/influencesport.ca\/en\/wp-json\/wp\/v2\/media?parent=622877"}],"wp:term":[{"taxonomy":"product_brand","embeddable":true,"href":"https:\/\/influencesport.ca\/en\/wp-json\/wp\/v2\/product_brand?post=622877"},{"taxonomy":"product_cat","embeddable":true,"href":"https:\/\/influencesport.ca\/en\/wp-json\/wp\/v2\/product_cat?post=622877"},{"taxonomy":"product_tag","embeddable":true,"href":"https:\/\/influencesport.ca\/en\/wp-json\/wp\/v2\/product_tag?post=622877"}],"curies":[{"name":"wp","href":"https:\/\/api.w.org\/{rel}","templated":true}]}}