{"id":622862,"date":"2025-10-03T01:52:58","date_gmt":"2025-10-03T05:52:58","guid":{"rendered":"https:\/\/influencesport.ca\/?post_type=product&#038;p=622862"},"modified":"2026-04-16T11:32:23","modified_gmt":"2026-04-16T15:32:23","slug":"nike-mercurial-vapor-16-pro-fg","status":"publish","type":"product","link":"https:\/\/influencesport.ca\/en\/produit\/nike-mercurial-vapor-16-pro-fg\/","title":{"rendered":"Nike Mercurial Vapor 16 Pro FG"},"content":{"rendered":"","protected":false},"excerpt":{"rendered":"<p><strong>D\u00e9tails sur le produit : FQ8685-001<\/strong><\/p>\n<p>Vous \u00eates s\u00e9rieux au sujet de votre vitesse\u00a0? Les crampons Pro sont faits pour ceux qui veulent acc\u00e9l\u00e9rer tout au long du match. C&#8217;est pourquoi nous les avons con\u00e7us avec une unit\u00e9 Air Zoom am\u00e9lior\u00e9e. Elle vous offre, \u00e0 vous et \u00e0 tous les passionn\u00e9s de jeu, la sensation de propulsion n\u00e9cessaire pour percer la ligne arri\u00e8re. Passez au niveau sup\u00e9rieur gr\u00e2ce aux innovations phares de Nike, comme le Flyknit sur la tige, qui all\u00e8ge encore davantage la chaussure pour une vitesse accrue.<\/p>\n","protected":false},"featured_media":624106,"template":"","meta":{"_et_pb_use_builder":"","_et_pb_old_content":"","_et_gb_content_width":""},"product_brand":[],"product_cat":[17,16],"product_tag":[],"class_list":{"0":"post-622862","1":"product","2":"type-product","3":"status-publish","4":"has-post-thumbnail","6":"product_cat-crampons","7":"product_cat-souliers-soccer","9":"first","10":"instock","11":"featured","12":"taxable","13":"shipping-taxable","14":"purchasable","15":"product-type-variable"},"tiered_pricing_type":"fixed","tiered_pricing_fixed_rules":[],"tiered_pricing_product_settings":{"layout":"default","base_unit_name":{"singular":null,"plural":null},"default_variation":null},"tiered_pricing_minimum_quantity":null,"tiered_pricing_roles_data":[],"tiered_pricing_percentage_rules":[],"_links":{"self":[{"href":"https:\/\/influencesport.ca\/en\/wp-json\/wp\/v2\/product\/622862","targetHints":{"allow":["GET"]}}],"collection":[{"href":"https:\/\/influencesport.ca\/en\/wp-json\/wp\/v2\/product"}],"about":[{"href":"https:\/\/influencesport.ca\/en\/wp-json\/wp\/v2\/types\/product"}],"wp:featuredmedia":[{"embeddable":true,"href":"https:\/\/influencesport.ca\/en\/wp-json\/wp\/v2\/media\/624106"}],"wp:attachment":[{"href":"https:\/\/influencesport.ca\/en\/wp-json\/wp\/v2\/media?parent=622862"}],"wp:term":[{"taxonomy":"product_brand","embeddable":true,"href":"https:\/\/influencesport.ca\/en\/wp-json\/wp\/v2\/product_brand?post=622862"},{"taxonomy":"product_cat","embeddable":true,"href":"https:\/\/influencesport.ca\/en\/wp-json\/wp\/v2\/product_cat?post=622862"},{"taxonomy":"product_tag","embeddable":true,"href":"https:\/\/influencesport.ca\/en\/wp-json\/wp\/v2\/product_tag?post=622862"}],"curies":[{"name":"wp","href":"https:\/\/api.w.org\/{rel}","templated":true}]}}