{"id":621100,"date":"2025-09-27T01:53:34","date_gmt":"2025-09-27T05:53:34","guid":{"rendered":"https:\/\/influencesport.ca\/?post_type=product&#038;p=621100"},"modified":"2026-04-17T15:53:45","modified_gmt":"2026-04-17T19:53:45","slug":"adidas-f50-league-fg-mg-9","status":"publish","type":"product","link":"https:\/\/influencesport.ca\/en\/produit\/adidas-f50-league-fg-mg-9\/","title":{"rendered":"Adidas F50 League FG\/MG"},"content":{"rendered":"","protected":false},"excerpt":{"rendered":"<p><strong>D\u00e9tails sur le produit : JI0004<\/strong><\/p>\n<p>Trouve un rythme effr\u00e9n\u00e9 pour vraiment t\u2019exprimer sur le terrain. Va toujours plus vite avec la chaussure adidas F50. Orn\u00e9e d\u2019un imprim\u00e9 Sprintgrid original, la tige Fiberskin de ces chaussures de football de la Ligue utilise une languette Tunnel adaptative offrant un maintien parfait. Une semelle ext\u00e9rieure Sprintplate l\u00e9g\u00e8re offre une s\u00e9rieuse vitesse sur diverses surfaces.<\/p>\n","protected":false},"featured_media":624080,"template":"","meta":{"_et_pb_use_builder":"","_et_pb_old_content":"","_et_gb_content_width":""},"product_brand":[],"product_cat":[17,16],"product_tag":[],"class_list":{"0":"post-621100","1":"product","2":"type-product","3":"status-publish","4":"has-post-thumbnail","6":"product_cat-crampons","7":"product_cat-souliers-soccer","9":"first","10":"instock","11":"taxable","12":"shipping-taxable","13":"purchasable","14":"product-type-variable"},"tiered_pricing_type":"fixed","tiered_pricing_fixed_rules":[],"tiered_pricing_product_settings":{"layout":"default","base_unit_name":{"singular":null,"plural":null},"default_variation":null},"tiered_pricing_minimum_quantity":null,"tiered_pricing_roles_data":[],"tiered_pricing_percentage_rules":[],"_links":{"self":[{"href":"https:\/\/influencesport.ca\/en\/wp-json\/wp\/v2\/product\/621100","targetHints":{"allow":["GET"]}}],"collection":[{"href":"https:\/\/influencesport.ca\/en\/wp-json\/wp\/v2\/product"}],"about":[{"href":"https:\/\/influencesport.ca\/en\/wp-json\/wp\/v2\/types\/product"}],"wp:featuredmedia":[{"embeddable":true,"href":"https:\/\/influencesport.ca\/en\/wp-json\/wp\/v2\/media\/624080"}],"wp:attachment":[{"href":"https:\/\/influencesport.ca\/en\/wp-json\/wp\/v2\/media?parent=621100"}],"wp:term":[{"taxonomy":"product_brand","embeddable":true,"href":"https:\/\/influencesport.ca\/en\/wp-json\/wp\/v2\/product_brand?post=621100"},{"taxonomy":"product_cat","embeddable":true,"href":"https:\/\/influencesport.ca\/en\/wp-json\/wp\/v2\/product_cat?post=621100"},{"taxonomy":"product_tag","embeddable":true,"href":"https:\/\/influencesport.ca\/en\/wp-json\/wp\/v2\/product_tag?post=621100"}],"curies":[{"name":"wp","href":"https:\/\/api.w.org\/{rel}","templated":true}]}}