{"id":621088,"date":"2025-09-27T01:53:13","date_gmt":"2025-09-27T05:53:13","guid":{"rendered":"https:\/\/influencesport.ca\/?post_type=product&#038;p=621088"},"modified":"2026-04-17T15:53:46","modified_gmt":"2026-04-17T19:53:46","slug":"adidas-predator-club-in-sala-j-2","status":"publish","type":"product","link":"https:\/\/influencesport.ca\/en\/produit\/adidas-predator-club-in-sala-j-2\/","title":{"rendered":"Adidas Predator Club In Sala J"},"content":{"rendered":"","protected":false},"excerpt":{"rendered":"<p><strong>D\u00e9tails sur le produit : JH8860<\/strong><\/p>\n<p>D\u00e9couvrez la diff\u00e9rence entre viser le but et \u00eatre s\u00fbr de le marquer avec les chaussures adidas Predator, con\u00e7ues pour le but. Con\u00e7ues pour le futsal rapide, ces chaussures de football Club junior sont dot\u00e9es d&#8217;une tige en mesh a\u00e9r\u00e9, doubl\u00e9e de tissu doux et recouverte de TPU r\u00e9sistant. En dessous, une semelle ext\u00e9rieure en caoutchouc adh\u00e8re aux surfaces planes en salle sans laisser de traces.<\/p>\n","protected":false},"featured_media":624066,"template":"","meta":{"_et_pb_use_builder":"","_et_pb_old_content":"","_et_gb_content_width":""},"product_brand":[],"product_cat":[37,16],"product_tag":[],"class_list":{"0":"post-621088","1":"product","2":"type-product","3":"status-publish","4":"has-post-thumbnail","6":"product_cat-futsal","7":"product_cat-souliers-soccer","9":"first","10":"instock","11":"taxable","12":"shipping-taxable","13":"purchasable","14":"product-type-variable"},"tiered_pricing_type":"fixed","tiered_pricing_fixed_rules":[],"tiered_pricing_product_settings":{"layout":"default","base_unit_name":{"singular":null,"plural":null},"default_variation":null},"tiered_pricing_minimum_quantity":null,"tiered_pricing_roles_data":[],"tiered_pricing_percentage_rules":[],"_links":{"self":[{"href":"https:\/\/influencesport.ca\/en\/wp-json\/wp\/v2\/product\/621088","targetHints":{"allow":["GET"]}}],"collection":[{"href":"https:\/\/influencesport.ca\/en\/wp-json\/wp\/v2\/product"}],"about":[{"href":"https:\/\/influencesport.ca\/en\/wp-json\/wp\/v2\/types\/product"}],"wp:featuredmedia":[{"embeddable":true,"href":"https:\/\/influencesport.ca\/en\/wp-json\/wp\/v2\/media\/624066"}],"wp:attachment":[{"href":"https:\/\/influencesport.ca\/en\/wp-json\/wp\/v2\/media?parent=621088"}],"wp:term":[{"taxonomy":"product_brand","embeddable":true,"href":"https:\/\/influencesport.ca\/en\/wp-json\/wp\/v2\/product_brand?post=621088"},{"taxonomy":"product_cat","embeddable":true,"href":"https:\/\/influencesport.ca\/en\/wp-json\/wp\/v2\/product_cat?post=621088"},{"taxonomy":"product_tag","embeddable":true,"href":"https:\/\/influencesport.ca\/en\/wp-json\/wp\/v2\/product_tag?post=621088"}],"curies":[{"name":"wp","href":"https:\/\/api.w.org\/{rel}","templated":true}]}}