{"id":621076,"date":"2025-09-27T01:52:52","date_gmt":"2025-09-27T05:52:52","guid":{"rendered":"https:\/\/influencesport.ca\/?post_type=product&#038;p=621076"},"modified":"2026-04-17T15:53:47","modified_gmt":"2026-04-17T19:53:47","slug":"adidas-f50-league-in-4","status":"publish","type":"product","link":"https:\/\/influencesport.ca\/en\/produit\/adidas-f50-league-in-4\/","title":{"rendered":"Adidas F50 League IN"},"content":{"rendered":"","protected":false},"excerpt":{"rendered":"<p><strong>D\u00e9tails sur le produit : JH7718<\/strong><\/p>\n<p>Trouve ton rythme pour t&#8217;exprimer pleinement sur le terrain. Ressentez l\u2019adr\u00e9naline avec des chaussures adidas F50 con\u00e7ues pour la vitesse. Dot\u00e9e d\u2019un avant-pied renforc\u00e9 en su\u00e8de, la tige Fiberskin de cette chaussure de football League poss\u00e8de une languette Tunnel adaptative offrant un maintien parfait. Cette semelle ext\u00e9rieure en caoutchouc non marquant impose un rythme s\u00e9rieux sur les surfaces int\u00e9rieures.<\/p>\n","protected":false},"featured_media":624052,"template":"","meta":{"_et_pb_use_builder":"","_et_pb_old_content":"","_et_gb_content_width":""},"product_brand":[],"product_cat":[37,16],"product_tag":[],"class_list":{"0":"post-621076","1":"product","2":"type-product","3":"status-publish","4":"has-post-thumbnail","6":"product_cat-futsal","7":"product_cat-souliers-soccer","9":"first","10":"instock","11":"taxable","12":"shipping-taxable","13":"purchasable","14":"product-type-variable"},"tiered_pricing_type":"fixed","tiered_pricing_fixed_rules":[],"tiered_pricing_product_settings":{"layout":"default","base_unit_name":{"singular":null,"plural":null},"default_variation":null},"tiered_pricing_minimum_quantity":null,"tiered_pricing_roles_data":[],"tiered_pricing_percentage_rules":[],"_links":{"self":[{"href":"https:\/\/influencesport.ca\/en\/wp-json\/wp\/v2\/product\/621076","targetHints":{"allow":["GET"]}}],"collection":[{"href":"https:\/\/influencesport.ca\/en\/wp-json\/wp\/v2\/product"}],"about":[{"href":"https:\/\/influencesport.ca\/en\/wp-json\/wp\/v2\/types\/product"}],"wp:featuredmedia":[{"embeddable":true,"href":"https:\/\/influencesport.ca\/en\/wp-json\/wp\/v2\/media\/624052"}],"wp:attachment":[{"href":"https:\/\/influencesport.ca\/en\/wp-json\/wp\/v2\/media?parent=621076"}],"wp:term":[{"taxonomy":"product_brand","embeddable":true,"href":"https:\/\/influencesport.ca\/en\/wp-json\/wp\/v2\/product_brand?post=621076"},{"taxonomy":"product_cat","embeddable":true,"href":"https:\/\/influencesport.ca\/en\/wp-json\/wp\/v2\/product_cat?post=621076"},{"taxonomy":"product_tag","embeddable":true,"href":"https:\/\/influencesport.ca\/en\/wp-json\/wp\/v2\/product_tag?post=621076"}],"curies":[{"name":"wp","href":"https:\/\/api.w.org\/{rel}","templated":true}]}}