{"id":620931,"date":"2025-09-26T01:58:15","date_gmt":"2025-09-26T05:58:15","guid":{"rendered":"https:\/\/influencesport.ca\/?post_type=product&#038;p=620931"},"modified":"2026-04-17T15:53:51","modified_gmt":"2026-04-17T19:53:51","slug":"adidas-maillot-juventus-third-2025-2026","status":"publish","type":"product","link":"https:\/\/influencesport.ca\/en\/produit\/adidas-maillot-juventus-third-2025-2026\/","title":{"rendered":"Adidas Maillot Juventus Third 2025\/2026"},"content":{"rendered":"","protected":false},"excerpt":{"rendered":"<p><strong>D\u00e9tails sur le produit : KC3486<\/strong><\/p>\n<p>L\u00e8ve ton verre \u00e0 tes h\u00e9ros du football avec un maillot de la Juventus qui rend hommage \u00e0 la tradition viticole du Pi\u00e9mont. Se d\u00e9marquant du coloris noir, un logo Tr\u00e8fle adidas brod\u00e9 et le blason classique du club sont combin\u00e9s \u00e0 des graphismes subtils inspir\u00e9s de la vigne pour cr\u00e9er un look sobre et \u00e9l\u00e9gant. Con\u00e7u pour offrir un confort maximum aux fans, ce mod\u00e8le est confectionn\u00e9 dans un tissu doux et \u00e9quip\u00e9 de la technologie AEROREADY qui \u00e9vacue la transpiration.<\/p>\n","protected":false},"featured_media":624016,"template":"","meta":{"_et_pb_use_builder":"","_et_pb_old_content":"","_et_gb_content_width":""},"product_brand":[],"product_cat":[92],"product_tag":[],"class_list":{"0":"post-620931","1":"product","2":"type-product","3":"status-publish","4":"has-post-thumbnail","6":"product_cat-articles-de-club","8":"first","9":"instock","10":"taxable","11":"shipping-taxable","12":"purchasable","13":"product-type-variable"},"tiered_pricing_type":"fixed","tiered_pricing_fixed_rules":[],"tiered_pricing_product_settings":{"layout":"default","base_unit_name":{"singular":null,"plural":null},"default_variation":null},"tiered_pricing_minimum_quantity":null,"tiered_pricing_roles_data":[],"tiered_pricing_percentage_rules":[],"_links":{"self":[{"href":"https:\/\/influencesport.ca\/en\/wp-json\/wp\/v2\/product\/620931","targetHints":{"allow":["GET"]}}],"collection":[{"href":"https:\/\/influencesport.ca\/en\/wp-json\/wp\/v2\/product"}],"about":[{"href":"https:\/\/influencesport.ca\/en\/wp-json\/wp\/v2\/types\/product"}],"wp:featuredmedia":[{"embeddable":true,"href":"https:\/\/influencesport.ca\/en\/wp-json\/wp\/v2\/media\/624016"}],"wp:attachment":[{"href":"https:\/\/influencesport.ca\/en\/wp-json\/wp\/v2\/media?parent=620931"}],"wp:term":[{"taxonomy":"product_brand","embeddable":true,"href":"https:\/\/influencesport.ca\/en\/wp-json\/wp\/v2\/product_brand?post=620931"},{"taxonomy":"product_cat","embeddable":true,"href":"https:\/\/influencesport.ca\/en\/wp-json\/wp\/v2\/product_cat?post=620931"},{"taxonomy":"product_tag","embeddable":true,"href":"https:\/\/influencesport.ca\/en\/wp-json\/wp\/v2\/product_tag?post=620931"}],"curies":[{"name":"wp","href":"https:\/\/api.w.org\/{rel}","templated":true}]}}