{"id":620925,"date":"2025-09-26T01:58:04","date_gmt":"2025-09-26T05:58:04","guid":{"rendered":"https:\/\/influencesport.ca\/?post_type=product&#038;p=620925"},"modified":"2026-04-17T15:53:52","modified_gmt":"2026-04-17T19:53:52","slug":"adidas-maillot-real-madrid-third-2025-2026","status":"publish","type":"product","link":"https:\/\/influencesport.ca\/en\/produit\/adidas-maillot-real-madrid-third-2025-2026\/","title":{"rendered":"Adidas Maillot R\u00e9al Madrid Third 2025\/2026"},"content":{"rendered":"","protected":false},"excerpt":{"rendered":"<p><strong>D\u00e9tails sur le produit : JV5845<\/strong><\/p>\n<p>Le bleu est \u00e0 l&#8217;aise. Ce troisi\u00e8me maillot du Real Madrid arbore une teinte ch\u00e8re au c\u0153ur des Madridistas et des fans des 3 bandes. Un coloris adidas Originals classique, subtil clin d&#8217;\u0153il \u00e0 l&#8217;identit\u00e9 du Bernab\u00e9u, parfait pour c\u00e9l\u00e9brer le duo footballistique ultime. Les 3 bandes dentel\u00e9es et le Tr\u00e8fle ajoutent une touche d&#8217;\u00e9l\u00e9gance \u00e0 l&#8217;h\u00e9ritage adidas. La technologie AEROREADY, qui \u00e9vacue l&#8217;humidit\u00e9, permet aux supporters de rester concentr\u00e9s.<\/p>\n","protected":false},"featured_media":624002,"template":"","meta":{"_et_pb_use_builder":"","_et_pb_old_content":"","_et_gb_content_width":""},"product_brand":[],"product_cat":[92],"product_tag":[],"class_list":{"0":"post-620925","1":"product","2":"type-product","3":"status-publish","4":"has-post-thumbnail","6":"product_cat-articles-de-club","8":"first","9":"instock","10":"taxable","11":"shipping-taxable","12":"purchasable","13":"product-type-variable"},"tiered_pricing_type":"fixed","tiered_pricing_fixed_rules":[],"tiered_pricing_product_settings":{"layout":"default","base_unit_name":{"singular":null,"plural":null},"default_variation":null},"tiered_pricing_minimum_quantity":null,"tiered_pricing_roles_data":[],"tiered_pricing_percentage_rules":[],"_links":{"self":[{"href":"https:\/\/influencesport.ca\/en\/wp-json\/wp\/v2\/product\/620925","targetHints":{"allow":["GET"]}}],"collection":[{"href":"https:\/\/influencesport.ca\/en\/wp-json\/wp\/v2\/product"}],"about":[{"href":"https:\/\/influencesport.ca\/en\/wp-json\/wp\/v2\/types\/product"}],"wp:featuredmedia":[{"embeddable":true,"href":"https:\/\/influencesport.ca\/en\/wp-json\/wp\/v2\/media\/624002"}],"wp:attachment":[{"href":"https:\/\/influencesport.ca\/en\/wp-json\/wp\/v2\/media?parent=620925"}],"wp:term":[{"taxonomy":"product_brand","embeddable":true,"href":"https:\/\/influencesport.ca\/en\/wp-json\/wp\/v2\/product_brand?post=620925"},{"taxonomy":"product_cat","embeddable":true,"href":"https:\/\/influencesport.ca\/en\/wp-json\/wp\/v2\/product_cat?post=620925"},{"taxonomy":"product_tag","embeddable":true,"href":"https:\/\/influencesport.ca\/en\/wp-json\/wp\/v2\/product_tag?post=620925"}],"curies":[{"name":"wp","href":"https:\/\/api.w.org\/{rel}","templated":true}]}}