{"id":620914,"date":"2025-09-26T01:57:45","date_gmt":"2025-09-26T05:57:45","guid":{"rendered":"https:\/\/influencesport.ca\/?post_type=product&#038;p=620914"},"modified":"2026-04-17T15:53:53","modified_gmt":"2026-04-17T19:53:53","slug":"adidas-predator-elite-ag-3","status":"publish","type":"product","link":"https:\/\/influencesport.ca\/en\/produit\/adidas-predator-elite-ag-3\/","title":{"rendered":"Adidas Predator Elite AG"},"content":{"rendered":"","protected":false},"excerpt":{"rendered":"<p><strong>D\u00e9tails sur le produit : JS4323<\/strong><\/p>\n<p>D\u00e9couvrez la diff\u00e9rence entre viser le but et \u00eatre s\u00fbr de le marquer avec les chaussures adidas Predator, con\u00e7ues pour le but. Ces chaussures Elite sont dot\u00e9es d&#8217;une tige HybridTouch avec des ailerons Strikeskin en caoutchouc strat\u00e9giquement plac\u00e9s pour un contact parfait avec le ballon. La semelle ext\u00e9rieure Traxionframe pour gazon synth\u00e9tique et le col adidas PRIMEKNIT sont con\u00e7us pour vous offrir une position stable lorsque le but est \u00e0 votre port\u00e9e.<\/p>\n","protected":false},"featured_media":623988,"template":"","meta":{"_et_pb_use_builder":"","_et_pb_old_content":"","_et_gb_content_width":""},"product_brand":[],"product_cat":[17,16],"product_tag":[],"class_list":{"0":"post-620914","1":"product","2":"type-product","3":"status-publish","4":"has-post-thumbnail","6":"product_cat-crampons","7":"product_cat-souliers-soccer","9":"first","10":"instock","11":"taxable","12":"shipping-taxable","13":"purchasable","14":"product-type-variable"},"tiered_pricing_type":"fixed","tiered_pricing_fixed_rules":[],"tiered_pricing_product_settings":{"layout":"default","base_unit_name":{"singular":null,"plural":null},"default_variation":null},"tiered_pricing_minimum_quantity":null,"tiered_pricing_roles_data":[],"tiered_pricing_percentage_rules":[],"_links":{"self":[{"href":"https:\/\/influencesport.ca\/en\/wp-json\/wp\/v2\/product\/620914","targetHints":{"allow":["GET"]}}],"collection":[{"href":"https:\/\/influencesport.ca\/en\/wp-json\/wp\/v2\/product"}],"about":[{"href":"https:\/\/influencesport.ca\/en\/wp-json\/wp\/v2\/types\/product"}],"wp:featuredmedia":[{"embeddable":true,"href":"https:\/\/influencesport.ca\/en\/wp-json\/wp\/v2\/media\/623988"}],"wp:attachment":[{"href":"https:\/\/influencesport.ca\/en\/wp-json\/wp\/v2\/media?parent=620914"}],"wp:term":[{"taxonomy":"product_brand","embeddable":true,"href":"https:\/\/influencesport.ca\/en\/wp-json\/wp\/v2\/product_brand?post=620914"},{"taxonomy":"product_cat","embeddable":true,"href":"https:\/\/influencesport.ca\/en\/wp-json\/wp\/v2\/product_cat?post=620914"},{"taxonomy":"product_tag","embeddable":true,"href":"https:\/\/influencesport.ca\/en\/wp-json\/wp\/v2\/product_tag?post=620914"}],"curies":[{"name":"wp","href":"https:\/\/api.w.org\/{rel}","templated":true}]}}