{"id":620901,"date":"2025-09-26T01:57:22","date_gmt":"2025-09-26T05:57:22","guid":{"rendered":"https:\/\/influencesport.ca\/?post_type=product&#038;p=620901"},"modified":"2026-04-17T15:53:54","modified_gmt":"2026-04-17T19:53:54","slug":"adidas-copa-indoor-court-club","status":"publish","type":"product","link":"https:\/\/influencesport.ca\/en\/produit\/adidas-copa-indoor-court-club\/","title":{"rendered":"Adidas Copa Indoor Court Club"},"content":{"rendered":"","protected":false},"excerpt":{"rendered":"<p><strong>D\u00e9tails sur le produit : JR2891<\/strong><\/p>\n<p>Affichez votre style sur les terrains indoor. Ces chaussures de football adidas Copa Court Club sont dot\u00e9es d&#8217;une tige en mesh l\u00e9ger, d&#8217;une languette rembourr\u00e9e et d&#8217;une doublure douce pour vous garder au frais et \u00e0 l&#8217;aise lors de vos matchs rapides. En dessous, une semelle ext\u00e9rieure en caoutchouc non marquant vous aide \u00e0 trouver votre rythme sur les surfaces planes sans laisser de traces.<\/p>\n","protected":false},"featured_media":623975,"template":"","meta":{"_et_pb_use_builder":"","_et_pb_old_content":"","_et_gb_content_width":""},"product_brand":[],"product_cat":[37,16],"product_tag":[],"class_list":{"0":"post-620901","1":"product","2":"type-product","3":"status-publish","4":"has-post-thumbnail","6":"product_cat-futsal","7":"product_cat-souliers-soccer","9":"first","10":"instock","11":"taxable","12":"shipping-taxable","13":"purchasable","14":"product-type-variable"},"tiered_pricing_type":"fixed","tiered_pricing_fixed_rules":[],"tiered_pricing_product_settings":{"layout":"default","base_unit_name":{"singular":null,"plural":null},"default_variation":null},"tiered_pricing_minimum_quantity":null,"tiered_pricing_roles_data":[],"tiered_pricing_percentage_rules":[],"_links":{"self":[{"href":"https:\/\/influencesport.ca\/en\/wp-json\/wp\/v2\/product\/620901","targetHints":{"allow":["GET"]}}],"collection":[{"href":"https:\/\/influencesport.ca\/en\/wp-json\/wp\/v2\/product"}],"about":[{"href":"https:\/\/influencesport.ca\/en\/wp-json\/wp\/v2\/types\/product"}],"wp:featuredmedia":[{"embeddable":true,"href":"https:\/\/influencesport.ca\/en\/wp-json\/wp\/v2\/media\/623975"}],"wp:attachment":[{"href":"https:\/\/influencesport.ca\/en\/wp-json\/wp\/v2\/media?parent=620901"}],"wp:term":[{"taxonomy":"product_brand","embeddable":true,"href":"https:\/\/influencesport.ca\/en\/wp-json\/wp\/v2\/product_brand?post=620901"},{"taxonomy":"product_cat","embeddable":true,"href":"https:\/\/influencesport.ca\/en\/wp-json\/wp\/v2\/product_cat?post=620901"},{"taxonomy":"product_tag","embeddable":true,"href":"https:\/\/influencesport.ca\/en\/wp-json\/wp\/v2\/product_tag?post=620901"}],"curies":[{"name":"wp","href":"https:\/\/api.w.org\/{rel}","templated":true}]}}