{"id":620895,"date":"2025-09-26T01:57:10","date_gmt":"2025-09-26T05:57:10","guid":{"rendered":"https:\/\/influencesport.ca\/?post_type=product&#038;p=620895"},"modified":"2025-10-06T17:30:18","modified_gmt":"2025-10-06T21:30:18","slug":"adidas-f50-messi-pro-fg-2","status":"publish","type":"product","link":"https:\/\/influencesport.ca\/en\/produit\/adidas-f50-messi-pro-fg-2\/","title":{"rendered":"Adidas F50 Messi Pro FG"},"content":{"rendered":"","protected":false},"excerpt":{"rendered":"<p><strong>D\u00e9tails sur le produit : JQ7953<\/strong><\/p>\n<p>Con\u00e7ues pour la vitesse, taill\u00e9es pour Lionel Messi, ces chaussures de football adidas Pro font partie d&#8217;une collection con\u00e7ue pour r\u00e9pondre aux exigences du GOAT sur le terrain. Offrant un toucher cuir, leur tige flexible HybridTouch est dot\u00e9e d&#8217;une languette tricot\u00e9e \u00ab burrito \u00bb pour une ouverture plus large et un ajustement confortable. La semelle ext\u00e9rieure Sprintshell 360 est con\u00e7ue pour une foul\u00e9e rapide sur gazon sec.<\/p>\n","protected":false},"featured_media":623961,"template":"","meta":{"_et_pb_use_builder":"","_et_pb_old_content":"","_et_gb_content_width":""},"product_brand":[],"product_cat":[17,16],"product_tag":[],"class_list":{"0":"post-620895","1":"product","2":"type-product","3":"status-publish","4":"has-post-thumbnail","6":"product_cat-crampons","7":"product_cat-souliers-soccer","9":"first","10":"instock","11":"featured","12":"taxable","13":"shipping-taxable","14":"purchasable","15":"product-type-variable"},"tiered_pricing_type":"fixed","tiered_pricing_fixed_rules":[],"tiered_pricing_product_settings":{"layout":"default","base_unit_name":{"singular":null,"plural":null},"default_variation":null},"tiered_pricing_minimum_quantity":null,"tiered_pricing_roles_data":[],"tiered_pricing_percentage_rules":[],"_links":{"self":[{"href":"https:\/\/influencesport.ca\/en\/wp-json\/wp\/v2\/product\/620895","targetHints":{"allow":["GET"]}}],"collection":[{"href":"https:\/\/influencesport.ca\/en\/wp-json\/wp\/v2\/product"}],"about":[{"href":"https:\/\/influencesport.ca\/en\/wp-json\/wp\/v2\/types\/product"}],"wp:featuredmedia":[{"embeddable":true,"href":"https:\/\/influencesport.ca\/en\/wp-json\/wp\/v2\/media\/623961"}],"wp:attachment":[{"href":"https:\/\/influencesport.ca\/en\/wp-json\/wp\/v2\/media?parent=620895"}],"wp:term":[{"taxonomy":"product_brand","embeddable":true,"href":"https:\/\/influencesport.ca\/en\/wp-json\/wp\/v2\/product_brand?post=620895"},{"taxonomy":"product_cat","embeddable":true,"href":"https:\/\/influencesport.ca\/en\/wp-json\/wp\/v2\/product_cat?post=620895"},{"taxonomy":"product_tag","embeddable":true,"href":"https:\/\/influencesport.ca\/en\/wp-json\/wp\/v2\/product_tag?post=620895"}],"curies":[{"name":"wp","href":"https:\/\/api.w.org\/{rel}","templated":true}]}}