{"id":620886,"date":"2025-09-26T01:56:54","date_gmt":"2025-09-26T05:56:54","guid":{"rendered":"https:\/\/influencesport.ca\/?post_type=product&#038;p=620886"},"modified":"2026-04-17T15:53:56","modified_gmt":"2026-04-17T19:53:56","slug":"adidas-f50-messi-elite-fg-2","status":"publish","type":"product","link":"https:\/\/influencesport.ca\/en\/produit\/adidas-f50-messi-elite-fg-2\/","title":{"rendered":"Adidas F50 Messi Elite FG"},"content":{"rendered":"","protected":false},"excerpt":{"rendered":"<p><strong>D\u00e9tails sur le produit : JP7435<\/strong><\/p>\n<p>Con\u00e7ues pour la vitesse, taill\u00e9es pour Lionel Messi, ces chaussures de football adidas Elite font partie d&#8217;une collection con\u00e7ue pour r\u00e9pondre aux exigences du GOAT sur le terrain. Offrant un toucher cuir, leur tige flexible HybridTouch est dot\u00e9e d&#8217;une languette tricot\u00e9e \u00ab burrito \u00bb pour une ouverture plus large et un ajustement confortable. La semelle ext\u00e9rieure Sprintframe 360 \u200b\u200best con\u00e7ue pour une foul\u00e9e rapide sur gazon sec.<\/p>\n","protected":false},"featured_media":623947,"template":"","meta":{"_et_pb_use_builder":"","_et_pb_old_content":"","_et_gb_content_width":""},"product_brand":[],"product_cat":[17,16],"product_tag":[],"class_list":{"0":"post-620886","1":"product","2":"type-product","3":"status-publish","4":"has-post-thumbnail","6":"product_cat-crampons","7":"product_cat-souliers-soccer","9":"first","10":"instock","11":"taxable","12":"shipping-taxable","13":"purchasable","14":"product-type-variable"},"tiered_pricing_type":"fixed","tiered_pricing_fixed_rules":[],"tiered_pricing_product_settings":{"layout":"default","base_unit_name":{"singular":null,"plural":null},"default_variation":null},"tiered_pricing_minimum_quantity":null,"tiered_pricing_roles_data":[],"tiered_pricing_percentage_rules":[],"_links":{"self":[{"href":"https:\/\/influencesport.ca\/en\/wp-json\/wp\/v2\/product\/620886","targetHints":{"allow":["GET"]}}],"collection":[{"href":"https:\/\/influencesport.ca\/en\/wp-json\/wp\/v2\/product"}],"about":[{"href":"https:\/\/influencesport.ca\/en\/wp-json\/wp\/v2\/types\/product"}],"wp:featuredmedia":[{"embeddable":true,"href":"https:\/\/influencesport.ca\/en\/wp-json\/wp\/v2\/media\/623947"}],"wp:attachment":[{"href":"https:\/\/influencesport.ca\/en\/wp-json\/wp\/v2\/media?parent=620886"}],"wp:term":[{"taxonomy":"product_brand","embeddable":true,"href":"https:\/\/influencesport.ca\/en\/wp-json\/wp\/v2\/product_brand?post=620886"},{"taxonomy":"product_cat","embeddable":true,"href":"https:\/\/influencesport.ca\/en\/wp-json\/wp\/v2\/product_cat?post=620886"},{"taxonomy":"product_tag","embeddable":true,"href":"https:\/\/influencesport.ca\/en\/wp-json\/wp\/v2\/product_tag?post=620886"}],"curies":[{"name":"wp","href":"https:\/\/api.w.org\/{rel}","templated":true}]}}