{"id":620870,"date":"2025-09-26T01:56:21","date_gmt":"2025-09-26T05:56:21","guid":{"rendered":"https:\/\/influencesport.ca\/?post_type=product&#038;p=620870"},"modified":"2026-04-17T15:53:58","modified_gmt":"2026-04-17T19:53:58","slug":"adidas-predator-elite-ft-fg-3","status":"publish","type":"product","link":"https:\/\/influencesport.ca\/en\/produit\/adidas-predator-elite-ft-fg-3\/","title":{"rendered":"Adidas Predator Elite FT FG"},"content":{"rendered":"","protected":false},"excerpt":{"rendered":"<p><strong>D\u00e9tails sur le produit : JI1093<\/strong><\/p>\n<p>D\u00e9couvrez la diff\u00e9rence entre viser le but et \u00eatre s\u00fbr de le marquer avec les crampons adidas Predator, con\u00e7us pour le but. Ces crampons Elite sont dot\u00e9s d&#8217;une tige HybridTouch avec languette repliable et d&#8217;ailettes Strikeskin en caoutchouc pour un contact parfait avec le ballon. La semelle ext\u00e9rieure Controlframe 2.0 pour terrain sec et le col adidas PRIMEKNIT sont con\u00e7us pour vous offrir une position stable lorsque le but est \u00e0 votre merci.<\/p>\n","protected":false},"featured_media":623922,"template":"","meta":{"_et_pb_use_builder":"","_et_pb_old_content":"","_et_gb_content_width":""},"product_brand":[],"product_cat":[17,16],"product_tag":[],"class_list":{"0":"post-620870","1":"product","2":"type-product","3":"status-publish","4":"has-post-thumbnail","6":"product_cat-crampons","7":"product_cat-souliers-soccer","9":"first","10":"instock","11":"taxable","12":"shipping-taxable","13":"purchasable","14":"product-type-variable"},"tiered_pricing_type":"fixed","tiered_pricing_fixed_rules":[],"tiered_pricing_product_settings":{"layout":"default","base_unit_name":{"singular":null,"plural":null},"default_variation":null},"tiered_pricing_minimum_quantity":null,"tiered_pricing_roles_data":[],"tiered_pricing_percentage_rules":[],"_links":{"self":[{"href":"https:\/\/influencesport.ca\/en\/wp-json\/wp\/v2\/product\/620870","targetHints":{"allow":["GET"]}}],"collection":[{"href":"https:\/\/influencesport.ca\/en\/wp-json\/wp\/v2\/product"}],"about":[{"href":"https:\/\/influencesport.ca\/en\/wp-json\/wp\/v2\/types\/product"}],"wp:featuredmedia":[{"embeddable":true,"href":"https:\/\/influencesport.ca\/en\/wp-json\/wp\/v2\/media\/623922"}],"wp:attachment":[{"href":"https:\/\/influencesport.ca\/en\/wp-json\/wp\/v2\/media?parent=620870"}],"wp:term":[{"taxonomy":"product_brand","embeddable":true,"href":"https:\/\/influencesport.ca\/en\/wp-json\/wp\/v2\/product_brand?post=620870"},{"taxonomy":"product_cat","embeddable":true,"href":"https:\/\/influencesport.ca\/en\/wp-json\/wp\/v2\/product_cat?post=620870"},{"taxonomy":"product_tag","embeddable":true,"href":"https:\/\/influencesport.ca\/en\/wp-json\/wp\/v2\/product_tag?post=620870"}],"curies":[{"name":"wp","href":"https:\/\/api.w.org\/{rel}","templated":true}]}}