{"id":620862,"date":"2025-09-26T01:56:07","date_gmt":"2025-09-26T05:56:07","guid":{"rendered":"https:\/\/influencesport.ca\/?post_type=product&#038;p=620862"},"modified":"2026-04-17T15:53:59","modified_gmt":"2026-04-17T19:53:59","slug":"predator-elite-fg","status":"publish","type":"product","link":"https:\/\/influencesport.ca\/en\/produit\/predator-elite-fg\/","title":{"rendered":"Predator Elite FG"},"content":{"rendered":"","protected":false},"excerpt":{"rendered":"<p><strong>D\u00e9tails sur le produit : JI1083<\/strong><\/p>\n<p>D\u00e9couvre la diff\u00e9rence entre vouloir marquer et savoir que tu vas le faire gr\u00e2ce \u00e0 cette chaussure adidas Predator con\u00e7ue pour faire trembler les filets. Cette chaussure Elite poss\u00e8de une tige HybridTouch avec des ailettes Strikeskin en caoutchouc plac\u00e9es aux endroits strat\u00e9giques pour un toucher de balle exceptionnel. La semelle ext\u00e9rieure Controlframe\u00a02.0 pour terrain souple et le col adidas PRIMEKNIT t&#8217;assurent une stabilit\u00e9 sup\u00e9rieure devant la cage du gardien.<\/p>\n","protected":false},"featured_media":623910,"template":"","meta":{"_et_pb_use_builder":"","_et_pb_old_content":"","_et_gb_content_width":""},"product_brand":[],"product_cat":[17,16],"product_tag":[],"class_list":{"0":"post-620862","1":"product","2":"type-product","3":"status-publish","4":"has-post-thumbnail","6":"product_cat-crampons","7":"product_cat-souliers-soccer","9":"first","10":"instock","11":"taxable","12":"shipping-taxable","13":"purchasable","14":"product-type-variable"},"tiered_pricing_type":"fixed","tiered_pricing_fixed_rules":[],"tiered_pricing_product_settings":{"layout":"default","base_unit_name":{"singular":null,"plural":null},"default_variation":null},"tiered_pricing_minimum_quantity":null,"tiered_pricing_roles_data":[],"tiered_pricing_percentage_rules":[],"_links":{"self":[{"href":"https:\/\/influencesport.ca\/en\/wp-json\/wp\/v2\/product\/620862","targetHints":{"allow":["GET"]}}],"collection":[{"href":"https:\/\/influencesport.ca\/en\/wp-json\/wp\/v2\/product"}],"about":[{"href":"https:\/\/influencesport.ca\/en\/wp-json\/wp\/v2\/types\/product"}],"wp:featuredmedia":[{"embeddable":true,"href":"https:\/\/influencesport.ca\/en\/wp-json\/wp\/v2\/media\/623910"}],"wp:attachment":[{"href":"https:\/\/influencesport.ca\/en\/wp-json\/wp\/v2\/media?parent=620862"}],"wp:term":[{"taxonomy":"product_brand","embeddable":true,"href":"https:\/\/influencesport.ca\/en\/wp-json\/wp\/v2\/product_brand?post=620862"},{"taxonomy":"product_cat","embeddable":true,"href":"https:\/\/influencesport.ca\/en\/wp-json\/wp\/v2\/product_cat?post=620862"},{"taxonomy":"product_tag","embeddable":true,"href":"https:\/\/influencesport.ca\/en\/wp-json\/wp\/v2\/product_tag?post=620862"}],"curies":[{"name":"wp","href":"https:\/\/api.w.org\/{rel}","templated":true}]}}