{"id":620851,"date":"2025-09-26T01:55:48","date_gmt":"2025-09-26T05:55:48","guid":{"rendered":"https:\/\/influencesport.ca\/?post_type=product&#038;p=620851"},"modified":"2026-04-17T15:53:59","modified_gmt":"2026-04-17T19:53:59","slug":"adidas-f50-club-fg-mg-2","status":"publish","type":"product","link":"https:\/\/influencesport.ca\/en\/produit\/adidas-f50-club-fg-mg-2\/","title":{"rendered":"Adidas F50 Club FG\/MG"},"content":{"rendered":"","protected":false},"excerpt":{"rendered":"<p><strong>D\u00e9tails sur le produit : JI0045<\/strong><\/p>\n<p>Trouvez votre vitesse pour vous exprimer pleinement sur le terrain. Vivez l&#8217;adidas F50, une chaussure con\u00e7ue pour la vitesse. Ces chaussures de football Club vous offrent un confort optimal en d\u00e9placement gr\u00e2ce \u00e0 leur tige Fiberskin offrant un excellent maintien et une languette perfor\u00e9e. Retournez-les et d\u00e9couvrez une semelle ext\u00e9rieure qui favorise un jeu rapide sur terrain sec et synth\u00e9tique.<\/p>\n","protected":false},"featured_media":623901,"template":"","meta":{"_et_pb_use_builder":"","_et_pb_old_content":"","_et_gb_content_width":""},"product_brand":[],"product_cat":[17,16],"product_tag":[],"class_list":{"0":"post-620851","1":"product","2":"type-product","3":"status-publish","4":"has-post-thumbnail","6":"product_cat-crampons","7":"product_cat-souliers-soccer","9":"first","10":"instock","11":"taxable","12":"shipping-taxable","13":"purchasable","14":"product-type-variable"},"tiered_pricing_type":"fixed","tiered_pricing_fixed_rules":[],"tiered_pricing_product_settings":{"layout":"default","base_unit_name":{"singular":null,"plural":null},"default_variation":null},"tiered_pricing_minimum_quantity":null,"tiered_pricing_roles_data":[],"tiered_pricing_percentage_rules":[],"_links":{"self":[{"href":"https:\/\/influencesport.ca\/en\/wp-json\/wp\/v2\/product\/620851","targetHints":{"allow":["GET"]}}],"collection":[{"href":"https:\/\/influencesport.ca\/en\/wp-json\/wp\/v2\/product"}],"about":[{"href":"https:\/\/influencesport.ca\/en\/wp-json\/wp\/v2\/types\/product"}],"wp:featuredmedia":[{"embeddable":true,"href":"https:\/\/influencesport.ca\/en\/wp-json\/wp\/v2\/media\/623901"}],"wp:attachment":[{"href":"https:\/\/influencesport.ca\/en\/wp-json\/wp\/v2\/media?parent=620851"}],"wp:term":[{"taxonomy":"product_brand","embeddable":true,"href":"https:\/\/influencesport.ca\/en\/wp-json\/wp\/v2\/product_brand?post=620851"},{"taxonomy":"product_cat","embeddable":true,"href":"https:\/\/influencesport.ca\/en\/wp-json\/wp\/v2\/product_cat?post=620851"},{"taxonomy":"product_tag","embeddable":true,"href":"https:\/\/influencesport.ca\/en\/wp-json\/wp\/v2\/product_tag?post=620851"}],"curies":[{"name":"wp","href":"https:\/\/api.w.org\/{rel}","templated":true}]}}