{"id":620839,"date":"2025-09-26T01:55:26","date_gmt":"2025-09-26T05:55:26","guid":{"rendered":"https:\/\/influencesport.ca\/?post_type=product&#038;p=620839"},"modified":"2026-04-17T15:54:01","modified_gmt":"2026-04-17T19:54:01","slug":"adidas-f50-club-in-j-4","status":"publish","type":"product","link":"https:\/\/influencesport.ca\/en\/produit\/adidas-f50-club-in-j-4\/","title":{"rendered":"Adidas F50 Club IN J"},"content":{"rendered":"","protected":false},"excerpt":{"rendered":"<p><strong>D\u00e9tails sur le produit : JI0041<\/strong><\/p>\n<p>Trouvez votre vitesse pour vous exprimer pleinement sur le terrain. Vivez l&#8217;adidas F50, une chaussure con\u00e7ue pour la vitesse. Ces chaussures de football junior Club vous offrent un confort optimal en d\u00e9placement gr\u00e2ce \u00e0 leur tige synth\u00e9tique l\u00e9g\u00e8re et leur languette perfor\u00e9e. Retournez-les et d\u00e9couvrez une semelle ext\u00e9rieure en caoutchouc adh\u00e9rente qui favorise un jeu rapide sur terrains plats en salle.<\/p>\n","protected":false},"featured_media":623889,"template":"","meta":{"_et_pb_use_builder":"","_et_pb_old_content":"","_et_gb_content_width":""},"product_brand":[],"product_cat":[37,16],"product_tag":[],"class_list":{"0":"post-620839","1":"product","2":"type-product","3":"status-publish","4":"has-post-thumbnail","6":"product_cat-futsal","7":"product_cat-souliers-soccer","9":"first","10":"instock","11":"taxable","12":"shipping-taxable","13":"purchasable","14":"product-type-variable"},"tiered_pricing_type":"fixed","tiered_pricing_fixed_rules":[],"tiered_pricing_product_settings":{"layout":"default","base_unit_name":{"singular":null,"plural":null},"default_variation":null},"tiered_pricing_minimum_quantity":null,"tiered_pricing_roles_data":[],"tiered_pricing_percentage_rules":[],"_links":{"self":[{"href":"https:\/\/influencesport.ca\/en\/wp-json\/wp\/v2\/product\/620839","targetHints":{"allow":["GET"]}}],"collection":[{"href":"https:\/\/influencesport.ca\/en\/wp-json\/wp\/v2\/product"}],"about":[{"href":"https:\/\/influencesport.ca\/en\/wp-json\/wp\/v2\/types\/product"}],"wp:featuredmedia":[{"embeddable":true,"href":"https:\/\/influencesport.ca\/en\/wp-json\/wp\/v2\/media\/623889"}],"wp:attachment":[{"href":"https:\/\/influencesport.ca\/en\/wp-json\/wp\/v2\/media?parent=620839"}],"wp:term":[{"taxonomy":"product_brand","embeddable":true,"href":"https:\/\/influencesport.ca\/en\/wp-json\/wp\/v2\/product_brand?post=620839"},{"taxonomy":"product_cat","embeddable":true,"href":"https:\/\/influencesport.ca\/en\/wp-json\/wp\/v2\/product_cat?post=620839"},{"taxonomy":"product_tag","embeddable":true,"href":"https:\/\/influencesport.ca\/en\/wp-json\/wp\/v2\/product_tag?post=620839"}],"curies":[{"name":"wp","href":"https:\/\/api.w.org\/{rel}","templated":true}]}}