{"id":620815,"date":"2025-09-26T01:54:43","date_gmt":"2025-09-26T05:54:43","guid":{"rendered":"https:\/\/influencesport.ca\/?post_type=product&#038;p=620815"},"modified":"2026-04-17T15:54:03","modified_gmt":"2026-04-17T19:54:03","slug":"adidas-predator-club-in-sala-3","status":"publish","type":"product","link":"https:\/\/influencesport.ca\/en\/produit\/adidas-predator-club-in-sala-3\/","title":{"rendered":"Adidas Predator Club In Sala"},"content":{"rendered":"","protected":false},"excerpt":{"rendered":"<p><strong>D\u00e9tails sur le produit : JH8856<\/strong><\/p>\n<p>D\u00e9couvre la diff\u00e9rence entre vouloir marquer et savoir que tu vas le faire gr\u00e2ce \u00e0 cette chaussure adidas Predator con\u00e7ue pour faire trembler les filets. Cr\u00e9\u00e9e pour le futsal rapide, cette chaussure de football Club poss\u00e8de une tige en mesh a\u00e9r\u00e9e, doubl\u00e9e d&#8217;une mati\u00e8re douce et recouverte de TPU r\u00e9sistant. La semelle ext\u00e9rieure en caoutchouc assure une accroche optimale sur les surfaces indoor plates sans laisser de marque.<\/p>\n","protected":false},"featured_media":623866,"template":"","meta":{"_et_pb_use_builder":"","_et_pb_old_content":"","_et_gb_content_width":""},"product_brand":[],"product_cat":[37,16],"product_tag":[],"class_list":{"0":"post-620815","1":"product","2":"type-product","3":"status-publish","4":"has-post-thumbnail","6":"product_cat-futsal","7":"product_cat-souliers-soccer","9":"first","10":"instock","11":"taxable","12":"shipping-taxable","13":"purchasable","14":"product-type-variable"},"tiered_pricing_type":"fixed","tiered_pricing_fixed_rules":[],"tiered_pricing_product_settings":{"layout":"default","base_unit_name":{"singular":null,"plural":null},"default_variation":null},"tiered_pricing_minimum_quantity":null,"tiered_pricing_roles_data":[],"tiered_pricing_percentage_rules":[],"_links":{"self":[{"href":"https:\/\/influencesport.ca\/en\/wp-json\/wp\/v2\/product\/620815","targetHints":{"allow":["GET"]}}],"collection":[{"href":"https:\/\/influencesport.ca\/en\/wp-json\/wp\/v2\/product"}],"about":[{"href":"https:\/\/influencesport.ca\/en\/wp-json\/wp\/v2\/types\/product"}],"wp:featuredmedia":[{"embeddable":true,"href":"https:\/\/influencesport.ca\/en\/wp-json\/wp\/v2\/media\/623866"}],"wp:attachment":[{"href":"https:\/\/influencesport.ca\/en\/wp-json\/wp\/v2\/media?parent=620815"}],"wp:term":[{"taxonomy":"product_brand","embeddable":true,"href":"https:\/\/influencesport.ca\/en\/wp-json\/wp\/v2\/product_brand?post=620815"},{"taxonomy":"product_cat","embeddable":true,"href":"https:\/\/influencesport.ca\/en\/wp-json\/wp\/v2\/product_cat?post=620815"},{"taxonomy":"product_tag","embeddable":true,"href":"https:\/\/influencesport.ca\/en\/wp-json\/wp\/v2\/product_tag?post=620815"}],"curies":[{"name":"wp","href":"https:\/\/api.w.org\/{rel}","templated":true}]}}