{"id":617250,"date":"2025-09-17T01:51:16","date_gmt":"2025-09-17T05:51:16","guid":{"rendered":"https:\/\/influencesport.ca\/?post_type=product&#038;p=617250"},"modified":"2026-04-17T15:57:29","modified_gmt":"2026-04-17T19:57:29","slug":"adidas-polo-women-3-stripe","status":"publish","type":"product","link":"https:\/\/influencesport.ca\/en\/produit\/adidas-polo-women-3-stripe\/","title":{"rendered":"Adidas Polo Women 3 Stripe"},"content":{"rendered":"","protected":false},"excerpt":{"rendered":"<p><strong>D\u00e9tails sur le produit : JP1802<\/strong><\/p>\n<p>Affirmez votre style sur le court avec ce polo de tennis Club. Dot\u00e9 d&#8217;un col polo \u00e0 deux boutons, il a \u00e9t\u00e9 con\u00e7u pour optimiser votre jeu a\u00e9rien gr\u00e2ce \u00e0 des empi\u00e8cements sous les bras qui lib\u00e8rent vos \u00e9paules. La technologie CLIMACOOL \u00e9vacue et disperse la transpiration pour vous garantir fra\u00eecheur, confort et concentration. Les 3 bandes flottantes sur les manches ajoutent une touche adidas. CLIMACOOL vous aide \u00e0 g\u00e9rer la transpiration gr\u00e2ce \u00e0 des mat\u00e9riaux qui l&#8217;\u00e9vacuent rapidement. Ses fibres \u00e0 s\u00e9chage rapide vous procurent une sensation de fra\u00eecheur. Ce produit est fabriqu\u00e9 avec au moins 70 % de mat\u00e9riaux recycl\u00e9s. En r\u00e9utilisant des mat\u00e9riaux existants, nous contribuons \u00e0 r\u00e9duire les d\u00e9chets et notre d\u00e9pendance aux ressources non renouvelables, et \u00e0 minimiser l&#8217;impact environnemental de nos produits.<\/p>\n","protected":false},"featured_media":672652,"template":"","meta":{"_et_pb_use_builder":"","_et_pb_old_content":"","_et_gb_content_width":""},"product_brand":[],"product_cat":[1791,20],"product_tag":[],"class_list":{"0":"post-617250","1":"product","2":"type-product","3":"status-publish","4":"has-post-thumbnail","6":"product_cat-polo","7":"product_cat-vetements","9":"first","10":"instock","11":"taxable","12":"shipping-taxable","13":"purchasable","14":"product-type-variable"},"tiered_pricing_type":"fixed","tiered_pricing_fixed_rules":[],"tiered_pricing_product_settings":{"layout":"default","base_unit_name":{"singular":null,"plural":null},"default_variation":null},"tiered_pricing_minimum_quantity":null,"tiered_pricing_roles_data":[],"tiered_pricing_percentage_rules":[],"_links":{"self":[{"href":"https:\/\/influencesport.ca\/en\/wp-json\/wp\/v2\/product\/617250","targetHints":{"allow":["GET"]}}],"collection":[{"href":"https:\/\/influencesport.ca\/en\/wp-json\/wp\/v2\/product"}],"about":[{"href":"https:\/\/influencesport.ca\/en\/wp-json\/wp\/v2\/types\/product"}],"wp:featuredmedia":[{"embeddable":true,"href":"https:\/\/influencesport.ca\/en\/wp-json\/wp\/v2\/media\/672652"}],"wp:attachment":[{"href":"https:\/\/influencesport.ca\/en\/wp-json\/wp\/v2\/media?parent=617250"}],"wp:term":[{"taxonomy":"product_brand","embeddable":true,"href":"https:\/\/influencesport.ca\/en\/wp-json\/wp\/v2\/product_brand?post=617250"},{"taxonomy":"product_cat","embeddable":true,"href":"https:\/\/influencesport.ca\/en\/wp-json\/wp\/v2\/product_cat?post=617250"},{"taxonomy":"product_tag","embeddable":true,"href":"https:\/\/influencesport.ca\/en\/wp-json\/wp\/v2\/product_tag?post=617250"}],"curies":[{"name":"wp","href":"https:\/\/api.w.org\/{rel}","templated":true}]}}