{"id":617243,"date":"2025-09-17T01:50:59","date_gmt":"2025-09-17T05:50:59","guid":{"rendered":"https:\/\/influencesport.ca\/?post_type=product&#038;p=617243"},"modified":"2026-04-17T16:00:23","modified_gmt":"2026-04-17T20:00:23","slug":"adidas-club-3str-polo-noir","status":"publish","type":"product","link":"https:\/\/influencesport.ca\/en\/produit\/adidas-club-3str-polo-noir\/","title":{"rendered":"Adidas Club 3STR Polo Noir"},"content":{"rendered":"","protected":false},"excerpt":{"rendered":"<p><strong>D\u00e9tails sur le produit : JG0985<\/strong><\/p>\n<p>Impose ton style sur le court avec ce polo de tennis Club. Dot\u00e9 d&#8217;un col polo \u00e0 deux boutons, il a \u00e9t\u00e9 cr\u00e9\u00e9 pour optimiser tes smashs avec son design FreeLift qui offre une totale libert\u00e9 de mouvements au niveau des \u00e9paules. 3 bandes sur les manches ajoutent une touche adidas authentique. Ce produit est con\u00e7u avec des mat\u00e9riaux 100 % recycl\u00e9s. En r\u00e9utilisant des mat\u00e9riaux d\u00e9j\u00e0 cr\u00e9\u00e9s, nous contribuons \u00e0 r\u00e9duire les d\u00e9chets et notre d\u00e9pendance aux ressources limit\u00e9es, afin de r\u00e9duire l&#8217;empreinte \u00e9cologique des produits que nous fabriquons.<\/p>\n","protected":false},"featured_media":672660,"template":"","meta":{"_et_pb_use_builder":"","_et_pb_old_content":"","_et_gb_content_width":""},"product_brand":[],"product_cat":[1791,20],"product_tag":[],"class_list":{"0":"post-617243","1":"product","2":"type-product","3":"status-publish","4":"has-post-thumbnail","6":"product_cat-polo","7":"product_cat-vetements","9":"first","10":"instock","11":"taxable","12":"shipping-taxable","13":"purchasable","14":"product-type-variable"},"tiered_pricing_type":"fixed","tiered_pricing_fixed_rules":[],"tiered_pricing_product_settings":{"layout":"default","base_unit_name":{"singular":null,"plural":null},"default_variation":null},"tiered_pricing_minimum_quantity":null,"tiered_pricing_roles_data":[],"tiered_pricing_percentage_rules":[],"_links":{"self":[{"href":"https:\/\/influencesport.ca\/en\/wp-json\/wp\/v2\/product\/617243","targetHints":{"allow":["GET"]}}],"collection":[{"href":"https:\/\/influencesport.ca\/en\/wp-json\/wp\/v2\/product"}],"about":[{"href":"https:\/\/influencesport.ca\/en\/wp-json\/wp\/v2\/types\/product"}],"wp:featuredmedia":[{"embeddable":true,"href":"https:\/\/influencesport.ca\/en\/wp-json\/wp\/v2\/media\/672660"}],"wp:attachment":[{"href":"https:\/\/influencesport.ca\/en\/wp-json\/wp\/v2\/media?parent=617243"}],"wp:term":[{"taxonomy":"product_brand","embeddable":true,"href":"https:\/\/influencesport.ca\/en\/wp-json\/wp\/v2\/product_brand?post=617243"},{"taxonomy":"product_cat","embeddable":true,"href":"https:\/\/influencesport.ca\/en\/wp-json\/wp\/v2\/product_cat?post=617243"},{"taxonomy":"product_tag","embeddable":true,"href":"https:\/\/influencesport.ca\/en\/wp-json\/wp\/v2\/product_tag?post=617243"}],"curies":[{"name":"wp","href":"https:\/\/api.w.org\/{rel}","templated":true}]}}