{"id":613602,"date":"2025-09-12T01:58:15","date_gmt":"2025-09-12T05:58:15","guid":{"rendered":"https:\/\/influencesport.ca\/?post_type=product&#038;p=613602"},"modified":"2026-04-17T16:04:14","modified_gmt":"2026-04-17T20:04:14","slug":"adidas-t-shirt-compression-ls-noir","status":"publish","type":"product","link":"https:\/\/influencesport.ca\/en\/produit\/adidas-t-shirt-compression-ls-noir\/","title":{"rendered":"Adidas T-Shirt Compression LS Noir"},"content":{"rendered":"","protected":false},"excerpt":{"rendered":"<p><strong>D\u00e9tails sur le produit : JE6702<\/strong><\/p>\n<p>La nouvelle coupe de compression TECHFIT est con\u00e7ue avec du jersey AEROREADY et du mesh AEROREADY pour le panneau arri\u00e8re. Cette ventilation en mesh assure une respirabilit\u00e9 optimale qui r\u00e9duit les distractions. Avec ce produit, tu lib\u00e8res ta puissance avec un effet de compression qui enveloppe tes muscles.<\/p>\n","protected":false},"featured_media":672670,"template":"","meta":{"_et_pb_use_builder":"","_et_pb_old_content":"","_et_gb_content_width":""},"product_brand":[],"product_cat":[1587,20],"product_tag":[],"class_list":{"0":"post-613602","1":"product","2":"type-product","3":"status-publish","4":"has-post-thumbnail","6":"product_cat-compression","7":"product_cat-vetements","9":"first","10":"instock","11":"taxable","12":"shipping-taxable","13":"purchasable","14":"product-type-variable"},"tiered_pricing_type":"fixed","tiered_pricing_fixed_rules":[],"tiered_pricing_product_settings":{"layout":"default","base_unit_name":{"singular":null,"plural":null},"default_variation":null},"tiered_pricing_minimum_quantity":null,"tiered_pricing_roles_data":[],"tiered_pricing_percentage_rules":[],"_links":{"self":[{"href":"https:\/\/influencesport.ca\/en\/wp-json\/wp\/v2\/product\/613602","targetHints":{"allow":["GET"]}}],"collection":[{"href":"https:\/\/influencesport.ca\/en\/wp-json\/wp\/v2\/product"}],"about":[{"href":"https:\/\/influencesport.ca\/en\/wp-json\/wp\/v2\/types\/product"}],"wp:featuredmedia":[{"embeddable":true,"href":"https:\/\/influencesport.ca\/en\/wp-json\/wp\/v2\/media\/672670"}],"wp:attachment":[{"href":"https:\/\/influencesport.ca\/en\/wp-json\/wp\/v2\/media?parent=613602"}],"wp:term":[{"taxonomy":"product_brand","embeddable":true,"href":"https:\/\/influencesport.ca\/en\/wp-json\/wp\/v2\/product_brand?post=613602"},{"taxonomy":"product_cat","embeddable":true,"href":"https:\/\/influencesport.ca\/en\/wp-json\/wp\/v2\/product_cat?post=613602"},{"taxonomy":"product_tag","embeddable":true,"href":"https:\/\/influencesport.ca\/en\/wp-json\/wp\/v2\/product_tag?post=613602"}],"curies":[{"name":"wp","href":"https:\/\/api.w.org\/{rel}","templated":true}]}}