{"id":611543,"date":"2025-09-11T01:49:10","date_gmt":"2025-09-11T05:49:10","guid":{"rendered":"https:\/\/influencesport.ca\/?post_type=product&#038;p=611543"},"modified":"2026-04-17T16:09:48","modified_gmt":"2026-04-17T20:09:48","slug":"adidas-squadra-25-jersey-black-h","status":"publish","type":"product","link":"https:\/\/influencesport.ca\/en\/produit\/adidas-squadra-25-jersey-black-h\/","title":{"rendered":"Adidas SQUADRA 25 Jersey Black H"},"content":{"rendered":"","protected":false},"excerpt":{"rendered":"<p><strong>D\u00e9tails sur le produit : JG5832<\/strong><\/p>\n<p>C\u00e9l\u00e8bre l\u2019unit\u00e9 sur le terrain avec un maillot de football qui te donnera l\u2019impression de faire partie de l\u2019\u00e9quipe. Associant une encolure ras-du-cou c\u00f4tel\u00e9e aux 3 bandes iconiques sur les \u00e9paules, il garde le look \u00e9pur\u00e9 pour te permettre d&#8217;ajouter les d\u00e9tails de ton d&#8217;\u00e9quipe. La technologie AEROREADY r\u00e9gule l\u2019humidit\u00e9 pour que tu sois toujours au top.<\/p>\n","protected":false},"featured_media":672686,"template":"","meta":{"_et_pb_use_builder":"","_et_pb_old_content":"","_et_gb_content_width":""},"product_brand":[],"product_cat":[1376,20],"product_tag":[],"class_list":{"0":"post-611543","1":"product","2":"type-product","3":"status-publish","4":"has-post-thumbnail","6":"product_cat-chandails-vetements","7":"product_cat-vetements","9":"first","10":"instock","11":"taxable","12":"shipping-taxable","13":"purchasable","14":"product-type-variable"},"tiered_pricing_type":"fixed","tiered_pricing_fixed_rules":[],"tiered_pricing_product_settings":{"layout":"default","base_unit_name":{"singular":null,"plural":null},"default_variation":null},"tiered_pricing_minimum_quantity":null,"tiered_pricing_roles_data":[],"tiered_pricing_percentage_rules":[],"_links":{"self":[{"href":"https:\/\/influencesport.ca\/en\/wp-json\/wp\/v2\/product\/611543","targetHints":{"allow":["GET"]}}],"collection":[{"href":"https:\/\/influencesport.ca\/en\/wp-json\/wp\/v2\/product"}],"about":[{"href":"https:\/\/influencesport.ca\/en\/wp-json\/wp\/v2\/types\/product"}],"wp:featuredmedia":[{"embeddable":true,"href":"https:\/\/influencesport.ca\/en\/wp-json\/wp\/v2\/media\/672686"}],"wp:attachment":[{"href":"https:\/\/influencesport.ca\/en\/wp-json\/wp\/v2\/media?parent=611543"}],"wp:term":[{"taxonomy":"product_brand","embeddable":true,"href":"https:\/\/influencesport.ca\/en\/wp-json\/wp\/v2\/product_brand?post=611543"},{"taxonomy":"product_cat","embeddable":true,"href":"https:\/\/influencesport.ca\/en\/wp-json\/wp\/v2\/product_cat?post=611543"},{"taxonomy":"product_tag","embeddable":true,"href":"https:\/\/influencesport.ca\/en\/wp-json\/wp\/v2\/product_tag?post=611543"}],"curies":[{"name":"wp","href":"https:\/\/api.w.org\/{rel}","templated":true}]}}