{"id":611404,"date":"2025-09-10T01:49:33","date_gmt":"2025-09-10T05:49:33","guid":{"rendered":"https:\/\/influencesport.ca\/?post_type=product&#038;p=611404"},"modified":"2025-11-29T15:16:55","modified_gmt":"2025-11-29T20:16:55","slug":"adidas-copa-glorio-ii-tf-2","status":"publish","type":"product","link":"https:\/\/influencesport.ca\/en\/produit\/adidas-copa-glorio-ii-tf-2\/","title":{"rendered":"Adidas Copa Glorio II TF"},"content":{"rendered":"","protected":false},"excerpt":{"rendered":"<p><strong>D\u00e9tails sur le produit : IH7302<\/strong><\/p>\n<p>Le style Copa classique revisit\u00e9 pour le joueur moderne. Arborant des d\u00e9tails embl\u00e9matiques inspir\u00e9s du Mundial, dont la c\u00e9l\u00e8bre languette repliable, ces chaussures de football adidas vous offrent un confort optimal gr\u00e2ce \u00e0 leur tige en cuir de vache. Reposant sur une semelle ext\u00e9rieure en caoutchouc crant\u00e9e con\u00e7ue pour les terrains synth\u00e9tiques, la semelle interm\u00e9diaire Lightstrike r\u00e9active vous garantit une grande libert\u00e9 de mouvement.<\/p>\n","protected":false},"featured_media":623854,"template":"","meta":{"_et_pb_use_builder":"","_et_pb_old_content":"","_et_gb_content_width":""},"product_brand":[],"product_cat":[16,84],"product_tag":[],"class_list":{"0":"post-611404","1":"product","2":"type-product","3":"status-publish","4":"has-post-thumbnail","6":"product_cat-souliers-soccer","7":"product_cat-terrain-synthetique","9":"first","10":"instock","11":"taxable","12":"shipping-taxable","13":"purchasable","14":"product-type-variable"},"tiered_pricing_type":"fixed","tiered_pricing_fixed_rules":[],"tiered_pricing_product_settings":{"layout":"default","base_unit_name":{"singular":null,"plural":null},"default_variation":null},"tiered_pricing_minimum_quantity":null,"tiered_pricing_roles_data":[],"tiered_pricing_percentage_rules":[],"_links":{"self":[{"href":"https:\/\/influencesport.ca\/en\/wp-json\/wp\/v2\/product\/611404","targetHints":{"allow":["GET"]}}],"collection":[{"href":"https:\/\/influencesport.ca\/en\/wp-json\/wp\/v2\/product"}],"about":[{"href":"https:\/\/influencesport.ca\/en\/wp-json\/wp\/v2\/types\/product"}],"wp:featuredmedia":[{"embeddable":true,"href":"https:\/\/influencesport.ca\/en\/wp-json\/wp\/v2\/media\/623854"}],"wp:attachment":[{"href":"https:\/\/influencesport.ca\/en\/wp-json\/wp\/v2\/media?parent=611404"}],"wp:term":[{"taxonomy":"product_brand","embeddable":true,"href":"https:\/\/influencesport.ca\/en\/wp-json\/wp\/v2\/product_brand?post=611404"},{"taxonomy":"product_cat","embeddable":true,"href":"https:\/\/influencesport.ca\/en\/wp-json\/wp\/v2\/product_cat?post=611404"},{"taxonomy":"product_tag","embeddable":true,"href":"https:\/\/influencesport.ca\/en\/wp-json\/wp\/v2\/product_tag?post=611404"}],"curies":[{"name":"wp","href":"https:\/\/api.w.org\/{rel}","templated":true}]}}