{"id":610890,"date":"2025-09-06T01:51:28","date_gmt":"2025-09-06T05:51:28","guid":{"rendered":"https:\/\/influencesport.ca\/?post_type=product&#038;p=610890"},"modified":"2026-04-10T19:54:36","modified_gmt":"2026-04-10T23:54:36","slug":"puma-attacanto-ii-it-jr-3","status":"publish","type":"product","link":"https:\/\/influencesport.ca\/en\/produit\/puma-attacanto-ii-it-jr-3\/","title":{"rendered":"Puma Attacanto II IT Jr"},"content":{"rendered":"","protected":false},"excerpt":{"rendered":"<p><strong>D\u00e9tails sur le produit : 108498-04<\/strong><\/p>\n<p>La chaussure de futsal ATTACANTO II est con\u00e7ue pour les joueurs qui recherchent vitesse et pr\u00e9cision. Dot\u00e9e d&#8217;une tige synth\u00e9tique souple et d&#8217;un graphisme audacieux et dynamique, elle est con\u00e7ue pour vous offrir rapidit\u00e9 et contr\u00f4le de chaque mouvement. Entrez dans le jeu avec confiance et style, pr\u00eat \u00e0 dominer le terrain.<\/p>\n","protected":false},"featured_media":616538,"template":"","meta":{"_et_pb_use_builder":"","_et_pb_old_content":"","_et_gb_content_width":""},"product_brand":[],"product_cat":[37,16],"product_tag":[],"class_list":{"0":"post-610890","1":"product","2":"type-product","3":"status-publish","4":"has-post-thumbnail","6":"product_cat-futsal","7":"product_cat-souliers-soccer","9":"first","10":"instock","11":"taxable","12":"shipping-taxable","13":"purchasable","14":"product-type-variable"},"tiered_pricing_type":"fixed","tiered_pricing_fixed_rules":[],"tiered_pricing_product_settings":{"layout":"default","base_unit_name":{"singular":null,"plural":null},"default_variation":null},"tiered_pricing_minimum_quantity":null,"tiered_pricing_roles_data":[],"tiered_pricing_percentage_rules":[],"_links":{"self":[{"href":"https:\/\/influencesport.ca\/en\/wp-json\/wp\/v2\/product\/610890","targetHints":{"allow":["GET"]}}],"collection":[{"href":"https:\/\/influencesport.ca\/en\/wp-json\/wp\/v2\/product"}],"about":[{"href":"https:\/\/influencesport.ca\/en\/wp-json\/wp\/v2\/types\/product"}],"wp:featuredmedia":[{"embeddable":true,"href":"https:\/\/influencesport.ca\/en\/wp-json\/wp\/v2\/media\/616538"}],"wp:attachment":[{"href":"https:\/\/influencesport.ca\/en\/wp-json\/wp\/v2\/media?parent=610890"}],"wp:term":[{"taxonomy":"product_brand","embeddable":true,"href":"https:\/\/influencesport.ca\/en\/wp-json\/wp\/v2\/product_brand?post=610890"},{"taxonomy":"product_cat","embeddable":true,"href":"https:\/\/influencesport.ca\/en\/wp-json\/wp\/v2\/product_cat?post=610890"},{"taxonomy":"product_tag","embeddable":true,"href":"https:\/\/influencesport.ca\/en\/wp-json\/wp\/v2\/product_tag?post=610890"}],"curies":[{"name":"wp","href":"https:\/\/api.w.org\/{rel}","templated":true}]}}