{"id":610706,"date":"2025-09-05T01:49:57","date_gmt":"2025-09-05T05:49:57","guid":{"rendered":"https:\/\/influencesport.ca\/?post_type=product&#038;p=610706"},"modified":"2025-11-30T17:13:08","modified_gmt":"2025-11-30T22:13:08","slug":"nike-mercurial-vapor-16-elite-am-95-se-fg","status":"publish","type":"product","link":"https:\/\/influencesport.ca\/en\/produit\/nike-mercurial-vapor-16-elite-am-95-se-fg\/","title":{"rendered":"Nike Mercurial Vapor 16 Elite AM 95 SE FG"},"content":{"rendered":"","protected":false},"excerpt":{"rendered":"<p><strong>D\u00e9tails sur le produit : HV9915-100<\/strong><\/p>\n<p>Alors que nous c\u00e9l\u00e9brons le 30e anniversaire de l&#8217;Air Max 95, il est tout \u00e0 fait normal de c\u00e9l\u00e9brer l&#8217;alliance AIR entre cette ic\u00f4ne lifestyle et la Mercuriale. Cette Vapor 16 Elite sp\u00e9ciale rend hommage \u00e0 notre coloris Air Max le plus embl\u00e9matique et l&#8217;associe \u00e0 notre Mercurial la plus r\u00e9active \u00e0 ce jour. Du talon brillant au logo Swoosh brod\u00e9 en passant par le graphisme de la plaque, ce m\u00e9lange rappelle la chaussure originale port\u00e9e par des superstars ultra-rapides et l&#8217;une des plus grandes \u00e9quipes de tous les temps.<\/p>\n","protected":false},"featured_media":614479,"template":"","meta":{"_et_pb_use_builder":"","_et_pb_old_content":"","_et_gb_content_width":""},"product_brand":[],"product_cat":[16,17],"product_tag":[],"class_list":{"0":"post-610706","1":"product","2":"type-product","3":"status-publish","4":"has-post-thumbnail","6":"product_cat-souliers-soccer","7":"product_cat-crampons","9":"first","10":"outofstock","11":"featured","12":"taxable","13":"shipping-taxable","14":"product-type-variable"},"tiered_pricing_type":"fixed","tiered_pricing_fixed_rules":[],"tiered_pricing_product_settings":{"layout":"default","base_unit_name":{"singular":null,"plural":null},"default_variation":null},"tiered_pricing_minimum_quantity":null,"tiered_pricing_roles_data":[],"tiered_pricing_percentage_rules":[],"_links":{"self":[{"href":"https:\/\/influencesport.ca\/en\/wp-json\/wp\/v2\/product\/610706","targetHints":{"allow":["GET"]}}],"collection":[{"href":"https:\/\/influencesport.ca\/en\/wp-json\/wp\/v2\/product"}],"about":[{"href":"https:\/\/influencesport.ca\/en\/wp-json\/wp\/v2\/types\/product"}],"wp:featuredmedia":[{"embeddable":true,"href":"https:\/\/influencesport.ca\/en\/wp-json\/wp\/v2\/media\/614479"}],"wp:attachment":[{"href":"https:\/\/influencesport.ca\/en\/wp-json\/wp\/v2\/media?parent=610706"}],"wp:term":[{"taxonomy":"product_brand","embeddable":true,"href":"https:\/\/influencesport.ca\/en\/wp-json\/wp\/v2\/product_brand?post=610706"},{"taxonomy":"product_cat","embeddable":true,"href":"https:\/\/influencesport.ca\/en\/wp-json\/wp\/v2\/product_cat?post=610706"},{"taxonomy":"product_tag","embeddable":true,"href":"https:\/\/influencesport.ca\/en\/wp-json\/wp\/v2\/product_tag?post=610706"}],"curies":[{"name":"wp","href":"https:\/\/api.w.org\/{rel}","templated":true}]}}