{"id":609806,"date":"2025-09-03T01:50:48","date_gmt":"2025-09-03T05:50:48","guid":{"rendered":"https:\/\/influencesport.ca\/?post_type=product&#038;p=609806"},"modified":"2026-03-06T17:09:30","modified_gmt":"2026-03-06T22:09:30","slug":"adidas-samba","status":"publish","type":"product","link":"https:\/\/influencesport.ca\/en\/produit\/adidas-samba\/","title":{"rendered":"Adidas Samba"},"content":{"rendered":"","protected":false},"excerpt":{"rendered":"<p><strong>D\u00e9tails sur le produit : IH6000<\/strong><\/p>\n<p>Quand tu dois montrer ton talent sur terrain indoor, enfile la chaussure adidas Samba. Avec des d\u00e9cennies d&#8217;h\u00e9ritage football derri\u00e8re elle, elle t&#8217;offre un maximum de confort avec sa tige en cuir souple dot\u00e9e d&#8217;empi\u00e8cements en su\u00e8de pour plus de r\u00e9sistance \u00e0 l&#8217;abrasion. La semelle ext\u00e9rieure en caoutchouc assure une accroche sup\u00e9rieure lors des changements de direction rapides, tandis que la semelle de propret\u00e9 en EVA garantit un amorti optimal \u00e0 chaque sprint.<\/p>\n","protected":false},"featured_media":611106,"template":"","meta":{"_et_pb_use_builder":"","_et_pb_old_content":"","_et_gb_content_width":""},"product_brand":[],"product_cat":[1369],"product_tag":[],"class_list":{"0":"post-609806","1":"product","2":"type-product","3":"status-publish","4":"has-post-thumbnail","6":"product_cat-autres-soulier","8":"first","9":"instock","10":"featured","11":"taxable","12":"shipping-taxable","13":"purchasable","14":"product-type-variable"},"tiered_pricing_type":"fixed","tiered_pricing_fixed_rules":[],"tiered_pricing_product_settings":{"layout":"default","base_unit_name":{"singular":null,"plural":null},"default_variation":null},"tiered_pricing_minimum_quantity":null,"tiered_pricing_roles_data":[],"tiered_pricing_percentage_rules":[],"_links":{"self":[{"href":"https:\/\/influencesport.ca\/en\/wp-json\/wp\/v2\/product\/609806","targetHints":{"allow":["GET"]}}],"collection":[{"href":"https:\/\/influencesport.ca\/en\/wp-json\/wp\/v2\/product"}],"about":[{"href":"https:\/\/influencesport.ca\/en\/wp-json\/wp\/v2\/types\/product"}],"wp:featuredmedia":[{"embeddable":true,"href":"https:\/\/influencesport.ca\/en\/wp-json\/wp\/v2\/media\/611106"}],"wp:attachment":[{"href":"https:\/\/influencesport.ca\/en\/wp-json\/wp\/v2\/media?parent=609806"}],"wp:term":[{"taxonomy":"product_brand","embeddable":true,"href":"https:\/\/influencesport.ca\/en\/wp-json\/wp\/v2\/product_brand?post=609806"},{"taxonomy":"product_cat","embeddable":true,"href":"https:\/\/influencesport.ca\/en\/wp-json\/wp\/v2\/product_cat?post=609806"},{"taxonomy":"product_tag","embeddable":true,"href":"https:\/\/influencesport.ca\/en\/wp-json\/wp\/v2\/product_tag?post=609806"}],"curies":[{"name":"wp","href":"https:\/\/api.w.org\/{rel}","templated":true}]}}