{"id":598960,"date":"2025-08-13T01:47:21","date_gmt":"2025-08-13T05:47:21","guid":{"rendered":"https:\/\/influencesport.ca\/?post_type=product&#038;p=598960"},"modified":"2026-04-06T13:26:53","modified_gmt":"2026-04-06T17:26:53","slug":"nike-phantom-6-low-elite-fg-lv8","status":"publish","type":"product","link":"https:\/\/influencesport.ca\/en\/produit\/nike-phantom-6-low-elite-fg-lv8\/","title":{"rendered":"Nike Phantom 6 Low Elite FG LV8"},"content":{"rendered":"","protected":false},"excerpt":{"rendered":"<p><strong>D\u00e9tails sur le produit : HQ2331-400<\/strong><\/p>\n<p>Obs\u00e9d\u00e9 par la pr\u00e9cision ? Nous aussi. C&#8217;est pourquoi nous avons con\u00e7u la Phantom 6 Elite avec la technologie r\u00e9volutionnaire Gripknit pour une pr\u00e9cision optimale. Sa texture adh\u00e9rente rapproche votre pied du ballon et vous permet de ma\u00eetriser chaque occasion, car vous ne pouvez pas rater votre cible. Associ\u00e9e \u00e0 la plaque de traction Cyclone 360 pour des changements de direction rapides, elle vous donne un avantage d\u00e9cisif.<\/p>\n","protected":false},"featured_media":600253,"template":"","meta":{"_et_pb_use_builder":"","_et_pb_old_content":"","_et_gb_content_width":""},"product_brand":[],"product_cat":[17,16],"product_tag":[],"class_list":{"0":"post-598960","1":"product","2":"type-product","3":"status-publish","4":"has-post-thumbnail","6":"product_cat-crampons","7":"product_cat-souliers-soccer","9":"first","10":"instock","11":"taxable","12":"shipping-taxable","13":"purchasable","14":"product-type-variable"},"tiered_pricing_type":"fixed","tiered_pricing_fixed_rules":[],"tiered_pricing_product_settings":{"layout":"default","base_unit_name":{"singular":null,"plural":null},"default_variation":null},"tiered_pricing_minimum_quantity":null,"tiered_pricing_roles_data":[],"tiered_pricing_percentage_rules":[],"_links":{"self":[{"href":"https:\/\/influencesport.ca\/en\/wp-json\/wp\/v2\/product\/598960","targetHints":{"allow":["GET"]}}],"collection":[{"href":"https:\/\/influencesport.ca\/en\/wp-json\/wp\/v2\/product"}],"about":[{"href":"https:\/\/influencesport.ca\/en\/wp-json\/wp\/v2\/types\/product"}],"wp:featuredmedia":[{"embeddable":true,"href":"https:\/\/influencesport.ca\/en\/wp-json\/wp\/v2\/media\/600253"}],"wp:attachment":[{"href":"https:\/\/influencesport.ca\/en\/wp-json\/wp\/v2\/media?parent=598960"}],"wp:term":[{"taxonomy":"product_brand","embeddable":true,"href":"https:\/\/influencesport.ca\/en\/wp-json\/wp\/v2\/product_brand?post=598960"},{"taxonomy":"product_cat","embeddable":true,"href":"https:\/\/influencesport.ca\/en\/wp-json\/wp\/v2\/product_cat?post=598960"},{"taxonomy":"product_tag","embeddable":true,"href":"https:\/\/influencesport.ca\/en\/wp-json\/wp\/v2\/product_tag?post=598960"}],"curies":[{"name":"wp","href":"https:\/\/api.w.org\/{rel}","templated":true}]}}