{"id":597444,"date":"2025-07-29T01:40:43","date_gmt":"2025-07-29T05:40:43","guid":{"rendered":"https:\/\/influencesport.ca\/?post_type=product&#038;p=597444"},"modified":"2026-01-17T14:31:56","modified_gmt":"2026-01-17T19:31:56","slug":"nike-mercurial-superfly-10-elite-fg-lv8","status":"publish","type":"product","link":"https:\/\/influencesport.ca\/en\/produit\/nike-mercurial-superfly-10-elite-fg-lv8\/","title":{"rendered":"Nike Mercurial Superfly 10 Elite FG LV8"},"content":{"rendered":"","protected":false},"excerpt":{"rendered":"<p><strong>D\u00e9tails sur le produit : HJ7321-600<\/strong><\/p>\n<p>La vitesse est ton obsession\u00a0? C&#8217;est aussi celle des plus grandes stars du foot. Cette chaussure \u00e0 crampons Elite avec unit\u00e9 Air\u00a0Zoom\u00a03\/4 am\u00e9lior\u00e9e a \u00e9t\u00e9 con\u00e7ue pour \u00e7a. Elle te donne la sensation de propulsion n\u00e9cessaire pour percer la d\u00e9fense et imiter les athl\u00e8tes les plus rapides. R\u00e9sultat\u00a0: c&#8217;est la Mercurial la plus r\u00e9active de toutes. Parce que tu m\u00e9rites l&#8217;excellence, pour toi-m\u00eame et pour tes chaussures.<\/p>\n","protected":false},"featured_media":598391,"template":"","meta":{"_et_pb_use_builder":"","_et_pb_old_content":"","_et_gb_content_width":""},"product_brand":[],"product_cat":[16,17],"product_tag":[],"class_list":{"0":"post-597444","1":"product","2":"type-product","3":"status-publish","4":"has-post-thumbnail","6":"product_cat-souliers-soccer","7":"product_cat-crampons","9":"first","10":"instock","11":"featured","12":"taxable","13":"shipping-taxable","14":"purchasable","15":"product-type-variable"},"tiered_pricing_type":"fixed","tiered_pricing_fixed_rules":[],"tiered_pricing_product_settings":{"layout":"default","base_unit_name":{"singular":null,"plural":null},"default_variation":null},"tiered_pricing_minimum_quantity":null,"tiered_pricing_roles_data":[],"tiered_pricing_percentage_rules":[],"_links":{"self":[{"href":"https:\/\/influencesport.ca\/en\/wp-json\/wp\/v2\/product\/597444","targetHints":{"allow":["GET"]}}],"collection":[{"href":"https:\/\/influencesport.ca\/en\/wp-json\/wp\/v2\/product"}],"about":[{"href":"https:\/\/influencesport.ca\/en\/wp-json\/wp\/v2\/types\/product"}],"wp:featuredmedia":[{"embeddable":true,"href":"https:\/\/influencesport.ca\/en\/wp-json\/wp\/v2\/media\/598391"}],"wp:attachment":[{"href":"https:\/\/influencesport.ca\/en\/wp-json\/wp\/v2\/media?parent=597444"}],"wp:term":[{"taxonomy":"product_brand","embeddable":true,"href":"https:\/\/influencesport.ca\/en\/wp-json\/wp\/v2\/product_brand?post=597444"},{"taxonomy":"product_cat","embeddable":true,"href":"https:\/\/influencesport.ca\/en\/wp-json\/wp\/v2\/product_cat?post=597444"},{"taxonomy":"product_tag","embeddable":true,"href":"https:\/\/influencesport.ca\/en\/wp-json\/wp\/v2\/product_tag?post=597444"}],"curies":[{"name":"wp","href":"https:\/\/api.w.org\/{rel}","templated":true}]}}