{"id":597178,"date":"2025-07-22T01:41:57","date_gmt":"2025-07-22T05:41:57","guid":{"rendered":"https:\/\/influencesport.ca\/?post_type=product&#038;p=597178"},"modified":"2026-04-17T16:33:36","modified_gmt":"2026-04-17T20:33:36","slug":"predator-league-ft-fg-mg","status":"publish","type":"product","link":"https:\/\/influencesport.ca\/en\/produit\/predator-league-ft-fg-mg\/","title":{"rendered":"Predator League FT FG\/MG"},"content":{"rendered":"","protected":false},"excerpt":{"rendered":"<p><strong>D\u00e9tails sur le produit : JI1110<\/strong><\/p>\n<p>D\u00e9couvrez la diff\u00e9rence entre viser et \u00eatre s\u00fbr de marquer avec les crampons adidas Predator, con\u00e7us pour les buts. Ces crampons League sont dot\u00e9s d&#8217;une tige Hybridfeel avec une texture 3D int\u00e9grale, d&#8217;une languette repliable et d&#8217;ailettes Strikescale adh\u00e9rentes pour une meilleure maniabilit\u00e9 du ballon lors des frappes. La semelle ext\u00e9rieure Controlplate assure une stabilit\u00e9 optimale sur terrain sec comme sur gazon synth\u00e9tique<\/p>\n","protected":false},"featured_media":598108,"template":"","meta":{"_et_pb_use_builder":"","_et_pb_old_content":"","_et_gb_content_width":""},"product_brand":[],"product_cat":[17,16],"product_tag":[],"class_list":{"0":"post-597178","1":"product","2":"type-product","3":"status-publish","4":"has-post-thumbnail","6":"product_cat-crampons","7":"product_cat-souliers-soccer","9":"first","10":"instock","11":"taxable","12":"shipping-taxable","13":"purchasable","14":"product-type-variable"},"tiered_pricing_type":"fixed","tiered_pricing_fixed_rules":[],"tiered_pricing_product_settings":{"layout":"default","base_unit_name":{"singular":null,"plural":null},"default_variation":null},"tiered_pricing_minimum_quantity":null,"tiered_pricing_roles_data":[],"tiered_pricing_percentage_rules":[],"_links":{"self":[{"href":"https:\/\/influencesport.ca\/en\/wp-json\/wp\/v2\/product\/597178","targetHints":{"allow":["GET"]}}],"collection":[{"href":"https:\/\/influencesport.ca\/en\/wp-json\/wp\/v2\/product"}],"about":[{"href":"https:\/\/influencesport.ca\/en\/wp-json\/wp\/v2\/types\/product"}],"wp:featuredmedia":[{"embeddable":true,"href":"https:\/\/influencesport.ca\/en\/wp-json\/wp\/v2\/media\/598108"}],"wp:attachment":[{"href":"https:\/\/influencesport.ca\/en\/wp-json\/wp\/v2\/media?parent=597178"}],"wp:term":[{"taxonomy":"product_brand","embeddable":true,"href":"https:\/\/influencesport.ca\/en\/wp-json\/wp\/v2\/product_brand?post=597178"},{"taxonomy":"product_cat","embeddable":true,"href":"https:\/\/influencesport.ca\/en\/wp-json\/wp\/v2\/product_cat?post=597178"},{"taxonomy":"product_tag","embeddable":true,"href":"https:\/\/influencesport.ca\/en\/wp-json\/wp\/v2\/product_tag?post=597178"}],"curies":[{"name":"wp","href":"https:\/\/api.w.org\/{rel}","templated":true}]}}