{"id":597059,"date":"2025-07-18T01:41:15","date_gmt":"2025-07-18T05:41:15","guid":{"rendered":"https:\/\/influencesport.ca\/?post_type=product&#038;p=597059"},"modified":"2026-04-07T15:08:25","modified_gmt":"2026-04-07T19:08:25","slug":"adidas-alliance-3-sackpack-noir","status":"publish","type":"product","link":"https:\/\/influencesport.ca\/en\/produit\/adidas-alliance-3-sackpack-noir\/","title":{"rendered":"Adidas Alliance 3 Sackpack Noir"},"content":{"rendered":"","protected":false},"excerpt":{"rendered":"<p><strong>D\u00e9tails sur le produit : JK5142<\/strong><\/p>\n<p>Rendez-vous \u00e0 l&#8217;entra\u00eenement ou \u00e0 la salle de sport avec suffisamment d&#8217;espace pour vos chaussures, votre hydratation et bien plus encore. Le sac \u00e0 dos adidas Alliance 3 est spacieux et l\u00e9ger, avec un syst\u00e8me de chargement par le haut et des cordons r\u00e9sistants qui servent \u00e9galement de sangles. Il est dot\u00e9 d&#8217;une poche zipp\u00e9e pour vos objets de valeur et de deux poches en filet pour vos bouteilles d&#8217;eau.<\/p>\n","protected":false},"featured_media":598042,"template":"","meta":{"_et_pb_use_builder":"","_et_pb_old_content":"","_et_gb_content_width":""},"product_brand":[],"product_cat":[1051,1389],"product_tag":[],"class_list":{"0":"post-597059","1":"product","2":"type-product","3":"status-publish","4":"has-post-thumbnail","6":"product_cat-accessoires-divers","7":"product_cat-sacs","9":"first","10":"instock","11":"taxable","12":"shipping-taxable","13":"purchasable","14":"product-type-simple"},"tiered_pricing_type":"fixed","tiered_pricing_fixed_rules":[],"tiered_pricing_product_settings":{"layout":"default","base_unit_name":{"singular":null,"plural":null},"default_variation":null},"tiered_pricing_minimum_quantity":null,"tiered_pricing_roles_data":[],"tiered_pricing_percentage_rules":[],"_links":{"self":[{"href":"https:\/\/influencesport.ca\/en\/wp-json\/wp\/v2\/product\/597059","targetHints":{"allow":["GET"]}}],"collection":[{"href":"https:\/\/influencesport.ca\/en\/wp-json\/wp\/v2\/product"}],"about":[{"href":"https:\/\/influencesport.ca\/en\/wp-json\/wp\/v2\/types\/product"}],"wp:featuredmedia":[{"embeddable":true,"href":"https:\/\/influencesport.ca\/en\/wp-json\/wp\/v2\/media\/598042"}],"wp:attachment":[{"href":"https:\/\/influencesport.ca\/en\/wp-json\/wp\/v2\/media?parent=597059"}],"wp:term":[{"taxonomy":"product_brand","embeddable":true,"href":"https:\/\/influencesport.ca\/en\/wp-json\/wp\/v2\/product_brand?post=597059"},{"taxonomy":"product_cat","embeddable":true,"href":"https:\/\/influencesport.ca\/en\/wp-json\/wp\/v2\/product_cat?post=597059"},{"taxonomy":"product_tag","embeddable":true,"href":"https:\/\/influencesport.ca\/en\/wp-json\/wp\/v2\/product_tag?post=597059"}],"curies":[{"name":"wp","href":"https:\/\/api.w.org\/{rel}","templated":true}]}}