{"id":596772,"date":"2025-07-12T01:40:28","date_gmt":"2025-07-12T05:40:28","guid":{"rendered":"https:\/\/influencesport.ca\/?post_type=product&#038;p=596772"},"modified":"2026-04-06T13:25:33","modified_gmt":"2026-04-06T17:25:33","slug":"puma-future-8-match-fg-ag-w-2","status":"publish","type":"product","link":"https:\/\/influencesport.ca\/en\/produit\/puma-future-8-match-fg-ag-w-2\/","title":{"rendered":"Puma Future 8 Match FG\/AG W"},"content":{"rendered":"","protected":false},"excerpt":{"rendered":"<p><strong>D\u00e9tails sur le produit : 108610-01<\/strong><\/p>\n<div class=\"col-span-full\">\n<div>\n<p><span>Une chaussure unique, con\u00e7ue pour les femmes qui font la diff\u00e9rence. La tige en mesh souple et l\u00e9g\u00e8re am\u00e9liore l&#8217;ajustement et la stabilit\u00e9, tandis que les lignes en mesh sur\u00e9lev\u00e9es avec finition GripControl am\u00e9liorent l&#8217;adh\u00e9rence au ballon. La forme des crampons et leur positionnement autour du point de pivot offrent une agilit\u00e9 et une libert\u00e9 de mouvement \u00e0 360 degr\u00e9s, vous permettant ainsi de repousser facilement les d\u00e9fenseurs.<\/span><\/p>\n<\/div>\n<\/div>\n<div>\n<p><span>CARACT\u00c9RISTIQUES ET AVANTAGES<\/span><\/p>\n<ul>\n<li><span>CON\u00c7UE POUR ELLE : Cette chaussure de football est con\u00e7ue pour les femmes, avec des mesures telles que le volume et la hauteur du cou-de-pied con\u00e7ues pour le pied f\u00e9minin<\/span><\/li>\n<li><span>La tige des chaussures est fabriqu\u00e9e avec au moins 20 % de mat\u00e9riaux recycl\u00e9s.<\/span><\/li>\n<\/ul>\n<\/div>\n<div>\n<p><span>D\u00c9TAILS<\/span><\/p>\n<ul>\n<li><span>Largeur : R\u00e9guli\u00e8re<\/span><\/li>\n<li><span>Combinaison de lignes de maille sur\u00e9lev\u00e9es et de la technologie GripControl pour une adh\u00e9rence et un contr\u00f4le accrus du ballon<\/span><\/li>\n<li><span>Fermeture : Lacets<\/span><\/li>\n<li><span>Tige en mesh souple et l\u00e9g\u00e8re avec un col tricot\u00e9 extensible et une construction mi-haute pour am\u00e9liorer l&#8217;ajustement, le confort et le soutien<\/span><\/li>\n<li><span>Type de talon : Plat<\/span><\/li>\n<li><span>Doublure : Textile<\/span><\/li>\n<li><span>Bande de soutien sur le milieu du pied pour le maintien et la stabilit\u00e9<\/span><\/li>\n<li><span>Surface : Terrain ferme\/Sol artificiel<\/span><\/li>\n<li><span>Conception, orientation et placement innovants des crampons pour des pivots rapides et une agilit\u00e9 \u00e0 360 degr\u00e9s sur sol ferme et gazon artificiel<\/span><\/li>\n<\/ul>\n<\/div>\n","protected":false},"featured_media":597861,"template":"","meta":{"_et_pb_use_builder":"","_et_pb_old_content":"","_et_gb_content_width":""},"product_brand":[],"product_cat":[17,16],"product_tag":[],"class_list":{"0":"post-596772","1":"product","2":"type-product","3":"status-publish","4":"has-post-thumbnail","6":"product_cat-crampons","7":"product_cat-souliers-soccer","9":"first","10":"instock","11":"taxable","12":"shipping-taxable","13":"purchasable","14":"product-type-variable"},"tiered_pricing_type":"fixed","tiered_pricing_fixed_rules":[],"tiered_pricing_product_settings":{"layout":"default","base_unit_name":{"singular":null,"plural":null},"default_variation":null},"tiered_pricing_minimum_quantity":null,"tiered_pricing_roles_data":[],"tiered_pricing_percentage_rules":[],"_links":{"self":[{"href":"https:\/\/influencesport.ca\/en\/wp-json\/wp\/v2\/product\/596772","targetHints":{"allow":["GET"]}}],"collection":[{"href":"https:\/\/influencesport.ca\/en\/wp-json\/wp\/v2\/product"}],"about":[{"href":"https:\/\/influencesport.ca\/en\/wp-json\/wp\/v2\/types\/product"}],"wp:featuredmedia":[{"embeddable":true,"href":"https:\/\/influencesport.ca\/en\/wp-json\/wp\/v2\/media\/597861"}],"wp:attachment":[{"href":"https:\/\/influencesport.ca\/en\/wp-json\/wp\/v2\/media?parent=596772"}],"wp:term":[{"taxonomy":"product_brand","embeddable":true,"href":"https:\/\/influencesport.ca\/en\/wp-json\/wp\/v2\/product_brand?post=596772"},{"taxonomy":"product_cat","embeddable":true,"href":"https:\/\/influencesport.ca\/en\/wp-json\/wp\/v2\/product_cat?post=596772"},{"taxonomy":"product_tag","embeddable":true,"href":"https:\/\/influencesport.ca\/en\/wp-json\/wp\/v2\/product_tag?post=596772"}],"curies":[{"name":"wp","href":"https:\/\/api.w.org\/{rel}","templated":true}]}}