{"id":587852,"date":"2025-05-07T01:38:35","date_gmt":"2025-05-07T05:38:35","guid":{"rendered":"https:\/\/influencesport.ca\/?post_type=product&#038;p=587852"},"modified":"2026-03-06T11:33:10","modified_gmt":"2026-03-06T16:33:10","slug":"nike-phantom-gx-2-elite-ag","status":"publish","type":"product","link":"https:\/\/influencesport.ca\/en\/produit\/nike-phantom-gx-2-elite-ag\/","title":{"rendered":"NIKE PHANTOM GX 2 ELITE AG"},"content":{"rendered":"","protected":false},"excerpt":{"rendered":"<p><strong>D\u00e9tails sur le produit : FJ2554-800<\/strong><\/p>\n<p>Envie de perfectionner votre art\u00a0? Nous avons cr\u00e9\u00e9 cette chaussure pour vous. Au c\u0153ur de la temp\u00eate, dans un chaos total, vous avez tranquillement trouv\u00e9 le dernier tiers du terrain gr\u00e2ce \u00e0 votre \u00e9tonnante astuce et gr\u00e2ce \u00e0 votre \u00e9l\u00e9gance. Finissez le travail avec la Phantom GX 2 Elite. La technologie r\u00e9volutionnaire Nike Gripknit recouvre la zone de frappe, tandis que la traction Nike Cyclone 360 \u200b\u200bguide votre agilit\u00e9 spontan\u00e9e. Nous concevons des crampons Elite pour vous et les plus grandes stars du monde afin de vous offrir une qualit\u00e9 haut de gamme, car vous exigez l&#8217;excellence de vous-m\u00eame et de vos chaussures.<\/p>\n","protected":false},"featured_media":588386,"template":"","meta":{"_et_pb_use_builder":"","_et_pb_old_content":"","_et_gb_content_width":""},"product_brand":[],"product_cat":[17,16],"product_tag":[],"class_list":{"0":"post-587852","1":"product","2":"type-product","3":"status-publish","4":"has-post-thumbnail","6":"product_cat-crampons","7":"product_cat-souliers-soccer","9":"first","10":"instock","11":"taxable","12":"shipping-taxable","13":"purchasable","14":"product-type-variable"},"tiered_pricing_type":"fixed","tiered_pricing_fixed_rules":[],"tiered_pricing_product_settings":{"layout":"default","base_unit_name":{"singular":null,"plural":null},"default_variation":null},"tiered_pricing_minimum_quantity":null,"tiered_pricing_roles_data":[],"tiered_pricing_percentage_rules":[],"_links":{"self":[{"href":"https:\/\/influencesport.ca\/en\/wp-json\/wp\/v2\/product\/587852","targetHints":{"allow":["GET"]}}],"collection":[{"href":"https:\/\/influencesport.ca\/en\/wp-json\/wp\/v2\/product"}],"about":[{"href":"https:\/\/influencesport.ca\/en\/wp-json\/wp\/v2\/types\/product"}],"wp:featuredmedia":[{"embeddable":true,"href":"https:\/\/influencesport.ca\/en\/wp-json\/wp\/v2\/media\/588386"}],"wp:attachment":[{"href":"https:\/\/influencesport.ca\/en\/wp-json\/wp\/v2\/media?parent=587852"}],"wp:term":[{"taxonomy":"product_brand","embeddable":true,"href":"https:\/\/influencesport.ca\/en\/wp-json\/wp\/v2\/product_brand?post=587852"},{"taxonomy":"product_cat","embeddable":true,"href":"https:\/\/influencesport.ca\/en\/wp-json\/wp\/v2\/product_cat?post=587852"},{"taxonomy":"product_tag","embeddable":true,"href":"https:\/\/influencesport.ca\/en\/wp-json\/wp\/v2\/product_tag?post=587852"}],"curies":[{"name":"wp","href":"https:\/\/api.w.org\/{rel}","templated":true}]}}