{"id":587788,"date":"2025-05-06T01:41:00","date_gmt":"2025-05-06T05:41:00","guid":{"rendered":"https:\/\/influencesport.ca\/?post_type=product&#038;p=587788"},"modified":"2025-05-09T12:25:29","modified_gmt":"2025-05-09T16:25:29","slug":"ua-womens-heatgear-leggings-vert","status":"publish","type":"product","link":"https:\/\/influencesport.ca\/en\/produit\/ua-womens-heatgear-leggings-vert\/","title":{"rendered":"UA Women&#8217;s HeatGear Leggings Vert"},"content":{"rendered":"","protected":false},"excerpt":{"rendered":"<p><strong>D\u00e9tails sur le produit : 1383559-348<\/strong><\/p>\n<ul class=\"sc-BGXOW gVUPrn\">\n<li class=\"sc-cJIyfF htOSkc\"><span>S\u00e9chage en machine \u00e0 basse temp\u00e9rature<\/span><\/li>\n<li class=\"sc-cJIyfF htOSkc\"><span>Ne pas utiliser d&#8217;adoucissants<\/span><\/li>\n<li class=\"sc-cJIyfF htOSkc\"><span>La technologie de contr\u00f4le des odeurs minimise les odeurs<\/span><\/li>\n<li class=\"sc-cJIyfF htOSkc\"><span>Le mat\u00e9riau \u00e9vacue la transpiration et s\u00e8che tr\u00e8s rapidement<\/span><\/li>\n<li class=\"sc-cJIyfF htOSkc\"><span>Lavage en machine \u00e0 froid avec des couleurs similaires<\/span><\/li>\n<li class=\"sc-cJIyfF htOSkc\"><span>Legging HeatGear\u00ae pour femme<\/span><\/li>\n<li class=\"sc-cJIyfF htOSkc\"><span>Ne pas repasser<\/span><\/li>\n<li class=\"sc-cJIyfF htOSkc\"><span>Ne pas nettoyer \u00e0 sec<\/span><\/li>\n<li class=\"sc-cJIyfF htOSkc\"><span>Utilisez uniquement de l&#8217;eau de Javel sans chlore si n\u00e9cessaire<\/span><\/li>\n<li class=\"sc-cJIyfF htOSkc\"><span>Notre tissu HeatGear\u00ae original est ultra-l\u00e9ger, respirant et s\u00e8che rapidement<\/span><\/li>\n<li class=\"sc-cJIyfF htOSkc\"><span>Le mat\u00e9riau extensible dans les 4 sens bouge mieux dans toutes les directions<\/span><\/li>\n<li class=\"sc-cJIyfF htOSkc\"><span>Ceinture \u00e9lastique apparente avec d\u00e9tail du mot-symbole<\/span><\/li>\n<li class=\"sc-cJIyfF htOSkc\"><span>Les coutures plates ergonomiques offrent un ajustement confortable et sans frottement<\/span><\/li>\n<li class=\"sc-cJIyfF htOSkc\"><span>Leggings pour femmes<\/span><\/li>\n<\/ul>\n","protected":false},"featured_media":588341,"template":"","meta":{"_et_pb_use_builder":"","_et_pb_old_content":"","_et_gb_content_width":""},"product_brand":[],"product_cat":[1379,20],"product_tag":[],"class_list":{"0":"post-587788","1":"product","2":"type-product","3":"status-publish","4":"has-post-thumbnail","6":"product_cat-pantalons-leggings-vetements","7":"product_cat-vetements","9":"first","10":"instock","11":"taxable","12":"shipping-taxable","13":"purchasable","14":"product-type-variable"},"tiered_pricing_type":"fixed","tiered_pricing_fixed_rules":[],"tiered_pricing_product_settings":{"layout":"default","base_unit_name":{"singular":null,"plural":null},"default_variation":null},"tiered_pricing_minimum_quantity":null,"tiered_pricing_roles_data":[],"tiered_pricing_percentage_rules":[],"_links":{"self":[{"href":"https:\/\/influencesport.ca\/en\/wp-json\/wp\/v2\/product\/587788","targetHints":{"allow":["GET"]}}],"collection":[{"href":"https:\/\/influencesport.ca\/en\/wp-json\/wp\/v2\/product"}],"about":[{"href":"https:\/\/influencesport.ca\/en\/wp-json\/wp\/v2\/types\/product"}],"wp:featuredmedia":[{"embeddable":true,"href":"https:\/\/influencesport.ca\/en\/wp-json\/wp\/v2\/media\/588341"}],"wp:attachment":[{"href":"https:\/\/influencesport.ca\/en\/wp-json\/wp\/v2\/media?parent=587788"}],"wp:term":[{"taxonomy":"product_brand","embeddable":true,"href":"https:\/\/influencesport.ca\/en\/wp-json\/wp\/v2\/product_brand?post=587788"},{"taxonomy":"product_cat","embeddable":true,"href":"https:\/\/influencesport.ca\/en\/wp-json\/wp\/v2\/product_cat?post=587788"},{"taxonomy":"product_tag","embeddable":true,"href":"https:\/\/influencesport.ca\/en\/wp-json\/wp\/v2\/product_tag?post=587788"}],"curies":[{"name":"wp","href":"https:\/\/api.w.org\/{rel}","templated":true}]}}