{"id":587767,"date":"2025-05-06T01:40:25","date_gmt":"2025-05-06T05:40:25","guid":{"rendered":"https:\/\/influencesport.ca\/?post_type=product&#038;p=587767"},"modified":"2025-09-27T12:38:10","modified_gmt":"2025-09-27T16:38:10","slug":"ua-femmeua-fly-by-unlined-3-shorts","status":"publish","type":"product","link":"https:\/\/influencesport.ca\/en\/produit\/ua-femmeua-fly-by-unlined-3-shorts\/","title":{"rendered":"UA Women&#8217;s UA Fly-By Unlined 3 Shorts"},"content":{"rendered":"","protected":false},"excerpt":{"rendered":"<p><strong>D\u00e9tails sur le produit : 1382968-401<\/strong><\/p>\n<ul class=\"sc-BGXOW gVUPrn\">\n<li class=\"sc-cJIyfF htOSkc\"><span>Lavage en machine \u00e0 froid avec des couleurs similaires<\/span><\/li>\n<li class=\"sc-cJIyfF htOSkc\"><span>Utilisez uniquement de l&#8217;eau de Javel sans chlore si n\u00e9cessaire<\/span><\/li>\n<li class=\"sc-cJIyfF htOSkc\"><span>Le tissu du corps principal contient au moins 90 % de polyester recycl\u00e9, \u00e0 l&#8217;exclusion des garnitures et des embellissements<\/span><\/li>\n<li class=\"sc-cJIyfF htOSkc\"><span>S\u00e9chage en machine \u00e0 basse temp\u00e9rature<\/span><\/li>\n<li class=\"sc-cJIyfF htOSkc\"><span>Poches ouvertes pour les mains<\/span><\/li>\n<li class=\"sc-cJIyfF htOSkc\"><span>Le tissu tiss\u00e9 est l\u00e9ger, confortable et durable<\/span><\/li>\n<li class=\"sc-cJIyfF htOSkc\"><span>Ne pas utiliser d&#8217;adoucissants<\/span><\/li>\n<li class=\"sc-cJIyfF htOSkc\"><span>Short femme 3&#8243;<\/span><\/li>\n<li class=\"sc-cJIyfF htOSkc\"><span>Le mat\u00e9riau \u00e9vacue la transpiration et s\u00e8che tr\u00e8s rapidement<\/span><\/li>\n<li class=\"sc-cJIyfF htOSkc\"><span>Short UA Fly-By non doubl\u00e9 pour femme de 7,6 cm<\/span><\/li>\n<li class=\"sc-cJIyfF htOSkc\"><span>Ceinture mi-haute fronc\u00e9e avec cordon de serrage interne pour un confort ultime<\/span><\/li>\n<li class=\"sc-cJIyfF htOSkc\"><span>Ne pas repasser<\/span><\/li>\n<li class=\"sc-cJIyfF htOSkc\"><span>Ne pas nettoyer \u00e0 sec<\/span><\/li>\n<li class=\"sc-cJIyfF htOSkc\"><span>Les panneaux en mesh ultra-respirants offrent une ventilation am\u00e9lior\u00e9e<\/span><\/li>\n<\/ul>\n","protected":false},"featured_media":588312,"template":"","meta":{"_et_pb_use_builder":"","_et_pb_old_content":"","_et_gb_content_width":""},"product_brand":[],"product_cat":[1377,20],"product_tag":[],"class_list":{"0":"post-587767","1":"product","2":"type-product","3":"status-publish","4":"has-post-thumbnail","6":"product_cat-shorts-cuissards-vetements","7":"product_cat-vetements","9":"first","10":"instock","11":"taxable","12":"shipping-taxable","13":"purchasable","14":"product-type-variable"},"tiered_pricing_type":"fixed","tiered_pricing_fixed_rules":[],"tiered_pricing_product_settings":{"layout":"default","base_unit_name":{"singular":null,"plural":null},"default_variation":null},"tiered_pricing_minimum_quantity":null,"tiered_pricing_roles_data":[],"tiered_pricing_percentage_rules":[],"_links":{"self":[{"href":"https:\/\/influencesport.ca\/en\/wp-json\/wp\/v2\/product\/587767","targetHints":{"allow":["GET"]}}],"collection":[{"href":"https:\/\/influencesport.ca\/en\/wp-json\/wp\/v2\/product"}],"about":[{"href":"https:\/\/influencesport.ca\/en\/wp-json\/wp\/v2\/types\/product"}],"wp:featuredmedia":[{"embeddable":true,"href":"https:\/\/influencesport.ca\/en\/wp-json\/wp\/v2\/media\/588312"}],"wp:attachment":[{"href":"https:\/\/influencesport.ca\/en\/wp-json\/wp\/v2\/media?parent=587767"}],"wp:term":[{"taxonomy":"product_brand","embeddable":true,"href":"https:\/\/influencesport.ca\/en\/wp-json\/wp\/v2\/product_brand?post=587767"},{"taxonomy":"product_cat","embeddable":true,"href":"https:\/\/influencesport.ca\/en\/wp-json\/wp\/v2\/product_cat?post=587767"},{"taxonomy":"product_tag","embeddable":true,"href":"https:\/\/influencesport.ca\/en\/wp-json\/wp\/v2\/product_tag?post=587767"}],"curies":[{"name":"wp","href":"https:\/\/api.w.org\/{rel}","templated":true}]}}