{"id":583994,"date":"2025-05-01T01:36:33","date_gmt":"2025-05-01T05:36:33","guid":{"rendered":"https:\/\/influencesport.ca\/?post_type=product&#038;p=583994"},"modified":"2025-08-18T16:28:15","modified_gmt":"2025-08-18T20:28:15","slug":"nike-pitch-ballon-ocean-cube-pink-blast","status":"publish","type":"product","link":"https:\/\/influencesport.ca\/en\/produit\/nike-pitch-ballon-ocean-cube-pink-blast\/","title":{"rendered":"Nike Pitch Ballon Ocean Cube\/Pink Blast"},"content":{"rendered":"","protected":false},"excerpt":{"rendered":"<p><strong>D\u00e9tails sur le produit : FZ2636-105<\/strong><\/p>\n<p>Donnez le coup d&#8217;envoi de votre passion pour le football avec le ballon Nike Pitch. Con\u00e7u pour vos s\u00e9ances d&#8217;entra\u00eenement d\u00e9butantes et pour am\u00e9liorer votre jeu de jambes, ce ballon est dot\u00e9 d&#8217;une enveloppe r\u00e9sistante pour des performances constantes.<\/p>\n","protected":false},"featured_media":587995,"template":"","meta":{"_et_pb_use_builder":"","_et_pb_old_content":"","_et_gb_content_width":""},"product_brand":[],"product_cat":[43],"product_tag":[],"class_list":{"0":"post-583994","1":"product","2":"type-product","3":"status-publish","4":"has-post-thumbnail","6":"product_cat-ballons","8":"first","9":"instock","10":"taxable","11":"shipping-taxable","12":"purchasable","13":"product-type-variable"},"tiered_pricing_type":"fixed","tiered_pricing_fixed_rules":[],"tiered_pricing_product_settings":{"layout":"default","base_unit_name":{"singular":null,"plural":null},"default_variation":null},"tiered_pricing_minimum_quantity":null,"tiered_pricing_roles_data":[],"tiered_pricing_percentage_rules":[],"_links":{"self":[{"href":"https:\/\/influencesport.ca\/en\/wp-json\/wp\/v2\/product\/583994","targetHints":{"allow":["GET"]}}],"collection":[{"href":"https:\/\/influencesport.ca\/en\/wp-json\/wp\/v2\/product"}],"about":[{"href":"https:\/\/influencesport.ca\/en\/wp-json\/wp\/v2\/types\/product"}],"wp:featuredmedia":[{"embeddable":true,"href":"https:\/\/influencesport.ca\/en\/wp-json\/wp\/v2\/media\/587995"}],"wp:attachment":[{"href":"https:\/\/influencesport.ca\/en\/wp-json\/wp\/v2\/media?parent=583994"}],"wp:term":[{"taxonomy":"product_brand","embeddable":true,"href":"https:\/\/influencesport.ca\/en\/wp-json\/wp\/v2\/product_brand?post=583994"},{"taxonomy":"product_cat","embeddable":true,"href":"https:\/\/influencesport.ca\/en\/wp-json\/wp\/v2\/product_cat?post=583994"},{"taxonomy":"product_tag","embeddable":true,"href":"https:\/\/influencesport.ca\/en\/wp-json\/wp\/v2\/product_tag?post=583994"}],"curies":[{"name":"wp","href":"https:\/\/api.w.org\/{rel}","templated":true}]}}