{"id":583955,"date":"2025-05-01T01:35:31","date_gmt":"2025-05-01T05:35:31","guid":{"rendered":"https:\/\/influencesport.ca\/?post_type=product&#038;p=583955"},"modified":"2025-12-03T14:12:39","modified_gmt":"2025-12-03T19:12:39","slug":"nike-mercurial-superfly-10-academy-5","status":"publish","type":"product","link":"https:\/\/influencesport.ca\/en\/produit\/nike-mercurial-superfly-10-academy-5\/","title":{"rendered":"Nike Mercurial Superfly\u00a010 Academy"},"content":{"rendered":"","protected":false},"excerpt":{"rendered":"<p><strong>D\u00e9tails sur le produit : FQ8332-301<\/strong><\/p>\n<p>Envie de passer au niveau sup\u00e9rieur en vitesse\u00a0? Nous avons con\u00e7u ces chaussures Academy avec une unit\u00e9 Air Zoom am\u00e9lior\u00e9e au talon. Celle-ci vous procure la sensation de propulsion n\u00e9cessaire pour percer la ligne arri\u00e8re. R\u00e9sultat\u00a0: les Mercurial les plus r\u00e9actives que nous ayons jamais con\u00e7ues, pour que vous puissiez dicter votre rythme tout au long du match.<\/p>\n","protected":false},"featured_media":587956,"template":"","meta":{"_et_pb_use_builder":"","_et_pb_old_content":"","_et_gb_content_width":""},"product_brand":[],"product_cat":[16,37],"product_tag":[],"class_list":{"0":"post-583955","1":"product","2":"type-product","3":"status-publish","4":"has-post-thumbnail","6":"product_cat-souliers-soccer","7":"product_cat-futsal","9":"first","10":"instock","11":"taxable","12":"shipping-taxable","13":"purchasable","14":"product-type-variable"},"tiered_pricing_type":"fixed","tiered_pricing_fixed_rules":[],"tiered_pricing_product_settings":{"layout":"default","base_unit_name":{"singular":null,"plural":null},"default_variation":null},"tiered_pricing_minimum_quantity":null,"tiered_pricing_roles_data":[],"tiered_pricing_percentage_rules":[],"_links":{"self":[{"href":"https:\/\/influencesport.ca\/en\/wp-json\/wp\/v2\/product\/583955","targetHints":{"allow":["GET"]}}],"collection":[{"href":"https:\/\/influencesport.ca\/en\/wp-json\/wp\/v2\/product"}],"about":[{"href":"https:\/\/influencesport.ca\/en\/wp-json\/wp\/v2\/types\/product"}],"wp:featuredmedia":[{"embeddable":true,"href":"https:\/\/influencesport.ca\/en\/wp-json\/wp\/v2\/media\/587956"}],"wp:attachment":[{"href":"https:\/\/influencesport.ca\/en\/wp-json\/wp\/v2\/media?parent=583955"}],"wp:term":[{"taxonomy":"product_brand","embeddable":true,"href":"https:\/\/influencesport.ca\/en\/wp-json\/wp\/v2\/product_brand?post=583955"},{"taxonomy":"product_cat","embeddable":true,"href":"https:\/\/influencesport.ca\/en\/wp-json\/wp\/v2\/product_cat?post=583955"},{"taxonomy":"product_tag","embeddable":true,"href":"https:\/\/influencesport.ca\/en\/wp-json\/wp\/v2\/product_tag?post=583955"}],"curies":[{"name":"wp","href":"https:\/\/api.w.org\/{rel}","templated":true}]}}